{"id":6975,"date":"2020-04-06T10:53:27","date_gmt":"2020-04-06T08:53:27","guid":{"rendered":"https:\/\/rdm.no\/?page_id=6975"},"modified":"2023-04-04T16:18:04","modified_gmt":"2023-04-04T14:18:04","slug":"rdm-podkast-samas","status":"publish","type":"page","link":"https:\/\/rdm.no\/se\/rdm-podkast-samas\/","title":{"rendered":"RDM podkast: guldal olles podkastr\u00e1iddu!"},"content":{"rendered":"<h2>O\u0111\u0111a seso\u014bga &#8220;50 jagi museahistorj\u00e1&#8221; almmuhuvvui 26.11.2022!<\/h2>\n<p>&nbsp;<\/p>\n<h2>4.seso\u014bga <span style=\"color: #ff6600;\">Beass\u00e1\u0161biht\u00e1t almmuhuvvojit dii 07:00<\/span><\/h2>\n<h2><span style=\"color: #ff6600;\">gaskavahku 05.04 ja vuoss\u00e1rgga, nuppi beass\u00e1\u0161beaivve 10.04<\/span><\/h2>\n<p>&nbsp;<\/p>\n<p>Buvttadeaddjit: S\u00e1pmi Media UB nuoraidfitnodat ja RDM &#8211; S\u00e1miid Vuork\u00e1-D\u00e1vvirat \/ museajo\u0111iheaddji Jelena Porsanger.<\/p>\n<p>Buvttaduvvon\u00a0 <a href=\"https:\/\/frittord.no\/nb\/grants\">Fritt Ord Stiftelse<\/a> ja <a href=\"https:\/\/samediggi.no\">S\u00e1medikki<\/a> doarjagiin SVD 50-jagi \u00e1vvosemin\u00e1ra oktavuo\u0111as.<\/p>\n<p>&nbsp;<\/p>\n<h2>Don g\u00e1vnnat min d\u00e1s:<\/h2>\n<p><img loading=\"lazy\" decoding=\"async\" class=\"wp-image-6882 alignleft\" src=\"https:\/\/rdm.no\/wp-content\/uploads\/2020\/03\/radio-ios-7-interface-symbol_318-38576-300x300.jpg\" alt=\"Radio symbol bilde\" width=\"113\" height=\"113\" srcset=\"https:\/\/rdm.no\/wp-content\/uploads\/2020\/03\/radio-ios-7-interface-symbol_318-38576-300x300.jpg 300w, https:\/\/rdm.no\/wp-content\/uploads\/2020\/03\/radio-ios-7-interface-symbol_318-38576-150x150.jpg 150w, https:\/\/rdm.no\/wp-content\/uploads\/2020\/03\/radio-ios-7-interface-symbol_318-38576.jpg 626w\" sizes=\"auto, (max-width: 113px) 100vw, 113px\" \/><\/p>\n<h2><a href=\"https:\/\/anchor.fm\/riddoduottarmuseat\">RDM podkast<\/a><\/h2>\n<p>&nbsp;<\/p>\n<p>&nbsp;<\/p>\n<p>RDM podkasta\u00a0 ovdde\u0161 \u00e1igodagaid 2020-2022 g\u00e1vnnat maidd\u00e1i min kan\u00e1lain Spotify, Youtube, Anchor.<\/p>\n<h2>Podkastr\u00e1iddu birra<\/h2>\n<figure id=\"attachment_7075\" class=\"thumbnail wp-caption alignright\" style=\"max-width: 300px;\">\n    <img loading=\"lazy\" decoding=\"async\" class=\"wp-image-7075 size-medium\" src=\"https:\/\/rdm.no\/wp-content\/uploads\/2020\/04\/Podkast-profilbilde-1-300x300.jpg\" alt=\"kollasjebilde av 4 RDM museer og kunstnagasinet og logo\" width=\"300\" height=\"300\" \/>    <figcaption class=\"caption wp-caption-text\">RDM podkast<\/figcaption>\n<\/figure>\n<p>Bures boahtin museapodkastii \u2013 guldal mii d\u00e1hp\u00e1huvv\u00e1 s\u00e1mi museain, makk\u00e1r pro\u0161eavttaiguin ja f\u00e1tt\u00e1iguin mii bargat. Podkastr\u00e1idu lea RiddoDuottarMuseaid ja s\u00e1mi d\u00e1iddamagasiinna beaivv\u00e1la\u0161 doaimmaid birra.<\/p>\n<p>Podkasta s\u00e1htt\u00e1 vie\u017e\u017eat das: <a href=\"https:\/\/anchor.fm\/riddoduottarmuseat\">Anchor<\/a><span style=\"display: inline !important; float: none; background-color: #ffffff; color: #333333; cursor: text; font-family: Georgia,'Times New Roman','Bitstream Charter',Times,serif; font-size: 16px; font-style: normal; font-variant: normal; font-weight: 400; letter-spacing: normal; orphans: 2; text-align: left; text-decoration: none; text-indent: 0px; text-transform: none; -webkit-text-stroke-width: 0px; white-space: normal; word-spacing: 0px;\">, <\/span><a href=\"https:\/\/open.spotify.com\/show\/7EUrA8slmIV54uKWfBkk36\">Spotify<\/a><span style=\"display: inline !important; float: none; background-color: #ffffff; color: #333333; cursor: text; font-family: Georgia,'Times New Roman','Bitstream Charter',Times,serif; font-size: 16px; font-style: normal; font-variant: normal; font-weight: 400; letter-spacing: normal; orphans: 2; text-align: left; text-decoration: none; text-indent: 0px; text-transform: none; -webkit-text-stroke-width: 0px; white-space: normal; word-spacing: 0px;\"> og <\/span><a href=\"https:\/\/www.youtube.com\/channel\/UCTW8GY-HG8H8oCjRHsp-KVg?\">Youtube<\/a><span style=\"display: inline !important; float: none; background-color: #ffffff; color: #333333; cursor: text; font-family: Georgia,'Times New Roman','Bitstream Charter',Times,serif; font-size: 16px; font-style: normal; font-variant: normal; font-weight: 400; letter-spacing: normal; orphans: 2; text-align: left; text-decoration: none; text-indent: 0px; text-transform: none; -webkit-text-stroke-width: 0px; white-space: normal; word-spacing: 0px;\">.<\/span><\/p>\n<p>RiddoDuottarMuseaid vuoll\u00e1i gullet njeallje s\u00e1mi musea ja s\u00e1mi d\u00e1idda\u010doakk\u00e1ldat, mat leat K\u00e1r\u00e1\u0161jogas, Guovdageainnus, Pors\u00e1\u014bggus ja J\u00e1hkovuonas.<\/p>\n<p><span style=\"display: inline !important; float: none; background-color: #ffffff; color: #333333; cursor: text; font-family: Georgia,'Times New Roman','Bitstream Charter',Times,serif; font-size: 16px; font-style: normal; font-variant: normal; font-weight: 400; letter-spacing: normal; orphans: 2; text-align: left; text-decoration: none; text-indent: 0px; text-transform: none; -webkit-text-stroke-width: 0px; white-space: normal; word-spacing: 0px;\">Luohti museapodkastas: Per Tor Turi.<\/span><\/p>\n<p>Visot podkastbiht\u00e1id g\u00e1vdn\u00e1 maidd\u00e1i d\u00e1s:<\/p>\n<p>Spotify: <a href=\"https:\/\/open.spotify.com\/show\/7EUrA8slmIV54uKWfBkk36\">RiddoDuottarMuseat | Podkast p\u00e5 Spotify<\/a><\/p>\n<p>dahje: RDM YouTube <a href=\"https:\/\/www.youtube.com\/channel\/UCTW8GY-HG8H8oCjRHsp-KVg\">https:\/\/www.youtube.com\/channel\/UCTW8GY-HG8H8oCjRHsp-KVg<\/a><\/p>\n<p>&nbsp;<\/p>\n<h2>3.seso\u014bga<\/h2>\n<p>&nbsp;<\/p>\n<p>2022 lea juo RDM podkastr\u00e1iddu goalmm\u00e1t jahki. D\u00e1n o\u0111\u0111a podkast\u00e1igodagas leat 17 biht\u00e1, mat leat m\u00e1\u014bgga sierra f\u00e1tt\u00e1 birra. O\u0111\u0111a seso\u014bgga podkastpiht\u00e1t leat njealji gillii: s\u00e1me-, kveana-, d\u00e1ro- ja ea\u014bgalasgillii! Ovdamearkka dihtii Kjersti ja Matthew h\u00e1le\u0161teaba ea\u014bgalasgillii musead\u00e1vviriid 3-dimen\u0161un\u00e1la modellerema birra, Riinakaisa ja Jan Daleng s\u00e1gastallaba kveanagillii \u00abKvener i Porsanger\u00bb \u010d\u00e1j\u00e1husa birra. M\u00e1ret Steinfjell muitala M\u00e1ze dokumenta\u0161uvdnabarggus s\u00e1megillii. Bror ja \u00c1ilu h\u00e1le\u0161teaba d\u00e1rogillii vistesuodjalusa birra. D\u00e1id ja m\u00e1\u014bgga ear\u00e1 gelddola\u0161 podkastbiht\u00e1 g\u00e1vnnat d\u00e1s: <a href=\"https:\/\/anchor.fm\/riddoduottarmuseat\">https:\/\/anchor.fm\/riddoduottarmuseat<\/a><\/p>\n<p>3.seso\u014bgga buvttadeaddjit: Anne May Olli ja Kjersti Robertsen<\/p>\n<figure id=\"attachment_7254\" class=\"thumbnail wp-caption alignleft\" style=\"max-width: 143px;\">\n    <img loading=\"lazy\" decoding=\"async\" class=\"wp-image-7254\" src=\"https:\/\/rdm.no\/wp-content\/uploads\/2020\/05\/photocollage_2020527913513912-300x300.png\" alt=\"Kollasjebilde med to kvinner med mikrofon og \u00f8retelefoner\" width=\"143\" height=\"143\" srcset=\"https:\/\/rdm.no\/wp-content\/uploads\/2020\/05\/photocollage_2020527913513912-300x300.png 300w, https:\/\/rdm.no\/wp-content\/uploads\/2020\/05\/photocollage_2020527913513912-1024x1024.png 1024w, https:\/\/rdm.no\/wp-content\/uploads\/2020\/05\/photocollage_2020527913513912-150x150.png 150w, https:\/\/rdm.no\/wp-content\/uploads\/2020\/05\/photocollage_2020527913513912-768x768.png 768w, https:\/\/rdm.no\/wp-content\/uploads\/2020\/05\/photocollage_2020527913513912-1536x1536.png 1536w, https:\/\/rdm.no\/wp-content\/uploads\/2020\/05\/photocollage_2020527913513912.png 1620w\" sizes=\"auto, (max-width: 143px) 100vw, 143px\" \/>    <figcaption class=\"caption wp-caption-text\">Kjersti Robertsen &amp; Jelena Porsanger<\/figcaption>\n<\/figure>\n<p>&nbsp;<\/p>\n<ol>\n<li>ja 2.seso\u014bgga buvttadeaddjit: Kjersti Robertsen ja <span style=\"display: inline !important; float: none; background-color: #ffffff; color: #333333; cursor: text; font-family: Georgia,'Times New Roman','Bitstream Charter',Times,serif; font-size: 16px; font-style: normal; font-variant: normal; font-weight: 400; letter-spacing: normal; orphans: 2; text-align: left; text-decoration: none; text-indent: 0px; text-transform: none; -webkit-text-stroke-width: 0px; white-space: normal; word-spacing: 0px;\">Jelena Porsanger.<\/span><\/li>\n<\/ol>\n<p>&nbsp;<\/p>\n<p>&nbsp;<\/p>\n<p>Mii giitit buohkaid din geat lehpet guldalan d\u00e1n podkast\u00e1igodaga. \u010cuovu mielde: 4.podkast\u00e1igodat lea boa\u0111i-boa\u0111i!<\/p>\n<h2>Don g\u00e1vnnat min d\u00e1s:<\/h2>\n<p><img loading=\"lazy\" decoding=\"async\" class=\"wp-image-6882 alignleft\" src=\"https:\/\/rdm.no\/wp-content\/uploads\/2020\/03\/radio-ios-7-interface-symbol_318-38576-300x300.jpg\" alt=\"Radio symbol bilde\" width=\"113\" height=\"113\" srcset=\"https:\/\/rdm.no\/wp-content\/uploads\/2020\/03\/radio-ios-7-interface-symbol_318-38576-300x300.jpg 300w, https:\/\/rdm.no\/wp-content\/uploads\/2020\/03\/radio-ios-7-interface-symbol_318-38576-150x150.jpg 150w, https:\/\/rdm.no\/wp-content\/uploads\/2020\/03\/radio-ios-7-interface-symbol_318-38576.jpg 626w\" sizes=\"auto, (max-width: 113px) 100vw, 113px\" \/><\/p>\n<h2><a href=\"https:\/\/anchor.fm\/riddoduottarmuseat\">RDM podkast<\/a><\/h2>\n<p>&nbsp;<\/p>\n","protected":false},"excerpt":{"rendered":"<p>Podkastr\u00e1iddu 4.\u00e1igodat &quot;50 jagi museahistorj\u00e1&quot; lea almmuhuvvon! Guldal podkastr\u00e1iddu o\u0111\u0111a seso\u014b\u014ba mas mii muitta\u0161it S\u00e1miid Vuork\u00e1-D\u00e1vviriid historjj\u00e1, musea ja kultur\u00e1rbbi bargiid! R\u00e1iddu s\u00e1htt\u00e1 guldalit d\u00e1s: Spotify, Youtube, Anchor jna.<\/p>\n","protected":false},"author":3,"featured_media":7022,"parent":0,"menu_order":0,"comment_status":"closed","ping_status":"closed","template":"","meta":{"_acf_changed":false,"footnotes":""},"class_list":["post-6975","page","type-page","status-publish","has-post-thumbnail","hentry"],"acf":[],"_links":{"self":[{"href":"https:\/\/rdm.no\/se\/wp-json\/wp\/v2\/pages\/6975","targetHints":{"allow":["GET"]}}],"collection":[{"href":"https:\/\/rdm.no\/se\/wp-json\/wp\/v2\/pages"}],"about":[{"href":"https:\/\/rdm.no\/se\/wp-json\/wp\/v2\/types\/page"}],"author":[{"embeddable":true,"href":"https:\/\/rdm.no\/se\/wp-json\/wp\/v2\/users\/3"}],"replies":[{"embeddable":true,"href":"https:\/\/rdm.no\/se\/wp-json\/wp\/v2\/comments?post=6975"}],"version-history":[{"count":0,"href":"https:\/\/rdm.no\/se\/wp-json\/wp\/v2\/pages\/6975\/revisions"}],"wp:featuredmedia":[{"embeddable":true,"href":"https:\/\/rdm.no\/se\/wp-json\/wp\/v2\/media\/7022"}],"wp:attachment":[{"href":"https:\/\/rdm.no\/se\/wp-json\/wp\/v2\/media?parent=6975"}],"curies":[{"name":"wp","href":"https:\/\/api.w.org\/{rel}","templated":true}]}}