{"id":6583,"date":"2016-02-16T10:45:00","date_gmt":"2016-02-16T09:45:00","guid":{"rendered":"https:\/\/rdm.no\/de_samiske_samlinger\/samlingen\/"},"modified":"2026-02-05T18:25:05","modified_gmt":"2026-02-05T17:25:05","slug":"samlingen","status":"publish","type":"page","link":"https:\/\/rdm.no\/se\/de_samiske_samlinger\/samlingen\/","title":{"rendered":"Vuorkk\u00e1t"},"content":{"rendered":"<div>\n<h3>Museavuorkk\u00e1in leat d\u00e1l\u00e1 \u00e1igge ja kulturhistorjj\u00e1la\u0161 d\u00e1vvirat ja s\u00e1mi d\u00e1idda:<\/h3>\n<\/div>\n<figure id=\"attachment_6194\" class=\"thumbnail wp-caption alignright\" style=\"max-width: 205px;\">\n    <img loading=\"lazy\" decoding=\"async\" class=\"wp-image-6194 size-medium\" src=\"https:\/\/rdm.no\/wp-content\/uploads\/2020\/01\/SVD-205x300.jpg\" alt=\"Kopi av en tromme fra 1600-tallet\" width=\"205\" height=\"300\" srcset=\"https:\/\/rdm.no\/wp-content\/uploads\/2020\/01\/SVD-205x300.jpg 205w, https:\/\/rdm.no\/wp-content\/uploads\/2020\/01\/SVD-701x1024.jpg 701w, https:\/\/rdm.no\/wp-content\/uploads\/2020\/01\/SVD-768x1123.jpg 768w, https:\/\/rdm.no\/wp-content\/uploads\/2020\/01\/SVD-1051x1536.jpg 1051w, https:\/\/rdm.no\/wp-content\/uploads\/2020\/01\/SVD-1401x2048.jpg 1401w, https:\/\/rdm.no\/wp-content\/uploads\/2020\/01\/SVD-scaled.jpg 1751w\" sizes=\"auto, (max-width: 205px) 100vw, 205px\" \/>    <figcaption class=\"caption wp-caption-text\">Paul-\u00c1ndde\/Anders Poulsena goavddis 1692s: kopiija lei duddjon Historjj\u00e1la\u0161 museas Bergenis 1980-logu \u00e1lggus.<\/figcaption>\n<\/figure>\n<div>D\u00e1vvirvuorkk\u00e1s leat sullii\u00a0 5000 d\u00e1vvira, mat leat museavuorkk\u00e1in ja \u010d\u00e1j\u00e1husain.<\/div>\n<div>D\u00e1vvirat leat \u010dohkkejuvvon mieht\u00e1 S\u00e1mi. Musea\u010d\u00e1j\u00e1husain oaidn\u00e1 m\u00e1\u014bgga s\u00e1mi guovllu riikar\u00e1j\u00e1id badjel:<\/div>\n<div>\n<ul>\n<li>\u00c1rbevirola\u0161 s\u00e1mi biktasiid stuorra \u010doakk\u00e1ldat<\/li>\n<li>Duodji ja duodjebargoreaiddut<\/li>\n<li>Bivdu ja bivdorusttegat<\/li>\n<li>Boazodoalu bargoreaiddut<\/li>\n<li>D\u00e1loniid d\u00e1llodoalu bargoreaiddut.<\/li>\n<li>S\u00e1mi osku: Paul-\u00c1ndde\/Anders Poulsena goavd\u00e1sa (1692) kopiija ja sieidegea\u0111gi<\/li>\n<li>Bealljegoahti<\/li>\n<li>Fievrrut: johkafanas, heargi ja geres<\/li>\n<\/ul>\n<\/div>\n<div>\n<h3>Ear\u00e1 d\u00e1vvirat museavuorkk\u00e1in:<\/h3>\n<ul type=\"disc\">\n<li>Kulturhistorjj\u00e1la\u0161 govat, filmmat ja jietnab\u00e1ttit<\/li>\n<\/ul>\n<h3>Museaviseu \u010di\u014baheapmi:<\/h3>\n<p>S\u00e1mi d\u00e1idd\u00e1r Ivvar-Ivvar\/Iver J\u00e5ks \u010di\u014bahiii museavisesu 1972s.<\/p>\n<figure id=\"attachment_6575\" class=\"thumbnail wp-caption alignright\" style=\"max-width: 442px;\">\n    <img loading=\"lazy\" decoding=\"async\" class=\"wp-image-6575\" src=\"https:\/\/rdm.no\/wp-content\/uploads\/2020\/02\/Gudenes_dans_Iver-J\u00e5ks-300x142.jpg\" alt=\"Veggrelieff p\u00e5 De Samiske Samlinger\" width=\"442\" height=\"209\" srcset=\"https:\/\/rdm.no\/wp-content\/uploads\/2020\/02\/Gudenes_dans_Iver-J\u00e5ks-300x142.jpg 300w, https:\/\/rdm.no\/wp-content\/uploads\/2020\/02\/Gudenes_dans_Iver-J\u00e5ks-1024x485.jpg 1024w, https:\/\/rdm.no\/wp-content\/uploads\/2020\/02\/Gudenes_dans_Iver-J\u00e5ks-768x364.jpg 768w, https:\/\/rdm.no\/wp-content\/uploads\/2020\/02\/Gudenes_dans_Iver-J\u00e5ks-1536x728.jpg 1536w, https:\/\/rdm.no\/wp-content\/uploads\/2020\/02\/Gudenes_dans_Iver-J\u00e5ks-2048x970.jpg 2048w\" sizes=\"auto, (max-width: 442px) 100vw, 442px\" \/>    <figcaption class=\"caption wp-caption-text\">&#8220;Ipmiliid d\u00e1nsa&#8221;, Ivv\u00e1r-Ivvar\/Iver J\u00e5ks, 1972<\/figcaption>\n<\/figure>\n<figure id=\"attachment_6578\" class=\"thumbnail wp-caption alignnone\" style=\"max-width: 300px;\">\n    <img loading=\"lazy\" decoding=\"async\" class=\"wp-image-6578\" src=\"https:\/\/rdm.no\/wp-content\/uploads\/2020\/02\/Iver_J\u00e5ks_d\u00f8rhndtak_290517_OCA-300x243.jpg\" alt=\"Messing d\u00e5rh\u00e5ndstak p\u00e5 museet\" width=\"300\" height=\"243\" srcset=\"https:\/\/rdm.no\/wp-content\/uploads\/2020\/02\/Iver_J\u00e5ks_d\u00f8rhndtak_290517_OCA-300x243.jpg 300w, https:\/\/rdm.no\/wp-content\/uploads\/2020\/02\/Iver_J\u00e5ks_d\u00f8rhndtak_290517_OCA.jpg 593w\" sizes=\"auto, (max-width: 300px) 100vw, 300px\" \/>    <figcaption class=\"caption wp-caption-text\">Uksagievja, Ivv\u00e1r-Ivvar\/Iver J\u00e5ks, 1972<\/figcaption>\n<\/figure>\n<\/div>\n<div>\n<h3>Gazaldagat musea vuorkk\u00e1id dahje kulturhistorjj\u00e1la\u0161 govaid, filmmaid ja jietnab\u00e1ttiid birra s\u00e1httet s\u00e1ddejuvvot d\u00e1sa:<\/h3>\n<p><a href=\"mailto:post@rdm.no\">post@rdm.no<\/a><\/p>\n<p>Dahje v\u00e1ldde oktavuo\u0111a konserv\u00e1htor: Paula Rauhala <a href=\"mailto:paula@rdm.no\">paula@rdm.no<\/a><\/p>\n<h3>Olgomusea:<\/h3>\n<ul>\n<li>Olgomuseas leat s\u00e1mi huksehusat ja d\u00e1lut, ee. erenoam\u00e1\u0161 <em>J\u00e1vreb\u00e1inj\u00e1rgga <\/em>d\u00e1llodoallu 1800-logu loahpas, <em>Beaivva\u0161gietti<\/em> duottarstohpu, \u00e1ittit, st\u00e1llat ja <em>goa\u0111it<\/em>. Geasset l\u00e1vvu ceggejuvvo olgomuseai.<\/li>\n<li>Bivdorokkit ovddastit m\u00e1\u014bgga duh\u00e1t jagi boares bivdovuogi goddebivddu v\u00e1r\u00e1s<\/li>\n<li>\n<div class=\"mceTemp\"><\/div>\n<\/li>\n<\/ul>\n<\/div>\n<h1>S\u00e1miid Vuork\u00e1-D\u00e1vvirat almmuhit die\u0111uid vuorkk\u00e1id birra Digitalt Museum -datab\u00e1sas:<\/h1>\n<div>RiddoDuottarMuseat almmuhit osiid ie\u017easet vuorkk\u00e1in d\u00e1s: <a href=\"https:\/\/digitaltmuseum.no\/search?owner_filter=RDM&amp;query=riddoduottarmuseat\" target=\"_blank\" rel=\"noopener noreferrer\">Digitalt Museum<\/a>.<\/div>\n<div>S\u00e1miid Vuork\u00e1-D\u00e1vvirat leat 2020 gi\u0111a bargamin vuorkk\u00e1id almmuhemiin.<\/div>\n<div><\/div>\n<div>Jus leat jearaldagat govaid oastimis mat g\u00e1vdnojit Digitalt Museum datab\u00e1sas, v\u00e1ldde oktavuo\u0111a: <a href=\"mailto:post@rdm.no\" target=\"_blank\" rel=\"noopener noreferrer\">post@rdm.no<\/a><\/div>\n<p>&nbsp;<\/p>\n","protected":false},"excerpt":{"rendered":"<p>SVD h\u00e1ldda\u0161a birrasii 5000 d\u00e1vvira. D\u00e1t lea Norgga stuor\u00e1mus s\u00e1mi kulturhistorjj\u00e1la\u0161 \u010doakk\u00e1ldat. Museas beass\u00e1 oahp\u00e1smuvvat s\u00e1mi historj\u00e1i, \u00e1rbevieruide ja b\u00e1ikegottiide, huksenm\u00e1lliide ja \u00e1rbevirola\u0161 huksenteknihkaide, eal\u00e1husaide, duodj\u00e1i ja d\u00e1idagii, religiovdnii ja vuoi\u014b\u014bala\u0161vuhtii, \u00e1rbevirola\u0161 m\u00e1httui ja kultuvrra girj\u00e1ivuhtii riddoguovllus siseatnamii.<\/p>\n","protected":false},"author":7,"featured_media":0,"parent":6230,"menu_order":5,"comment_status":"closed","ping_status":"closed","template":"","meta":{"_acf_changed":false,"footnotes":""},"class_list":["post-6583","page","type-page","status-publish","hentry"],"acf":[],"_links":{"self":[{"href":"https:\/\/rdm.no\/se\/wp-json\/wp\/v2\/pages\/6583","targetHints":{"allow":["GET"]}}],"collection":[{"href":"https:\/\/rdm.no\/se\/wp-json\/wp\/v2\/pages"}],"about":[{"href":"https:\/\/rdm.no\/se\/wp-json\/wp\/v2\/types\/page"}],"author":[{"embeddable":true,"href":"https:\/\/rdm.no\/se\/wp-json\/wp\/v2\/users\/7"}],"replies":[{"embeddable":true,"href":"https:\/\/rdm.no\/se\/wp-json\/wp\/v2\/comments?post=6583"}],"version-history":[{"count":0,"href":"https:\/\/rdm.no\/se\/wp-json\/wp\/v2\/pages\/6583\/revisions"}],"up":[{"embeddable":true,"href":"https:\/\/rdm.no\/se\/wp-json\/wp\/v2\/pages\/6230"}],"wp:attachment":[{"href":"https:\/\/rdm.no\/se\/wp-json\/wp\/v2\/media?parent=6583"}],"curies":[{"name":"wp","href":"https:\/\/api.w.org\/{rel}","templated":true}]}}