{"id":6309,"date":"2016-02-16T10:42:12","date_gmt":"2016-02-16T09:42:12","guid":{"rendered":"https:\/\/rdm.no\/kautokeino_bygdetun\/"},"modified":"2025-12-08T14:26:55","modified_gmt":"2025-12-08T13:26:55","slug":"kautokeino_bygdetun","status":"publish","type":"page","link":"https:\/\/rdm.no\/se\/kautokeino_bygdetun\/","title":{"rendered":"Guovdageainnu gili\u0161illju"},"content":{"rendered":"<h1>Guovdageainnu gili\u0161illju<\/h1>\n<div>\n<div style=\"line-height: 20.8px;\">\n<p><strong>Telefuvdna<\/strong> +47 406 13 183 \/+47 481 17 266<br \/>\n<strong>E-poasta<\/strong> <a href=\"mailto:rdm-kauto@rdm.no\">rdm-kauto@rdm.no<\/a><\/p>\n<p><strong>\u010cujuhus<\/strong> Boaronj\u00e1rga 23, 9520 Guovdageaidnu \u2013 Kautokeino<\/p>\n<p>&nbsp;<\/p>\n<p><strong style=\"font-size: 1rem;\">R<\/strong><strong style=\"font-size: 1rem;\">ahpan\u00e1iggit juovllaid<\/strong><\/p>\n<p>Gitta 24.12.25-02.01.26<\/p>\n<p>&nbsp;<\/p>\n<p><strong style=\"font-size: 1rem;\">R<\/strong><strong style=\"font-size: 1rem;\">ahpan\u00e1iggit \u010cav\u010d\u010dar\u00e1jis gi\u0111\u0111ii<\/strong><\/p>\n<\/div>\n<p>Distat-Bearjadat\u00a0 \u00a0 \u00a0 \u00a0 \u00a0 \u00a0 \u00a0 \u00a0 \u00a009:00 &#8211; 15:00<br \/>\nL\u00e1vvordat-M\u00e1nnodat\u00a0 \u00a0 \u00a0 \u00a0 Gitta<\/p>\n<\/div>\n<p>&nbsp;<\/p>\n<div>\n<p>&nbsp;<\/p>\n<div style=\"line-height: 20.8px;\">\n<p><strong>Haddi<\/strong><\/p>\n<ul>\n<li>R\u00e1visolbmot Nok 150<\/li>\n<li>Studeantta &#8211; Peansjonista Nok 90<\/li>\n<li>Beara\u0161 Nok 250<\/li>\n<li>M\u00e1n\u00e1ide vuollel 15 jagi lea nuvtt\u00e1<\/li>\n<li>Joavku mas unnimus 10 olbmo NOK 90 juohke olbmui<\/li>\n<\/ul>\n<\/div>\n<p>Oktasa\u0161billeahtta buot RDM museaide<\/p>\n<ul>\n<li>R\u00e1visolbmot Nok 300<\/li>\n<li>Studeantta &#8211; Peansjonista Nok 200<\/li>\n<li>Beara\u0161 Nok 500<\/li>\n<li>Joavku mas unnimus 10 olbmo Nok 180 juohke olbmui<\/li>\n<\/ul>\n<div style=\"line-height: 20.8px;\">\n<div><\/div>\n<\/div>\n<\/div>\n<p><!--more--><\/p>\n<p><!--more--><\/p>\n","protected":false},"excerpt":{"rendered":"<p>Guovdageainnu gili\u0161illju Telefuvdna +47 406 13 183 \/+47 481 17 266 E-poasta rdm-kauto@rdm.no \u010cujuhus Boaronj\u00e1rga 23, 9520 Guovdageaidnu \u2013 Kautokeino &nbsp; Rahpan\u00e1iggit juovllaid Gitta 24.12.25-02.01.26 &nbsp; Rahpan\u00e1iggit \u010cav\u010d\u010dar\u00e1jis gi\u0111\u0111ii Distat-Bearjadat\u00a0 \u00a0 \u00a0 \u00a0 \u00a0 \u00a0 \u00a0 \u00a0 \u00a009:00 &#8211; 15:00 L\u00e1vvordat-M\u00e1nnodat\u00a0 \u00a0 \u00a0 \u00a0 Gitta &nbsp; &nbsp; Haddi R\u00e1visolbmot Nok 150 Studeantta &#8211; Peansjonista Nok [&hellip;]<\/p>\n","protected":false},"author":7,"featured_media":5962,"parent":0,"menu_order":0,"comment_status":"closed","ping_status":"closed","template":"","meta":{"_acf_changed":false,"footnotes":""},"class_list":["post-6309","page","type-page","status-publish","has-post-thumbnail","hentry"],"acf":[],"_links":{"self":[{"href":"https:\/\/rdm.no\/se\/wp-json\/wp\/v2\/pages\/6309","targetHints":{"allow":["GET"]}}],"collection":[{"href":"https:\/\/rdm.no\/se\/wp-json\/wp\/v2\/pages"}],"about":[{"href":"https:\/\/rdm.no\/se\/wp-json\/wp\/v2\/types\/page"}],"author":[{"embeddable":true,"href":"https:\/\/rdm.no\/se\/wp-json\/wp\/v2\/users\/7"}],"replies":[{"embeddable":true,"href":"https:\/\/rdm.no\/se\/wp-json\/wp\/v2\/comments?post=6309"}],"version-history":[{"count":0,"href":"https:\/\/rdm.no\/se\/wp-json\/wp\/v2\/pages\/6309\/revisions"}],"wp:featuredmedia":[{"embeddable":true,"href":"https:\/\/rdm.no\/se\/wp-json\/wp\/v2\/media\/5962"}],"wp:attachment":[{"href":"https:\/\/rdm.no\/se\/wp-json\/wp\/v2\/media?parent=6309"}],"curies":[{"name":"wp","href":"https:\/\/api.w.org\/{rel}","templated":true}]}}