{"id":6295,"date":"2016-02-16T10:43:24","date_gmt":"2016-02-16T09:43:24","guid":{"rendered":"https:\/\/rdm.no\/kokelv_sjosamiske_museum\/"},"modified":"2025-02-21T13:22:49","modified_gmt":"2025-02-21T12:22:49","slug":"kokelv_sjosamiske_museum","status":"publish","type":"page","link":"https:\/\/rdm.no\/se\/kokelv_sjosamiske_museum\/","title":{"rendered":"J\u00e1hkovuona mearras\u00e1mi musea \u2013 Kokelv sj\u00f8samiske museum"},"content":{"rendered":"<p>Musea vistti lea mearras\u00e1mi d\u00e1llu, mas lea n\u00e1vet ja \u00e1iti \u0161iljus. Musea lea Goavkejoga lahka. \u0160iljus lea v\u00e1rddus vuona guvlui, das oaidn\u00e1 min o\u0111\u0111a stuora n\u00e1vstte mearrag\u00e1ttis ja das oidno maid oassi min searvve n\u00e1vsttes gos min fanas\u010doakk\u00e1ldat lea.<\/p>\n<figure id=\"attachment_10058\" class=\"thumbnail wp-caption alignnone\" style=\"max-width: 2560px;\">\n    <img loading=\"lazy\" decoding=\"async\" class=\"size-full wp-image-10058\" src=\"https:\/\/rdm.no\/wp-content\/uploads\/2022\/05\/DJI_0088-HDR-1-scaled.jpg\" alt=\"N\" width=\"2560\" height=\"1543\" srcset=\"https:\/\/rdm.no\/wp-content\/uploads\/2022\/05\/DJI_0088-HDR-1-scaled.jpg 2560w, https:\/\/rdm.no\/wp-content\/uploads\/2022\/05\/DJI_0088-HDR-1-300x181.jpg 300w, https:\/\/rdm.no\/wp-content\/uploads\/2022\/05\/DJI_0088-HDR-1-1024x617.jpg 1024w, https:\/\/rdm.no\/wp-content\/uploads\/2022\/05\/DJI_0088-HDR-1-768x463.jpg 768w, https:\/\/rdm.no\/wp-content\/uploads\/2022\/05\/DJI_0088-HDR-1-1536x926.jpg 1536w, https:\/\/rdm.no\/wp-content\/uploads\/2022\/05\/DJI_0088-HDR-1-2048x1234.jpg 2048w\" sizes=\"auto, (max-width: 2560px) 100vw, 2560px\" \/>    <figcaption class=\"caption wp-caption-text\">Nill\u00e1dallu<\/figcaption>\n<\/figure>\n<p><strong>Musea lea rabas geasset !<br \/>\n<\/strong>J\u00e1hkovuona musea lea rabas geassem\u00e1nu 14. B.- borgem\u00e1nu 14.b, disdagas sotnabeaiv\u00e1i, dii 11-17\u010cujuhus: Kokelvveien 55, 9715 Kokelv<br \/>\nBures boahtin!<\/p>\n<p><strong>Haddi<br \/>\n<\/strong>R\u00e1visolbmui: NOK 50<br \/>\nStudeantta\/pensionistta: NOK 40<br \/>\nM\u00e1n\u00e1t vuollel 15 jagi: Nuvtt\u00e1<br \/>\nJoavkkut, eambbo go 10 olbmo: NOK 40<br \/>\n<img loading=\"lazy\" decoding=\"async\" class=\"alignnone size-full wp-image-10061\" src=\"https:\/\/rdm.no\/wp-content\/uploads\/2022\/05\/DJI_0979-HDRutsnitt-scaled.jpg\" alt=\"Dron\" width=\"2560\" height=\"1525\" srcset=\"https:\/\/rdm.no\/wp-content\/uploads\/2022\/05\/DJI_0979-HDRutsnitt-scaled.jpg 2560w, https:\/\/rdm.no\/wp-content\/uploads\/2022\/05\/DJI_0979-HDRutsnitt-300x179.jpg 300w, https:\/\/rdm.no\/wp-content\/uploads\/2022\/05\/DJI_0979-HDRutsnitt-1024x610.jpg 1024w, https:\/\/rdm.no\/wp-content\/uploads\/2022\/05\/DJI_0979-HDRutsnitt-768x457.jpg 768w, https:\/\/rdm.no\/wp-content\/uploads\/2022\/05\/DJI_0979-HDRutsnitt-1536x915.jpg 1536w, https:\/\/rdm.no\/wp-content\/uploads\/2022\/05\/DJI_0979-HDRutsnitt-2048x1220.jpg 2048w\" sizes=\"auto, (max-width: 2560px) 100vw, 2560px\" \/><\/p>\n<p><strong>Rabas du\u0161\u0161o geasset<br \/>\n<\/strong>Min museas leat d\u00e1b\u00e1la\u0161 rahpan\u00e1iggit geasset, geassem\u00e1nu gaskamuttus borgem\u00e1nu gaskamuddui. Lea vejola\u0161 galledit ear\u00e1 \u00e1igodagaid maid, de ferte ovdagihtii jearrat museahoavddas.<\/p>\n<p><strong>Min g\u00e1vnnat Instagramas!<br \/>\n<\/strong>\u010cuovo min <a href=\"https:\/\/www.instagram.com\/kokelvsjosamiskemuseum\">Instagramas<\/a> vai oainn\u00e1t mii d\u00e1ppe d\u00e1hp\u00e1huvv\u00e1. Mii gaskkustit digit\u00e1lala\u010d\u010dat muhtin d\u00e1vviriid Instagramas.<\/p>\n<p>J\u00e1hkovuona gili, J\u00e1hkovuona mearras\u00e1mi musea, Nill\u00e1 d\u00e1llodoalu ja n\u00e1vsttuid dronavideo.<\/p>\n<div class=\"entry-content-asset\">\n    <iframe loading=\"lazy\" title=\"Kokelv Sj\u00f8samiske Museum fra lufta\" width=\"500\" height=\"281\" src=\"https:\/\/www.youtube.com\/embed\/a8j1EC_OSpc?feature=oembed\" frameborder=\"0\" allow=\"accelerometer; autoplay; clipboard-write; encrypted-media; gyroscope; picture-in-picture; web-share\" referrerpolicy=\"strict-origin-when-cross-origin\" allowfullscreen><\/iframe><\/div>\n","protected":false},"excerpt":{"rendered":"<p>Bures boahtin J\u00e1hkovuona museai!<\/p>\n","protected":false},"author":7,"featured_media":10078,"parent":0,"menu_order":0,"comment_status":"closed","ping_status":"closed","template":"","meta":{"_acf_changed":false,"footnotes":""},"class_list":["post-6295","page","type-page","status-publish","has-post-thumbnail","hentry"],"acf":[],"_links":{"self":[{"href":"https:\/\/rdm.no\/se\/wp-json\/wp\/v2\/pages\/6295","targetHints":{"allow":["GET"]}}],"collection":[{"href":"https:\/\/rdm.no\/se\/wp-json\/wp\/v2\/pages"}],"about":[{"href":"https:\/\/rdm.no\/se\/wp-json\/wp\/v2\/types\/page"}],"author":[{"embeddable":true,"href":"https:\/\/rdm.no\/se\/wp-json\/wp\/v2\/users\/7"}],"replies":[{"embeddable":true,"href":"https:\/\/rdm.no\/se\/wp-json\/wp\/v2\/comments?post=6295"}],"version-history":[{"count":0,"href":"https:\/\/rdm.no\/se\/wp-json\/wp\/v2\/pages\/6295\/revisions"}],"wp:featuredmedia":[{"embeddable":true,"href":"https:\/\/rdm.no\/se\/wp-json\/wp\/v2\/media\/10078"}],"wp:attachment":[{"href":"https:\/\/rdm.no\/se\/wp-json\/wp\/v2\/media?parent=6295"}],"curies":[{"name":"wp","href":"https:\/\/api.w.org\/{rel}","templated":true}]}}