{"id":6261,"date":"2016-02-16T10:44:11","date_gmt":"2016-02-16T09:44:11","guid":{"rendered":"https:\/\/rdm.no\/samisk_kunstmagasin\/"},"modified":"2026-04-14T14:02:24","modified_gmt":"2026-04-14T12:02:24","slug":"samisk_kunstmagasin","status":"publish","type":"page","link":"https:\/\/rdm.no\/se\/samisk_kunstmagasin\/","title":{"rendered":"S\u00e1mi D\u00e1iddamagasiidna"},"content":{"rendered":"<p>S\u00e1mi D\u00e1iddamagasiidna \u2013 Samisk Kunstmagasin<\/p>\n<p><strong>Tel\u00a0 408 59 401\/ 784 69 950<br \/>\n<\/strong><strong>\u0160lea\u0111gapoasta:<\/strong><strong>\u00a0<a href=\"mailto:post@rdm.no\">post@rdm.no<\/a><\/strong><\/p>\n<p><strong>\u010cujuhus:<\/strong><strong> Poastaboksa 143 N-9735 K\u00e1r\u00e1\u0161johka\/Karasjok<\/strong><\/p>\n<p><strong>\u010cujuhus:<\/strong><strong> Jeagilv\u00e1rm\u00e1\u0111ii 54,<\/strong>\u00a0<em>(<\/em><em>ovdde\u0161 suodjalusvistti<\/em><em>)<\/em>\u00a0<strong>Svenskebakken<\/strong><\/p>\n<p><strong>K\u00e1rta<\/strong>\u00a0<a href=\"https:\/\/www.google.no\/maps\/dir\/69.4569701,25.5149048\/@69.4562308,25.5163498,17z\/data=!4m2!4m1!3e0\">Kart<\/a>\u00a0(link)<\/p>\n<p>RiddoDuottarMuseat h\u00e1ldda\u0161a ja vurkkoda m\u00e1ilmmi stuor\u00e1mus s\u00e1mi d\u00e1l\u00e1\u00e1iggi d\u00e1idda\u010doakk\u00e1ldaga ja d\u00e1iddaduoji s\u00e1mi d\u00e1iddamagasiinnas<em>.<\/em> \u010coakk\u00e1ldagas leat sullii 1600 d\u00e1idaga. S\u00e1mi d\u00e1l\u00e1\u00e1igged\u00e1idaga ja d\u00e1iddaduoji gaskkustit S\u00e1medikkis, Iver J\u00e5ks lanjas S\u00e1miid Vuork\u00e1-D\u00e1vvirat \/ De Samiske Samlinger, Pors\u00e1\u014bggu musea D\u00e1iddaarenas Leavnnja guovdd\u00e1\u017eis ja Guovdageainnu gili\u0161iljus. S\u00e1mi d\u00e1l\u00e1\u00e1iggi d\u00e1idaga gaskkustit maid johtti\u010d\u00e1j\u00e1husain Norggas ja olgoriikkas, mu\u0111ui luoikat d\u00e1idagiid olgguldas gaskkustanpro\u0161eavttaide.<\/p>\n<p>S\u00e1mi d\u00e1l\u00e1\u00e1iggi d\u00e1idda ja d\u00e1iddaduoji \u010doakk\u00e1ldat lass\u00e1na jahk\u00e1sa\u010d\u010dat ja lea S\u00e1medikki d\u00e1iddaoastinortnet mii oast\u00e1 d\u00e1idaga. D\u00e1iddaoastinortnegis \u010dohkk\u00e1jit l\u00e1htut maid <a href=\"https:\/\/samidaiddar.no\">S\u00e1miid D\u00e1idda\u010dehpiidsearvi\/Samisk kunstnerforbund<\/a> lea nammadan.<\/p>\n<p>&nbsp;<\/p>\n<h3><strong>Bargit<\/strong><\/h3>\n<p><strong>Per Asle Sara<\/strong><\/p>\n<p><i><span data-ogsc=\"rgb(51, 51, 51)\" data-olk-copy-source=\"MessageBody\">Ossodatjo<\/span><\/i><i><span data-ogsc=\"rgb(51, 51, 51)\">\u0111iheadji<br \/>\n<\/span><\/i>Oktavuohtadie\u0111ut:<br \/>\n<i>per.asle@rdm.no<br \/>\n<\/i>+47 408 59 401<\/p>\n<p><strong>Ulrikke Marie Strandli<\/strong><\/p>\n<p><i><span data-ogsc=\"rgb(51, 51, 51)\" data-olk-copy-source=\"MessageBody\">\u010coakk\u00e1ldathaldda\u0161eaddji\u00a0<\/span><\/i><i><span data-ogsc=\"rgb(51, 51, 51)\"><br \/>\n<\/span><\/i>Oktavuohtadie\u0111ut:<br \/>\n<i>ulrikke@rdm.no<br \/>\n<\/i>+47 462 83 213<\/p>\n<p><strong>Pablo Barrera<\/strong><\/p>\n<p><i><span data-ogsc=\"rgb(51, 51, 51)\" data-olk-copy-source=\"MessageBody\">Kur\u00e1htor<\/span><\/i><i><span data-ogsc=\"rgb(51, 51, 51)\"><br \/>\n<\/span><\/i>Oktavuohtadie\u0111ut:<br \/>\n<i>pablo@rdm.no<\/i><\/p>\n","protected":false},"excerpt":{"rendered":"<p>S\u00e1mi D\u00e1iddamagasiidna \u2013 Samisk Kunstmagasin Tel\u00a0 408 59 401\/ 784 69 950 \u0160lea\u0111gapoasta:\u00a0post@rdm.no \u010cujuhus: Poastaboksa 143 N-9735 K\u00e1r\u00e1\u0161johka\/Karasjok \u010cujuhus: Jeagilv\u00e1rm\u00e1\u0111ii 54,\u00a0(ovdde\u0161 suodjalusvistti)\u00a0Svenskebakken K\u00e1rta\u00a0Kart\u00a0(link) RiddoDuottarMuseat h\u00e1ldda\u0161a ja vurkkoda m\u00e1ilmmi stuor\u00e1mus s\u00e1mi d\u00e1l\u00e1\u00e1iggi d\u00e1idda\u010doakk\u00e1ldaga ja d\u00e1iddaduoji s\u00e1mi d\u00e1iddamagasiinnas. \u010coakk\u00e1ldagas leat sullii 1600 d\u00e1idaga. S\u00e1mi d\u00e1l\u00e1\u00e1igged\u00e1idaga ja d\u00e1iddaduoji gaskkustit S\u00e1medikkis, Iver J\u00e5ks lanjas S\u00e1miid Vuork\u00e1-D\u00e1vvirat \/ De Samiske [&hellip;]<\/p>\n","protected":false},"author":7,"featured_media":4463,"parent":0,"menu_order":0,"comment_status":"closed","ping_status":"closed","template":"","meta":{"_acf_changed":false,"footnotes":""},"class_list":["post-6261","page","type-page","status-publish","has-post-thumbnail","hentry"],"acf":[],"_links":{"self":[{"href":"https:\/\/rdm.no\/se\/wp-json\/wp\/v2\/pages\/6261","targetHints":{"allow":["GET"]}}],"collection":[{"href":"https:\/\/rdm.no\/se\/wp-json\/wp\/v2\/pages"}],"about":[{"href":"https:\/\/rdm.no\/se\/wp-json\/wp\/v2\/types\/page"}],"author":[{"embeddable":true,"href":"https:\/\/rdm.no\/se\/wp-json\/wp\/v2\/users\/7"}],"replies":[{"embeddable":true,"href":"https:\/\/rdm.no\/se\/wp-json\/wp\/v2\/comments?post=6261"}],"version-history":[{"count":2,"href":"https:\/\/rdm.no\/se\/wp-json\/wp\/v2\/pages\/6261\/revisions"}],"predecessor-version":[{"id":13397,"href":"https:\/\/rdm.no\/se\/wp-json\/wp\/v2\/pages\/6261\/revisions\/13397"}],"wp:featuredmedia":[{"embeddable":true,"href":"https:\/\/rdm.no\/se\/wp-json\/wp\/v2\/media\/4463"}],"wp:attachment":[{"href":"https:\/\/rdm.no\/se\/wp-json\/wp\/v2\/media?parent=6261"}],"curies":[{"name":"wp","href":"https:\/\/api.w.org\/{rel}","templated":true}]}}