{"id":6230,"date":"2016-02-16T10:41:32","date_gmt":"2016-02-16T09:41:32","guid":{"rendered":"https:\/\/rdm.no\/de_samiske_samlinger\/"},"modified":"2026-02-05T18:16:36","modified_gmt":"2026-02-05T17:16:36","slug":"de_samiske_samlinger","status":"publish","type":"page","link":"https:\/\/rdm.no\/se\/de_samiske_samlinger\/","title":{"rendered":"S\u00e1miid Vuork\u00e1-D\u00e1vvirat"},"content":{"rendered":"<h2><strong>Rahpan\u00e1iggit<\/strong><\/h2>\n<p>&nbsp;<\/p>\n<h2><span data-olk-copy-source=\"MessageBody\">Musea lea gitta golggotm<\/span><span lang=\"I-SAMI-NO\">\u00e1nu 28. 2025 r\u00e1jes. Musea lea sirdimin <\/span>\u010doakk\u00e1ldagaid\u00a0<span lang=\"I-SAMI-NO\">o\u0111\u0111a vuork\u00e1i. \u010cuovo min neahttasiidduin o\u0111\u0111asiid. Gulaskudde lasi min resep\u0161uvnnain: <\/span><a title=\"mailto:post@rdm.no\" href=\"mailto:post@rdm.no\" data-linkindex=\"2\"><span lang=\"I-SAMI-NO\">post@rdm.no<\/span><\/a><\/h2>\n<p>&nbsp;<\/p>\n<h2><strong>Sisabeassan bileahtat<br \/>\n<\/strong><\/h2>\n<ul>\n<li>Ollesolbmot NOK 150<\/li>\n<li>Studeanttat ja pen\u0161unisttat\u00a0 NOK 90<\/li>\n<li>M\u00e1n\u00e1t vuollel 15 jagi: nuvtt\u00e1<\/li>\n<li>Joavkkut (unnimust\u00e1 10 olbmo): NOK 90\/guossi<\/li>\n<\/ul>\n<p>&nbsp;<\/p>\n<h2><strong>\u010c\u00e1j\u00e1hus\u00ab<a href=\"\/se\/ny-utstilling-med-blikk-for-det-samiske\/\">\u00c1ICCAI S\u00c1MI:<\/a><br \/>\nAlan Borvo poastakoarta \u010doakk\u00e1ldat\u00bb<\/strong><\/h2>\n<p>&nbsp;<\/p>\n<figure id=\"attachment_12388\" class=\"thumbnail wp-caption alignleft\" style=\"max-width: 1024px;\">\n    <img loading=\"lazy\" decoding=\"async\" class=\"size-large wp-image-12388\" src=\"https:\/\/rdm.no\/wp-content\/uploads\/2024\/03\/Hovedbilde-fra-PEM-BOR-00001-1024x676.jpg\" alt=\"Et gammelt postkort med motiv av lavvo og mennesker i samiske kl\u00e6r\" width=\"1024\" height=\"676\" srcset=\"https:\/\/rdm.no\/wp-content\/uploads\/2024\/03\/Hovedbilde-fra-PEM-BOR-00001-1024x676.jpg 1024w, https:\/\/rdm.no\/wp-content\/uploads\/2024\/03\/Hovedbilde-fra-PEM-BOR-00001-300x198.jpg 300w, https:\/\/rdm.no\/wp-content\/uploads\/2024\/03\/Hovedbilde-fra-PEM-BOR-00001-768x507.jpg 768w, https:\/\/rdm.no\/wp-content\/uploads\/2024\/03\/Hovedbilde-fra-PEM-BOR-00001-1536x1014.jpg 1536w, https:\/\/rdm.no\/wp-content\/uploads\/2024\/03\/Hovedbilde-fra-PEM-BOR-00001-2048x1352.jpg 2048w\" sizes=\"auto, (max-width: 1024px) 100vw, 1024px\" \/>    <figcaption class=\"caption wp-caption-text\">Poastakoarta\u00a0 Alan Borvo-\u010doakk\u00e1ldagas.<\/figcaption>\n<\/figure>\n<div data-offset-key=\"1vtcu-0-0\">\n<h3 data-block=\"true\" data-offset-key=\"4e5il-0-0\" data-editor=\"7lrgp\"><strong>Joavkkuid ofelastima musea\u010d\u00e1j\u00e1husain berre di\u014bgot ovddalgihtii.<\/strong><\/h3>\n<h3><strong>Joavkkuide ja joavkodi\u014bgojumiide rahpan\u00e1iggiid olggobealdde, v\u00e1ldde oktavuo \u0161iehtadit oahpisteami museas:<\/strong> Tlf.: (+47) 784 69 950 \/ (+47) 406 11 821 dahje s\u00e1dde epoastta <a style=\"font-size: 1rem;\">post@rdm.no<\/a><\/h3>\n<div>\n<p>&nbsp;<\/p>\n<p><span style=\"font-size: 1rem;\">\u010cuovu o\u0111\u0111asiid rahpan\u00e1iggiid birra min ruovtusiiddus ja facebook-siiddus<\/span><\/p>\n<\/div>\n<h4 data-offset-key=\"dt3s1-0-0\">Bures boahtin!<\/h4>\n<p>&nbsp;<\/p>\n<h2 data-block=\"true\" data-offset-key=\"4e5il-0-0\" data-editor=\"7lrgp\">OLGOMUSEA<\/h2>\n<figure id=\"attachment_7668\" class=\"thumbnail wp-caption alignnone\" style=\"max-width: 216px;\">\n    <img loading=\"lazy\" decoding=\"async\" class=\"wp-image-7668 size-medium\" src=\"https:\/\/rdm.no\/wp-content\/uploads\/2020\/08\/Njalla-Postkort-216x300.jpg\" alt=\"Samisk stolpebod\" width=\"216\" height=\"300\" srcset=\"https:\/\/rdm.no\/wp-content\/uploads\/2020\/08\/Njalla-Postkort-216x300.jpg 216w, https:\/\/rdm.no\/wp-content\/uploads\/2020\/08\/Njalla-Postkort-737x1024.jpg 737w, https:\/\/rdm.no\/wp-content\/uploads\/2020\/08\/Njalla-Postkort-768x1067.jpg 768w, https:\/\/rdm.no\/wp-content\/uploads\/2020\/08\/Njalla-Postkort-1106x1536.jpg 1106w, https:\/\/rdm.no\/wp-content\/uploads\/2020\/08\/Njalla-Postkort-1475x2048.jpg 1475w, https:\/\/rdm.no\/wp-content\/uploads\/2020\/08\/Njalla-Postkort.jpg 1633w\" sizes=\"auto, (max-width: 216px) 100vw, 216px\" \/>    <figcaption class=\"caption wp-caption-text\">Njalla boares poastakoarttas<\/figcaption>\n<\/figure>\n<\/div>\n<div data-offset-key=\"1vtcu-0-0\">\n<div data-block=\"true\" data-offset-key=\"dt3s1-0-0\" data-editor=\"7lrgp\">\n<div data-offset-key=\"dt3s1-0-0\">\n<div data-block=\"true\" data-offset-key=\"4e5il-0-0\" data-editor=\"7lrgp\">\n<div data-offset-key=\"4e5il-0-0\"><\/div>\n<\/div>\n<\/div>\n<\/div>\n<\/div>\n<p>&nbsp;<\/p>\n<div>\n<p class=\"MsoNormal\"><b><span style=\"font-size: 120%; line-height: 1.6em;\">MUSEA lea nuvtt\u00e1 b\u00e1ikki olbmuide. <\/span><\/b><\/p>\n<div>\n<p>Joavkkut geain leat \u0161iehtadusat dahkkon jagi 2022 hattiid vuo\u0111ul, leat f\u00e1mus golggotm\u00e1nu 1. beaivvi r\u00e1dj\u00e1i. Dan ma\u014b\u014b\u00e1 \u0161iehtadusat dahkkojit o\u0111\u0111a hattiid vuo\u0111ul (geah\u010da hattiid d\u00e1s baj\u00e1bealde).<\/p>\n<\/div>\n<\/div>\n<div><a style=\"font-size: 120%; line-height: 1.6em;\" href=\"https:\/\/www.google.no\/maps\/dir\/\/S%C3%A1miid+Vuork%C3%A1-D%C3%A1vvirat+%2F+The+Sami+Collections,+Mari+Boine+Geaidnu+17,+9730+Karasjok\/@69.4734139,25.517879,17z\/data=!4m8!4m7!1m0!1m5!1m1!1s0x45ce82672cf2cf1f:0xa5fb4e971f3853!2m2!1d25.520073!2d69.473412\" target=\"_blank\" rel=\"noopener noreferrer\">D\u00e1ppe g\u00e1vnnat min<\/a><\/div>\n","protected":false},"excerpt":{"rendered":"<p>S\u00e1miid Vuork\u00e1-D\u00e1vvirat lea s\u00e1mi kulturhistorjj\u00e1la\u0161 musea mii \u00e1vvudii 50 jagi diibm\u00e1, 2022! Museas leat birrasii 5000 d\u00e1vvira. D\u00e1t lea stuor\u00e1mus s\u00e1mi kulturhistorjj\u00e1la\u0161 museavuork\u00e1 Norgga bealde. Museai gullet v\u00e1ldoviessu ja olgomusea. S\u00e1miid Vuork\u00e1-D\u00e1vvirat musea lei \u00e1sahuvvon 1972s vuosttas s\u00e1mi kultur\u00e1sahussan Norgga bealde.<\/p>\n","protected":false},"author":7,"featured_media":5957,"parent":0,"menu_order":0,"comment_status":"closed","ping_status":"closed","template":"","meta":{"_acf_changed":false,"footnotes":""},"class_list":["post-6230","page","type-page","status-publish","has-post-thumbnail","hentry"],"acf":[],"_links":{"self":[{"href":"https:\/\/rdm.no\/se\/wp-json\/wp\/v2\/pages\/6230","targetHints":{"allow":["GET"]}}],"collection":[{"href":"https:\/\/rdm.no\/se\/wp-json\/wp\/v2\/pages"}],"about":[{"href":"https:\/\/rdm.no\/se\/wp-json\/wp\/v2\/types\/page"}],"author":[{"embeddable":true,"href":"https:\/\/rdm.no\/se\/wp-json\/wp\/v2\/users\/7"}],"replies":[{"embeddable":true,"href":"https:\/\/rdm.no\/se\/wp-json\/wp\/v2\/comments?post=6230"}],"version-history":[{"count":0,"href":"https:\/\/rdm.no\/se\/wp-json\/wp\/v2\/pages\/6230\/revisions"}],"wp:featuredmedia":[{"embeddable":true,"href":"https:\/\/rdm.no\/se\/wp-json\/wp\/v2\/media\/5957"}],"wp:attachment":[{"href":"https:\/\/rdm.no\/se\/wp-json\/wp\/v2\/media?parent=6230"}],"curies":[{"name":"wp","href":"https:\/\/api.w.org\/{rel}","templated":true}]}}