{"id":6202,"date":"2020-01-30T16:36:09","date_gmt":"2020-01-30T15:36:09","guid":{"rendered":"https:\/\/rdm.no\/ansatte\/"},"modified":"2025-02-13T11:00:13","modified_gmt":"2025-02-13T10:00:13","slug":"ansatte","status":"publish","type":"page","link":"https:\/\/rdm.no\/se\/de_samiske_samlinger\/ansatte\/","title":{"rendered":"Bargit"},"content":{"rendered":"<p>&nbsp;<\/p>\n<figure id=\"attachment_7216\" class=\"thumbnail wp-caption alignleft\" style=\"max-width: 149px;\">\n    <img loading=\"lazy\" decoding=\"async\" class=\"wp-image-7216\" style=\"clear: both;\" src=\"https:\/\/rdm.no\/wp-content\/uploads\/2020\/05\/Jelena-Porsanger-red-300x271.jpg\" alt=\"Portrett av en kvinne i samiske vinterkl\u00e6r\" width=\"149\" height=\"135\" srcset=\"https:\/\/rdm.no\/wp-content\/uploads\/2020\/05\/Jelena-Porsanger-red-300x271.jpg 300w, https:\/\/rdm.no\/wp-content\/uploads\/2020\/05\/Jelena-Porsanger-red-1024x924.jpg 1024w, https:\/\/rdm.no\/wp-content\/uploads\/2020\/05\/Jelena-Porsanger-red-768x693.jpg 768w, https:\/\/rdm.no\/wp-content\/uploads\/2020\/05\/Jelena-Porsanger-red.jpg 1223w\" sizes=\"auto, (max-width: 149px) 100vw, 149px\" \/>    <figcaption class=\"caption wp-caption-text\">Jelena Porsanger<\/figcaption>\n<\/figure>\n<h2>Museajo\u0111iheaddji: Jelena Porsanger<\/h2>\n<h4>Epoasta: jelena@rdm.no<br \/>\nTlf.: (+47) 406 12 117<\/h4>\n<p>&nbsp;<\/p>\n<p>&nbsp;<\/p>\n<p>&nbsp;<\/p>\n<figure id=\"attachment_9803\" class=\"thumbnail wp-caption alignleft\" style=\"max-width: 138px;\">\n    <img loading=\"lazy\" decoding=\"async\" class=\"wp-image-9803\" style=\"clear: both;\" src=\"https:\/\/rdm.no\/wp-content\/uploads\/2022\/03\/Screenshot-2022-03-09-at-18.23.00-275x300.png\" alt=\"portrett av en ung mann\" width=\"138\" height=\"150\" srcset=\"https:\/\/rdm.no\/wp-content\/uploads\/2022\/03\/Screenshot-2022-03-09-at-18.23.00-275x300.png 275w, https:\/\/rdm.no\/wp-content\/uploads\/2022\/03\/Screenshot-2022-03-09-at-18.23.00.png 670w\" sizes=\"auto, (max-width: 138px) 100vw, 138px\" \/>    <figcaption class=\"caption wp-caption-text\">John Thorbj\u00f8rn Teigen<\/figcaption>\n<\/figure>\n<h2>\u010corgejeaddji: John Thorbj\u00f8rn Teigen<\/h2>\n<h4>Epoasta: john.thorbjorn@rdm.no<\/h4>\n<p>&nbsp;<\/p>\n<p>&nbsp;<\/p>\n<p>&nbsp;<\/p>\n<p>&nbsp;<\/p>\n<h2><\/h2>\n<h2>Vuost\u00e1iv\u00e1ldi musearesep\u0161uvnnas: Lars Johannes Anti<\/h2>\n<h4>Epoasta: lars.johannes@rdm.no<\/h4>\n<h4>Tlf.: (+47) 406 11 821<\/h4>\n<p>&nbsp;<\/p>\n<p>&nbsp;<\/p>\n<p>&nbsp;<\/p>\n<h2><img loading=\"lazy\" decoding=\"async\" class=\"alignnone wp-image-12175\" src=\"https:\/\/rdm.no\/wp-content\/uploads\/2023\/11\/1-300x251.png\" alt=\"close up picture of a woman, snowy background\" width=\"156\" height=\"131\" srcset=\"https:\/\/rdm.no\/wp-content\/uploads\/2023\/11\/1-300x251.png 300w, https:\/\/rdm.no\/wp-content\/uploads\/2023\/11\/1-768x644.png 768w, https:\/\/rdm.no\/wp-content\/uploads\/2023\/11\/1.png 940w\" sizes=\"auto, (max-width: 156px) 100vw, 156px\" \/><\/h2>\n<h2>Konserv\u00e1htor: Paula Rauhala<\/h2>\n<h4>Epoasta: paula@rdm.no<br \/>\nTlf.: (+47) 406 09 394<\/h4>\n<p>&nbsp;<\/p>\n<p>&nbsp;<\/p>\n","protected":false},"excerpt":{"rendered":"<p>S\u00e1miid Vuork\u00e1-D\u00e1vviriid bargit<\/p>\n","protected":false},"author":3,"featured_media":0,"parent":6230,"menu_order":8,"comment_status":"closed","ping_status":"closed","template":"","meta":{"_acf_changed":false,"footnotes":""},"class_list":["post-6202","page","type-page","status-publish","hentry"],"acf":[],"_links":{"self":[{"href":"https:\/\/rdm.no\/se\/wp-json\/wp\/v2\/pages\/6202","targetHints":{"allow":["GET"]}}],"collection":[{"href":"https:\/\/rdm.no\/se\/wp-json\/wp\/v2\/pages"}],"about":[{"href":"https:\/\/rdm.no\/se\/wp-json\/wp\/v2\/types\/page"}],"author":[{"embeddable":true,"href":"https:\/\/rdm.no\/se\/wp-json\/wp\/v2\/users\/3"}],"replies":[{"embeddable":true,"href":"https:\/\/rdm.no\/se\/wp-json\/wp\/v2\/comments?post=6202"}],"version-history":[{"count":0,"href":"https:\/\/rdm.no\/se\/wp-json\/wp\/v2\/pages\/6202\/revisions"}],"up":[{"embeddable":true,"href":"https:\/\/rdm.no\/se\/wp-json\/wp\/v2\/pages\/6230"}],"wp:attachment":[{"href":"https:\/\/rdm.no\/se\/wp-json\/wp\/v2\/media?parent=6202"}],"curies":[{"name":"wp","href":"https:\/\/api.w.org\/{rel}","templated":true}]}}