{"id":6049,"date":"2016-02-16T10:42:35","date_gmt":"2016-02-16T09:42:35","guid":{"rendered":"https:\/\/rdm.no\/porsanger_museum\/"},"modified":"2025-02-06T14:01:58","modified_gmt":"2025-02-06T13:01:58","slug":"porsanger_museum","status":"publish","type":"page","link":"https:\/\/rdm.no\/se\/porsanger_museum\/","title":{"rendered":"Pors\u00e1\u014bggu musea \u2013 Porsanger museum \u2013 Porsangin museumi \u00a0"},"content":{"rendered":"<p>Tel: +47 406 33 386<br \/>\nE-poasta: porsanger@rdm.no<\/p>\n<p><strong>Bures boahtin m\u00e1\u014bus!<\/strong><br \/>\nPors\u00e1\u014bgu musea rahp\u00e1 uvssaid fas 6. beaivve guovvam\u00e1nus 2025! R\u00e1hpan merkejuvvo govva\u010d\u00e1j\u00e1husan \u00abFrigj\u00f8ring og gjenreisning: Portrett av et fylke\u00bb av Ingerid Jordal.<\/p>\n<p>Musea \u010dujuhus lea <span data-olk-copy-source=\"MessageBody\">R\u00e5dhusveien 1, 9701 Leavdnja, boa\u0111at sisa girjer\u00e1djosa bokte.\u00a0<\/span><\/p>\n","protected":false},"excerpt":{"rendered":"<p>Golmmakultuvrrala\u0161 servodatmusea Pors\u00e1\u014bggu v\u00e1ibmosis!<\/p>\n","protected":false},"author":7,"featured_media":12904,"parent":0,"menu_order":0,"comment_status":"closed","ping_status":"closed","template":"","meta":{"_acf_changed":false,"footnotes":""},"class_list":["post-6049","page","type-page","status-publish","has-post-thumbnail","hentry"],"acf":[],"_links":{"self":[{"href":"https:\/\/rdm.no\/se\/wp-json\/wp\/v2\/pages\/6049","targetHints":{"allow":["GET"]}}],"collection":[{"href":"https:\/\/rdm.no\/se\/wp-json\/wp\/v2\/pages"}],"about":[{"href":"https:\/\/rdm.no\/se\/wp-json\/wp\/v2\/types\/page"}],"author":[{"embeddable":true,"href":"https:\/\/rdm.no\/se\/wp-json\/wp\/v2\/users\/7"}],"replies":[{"embeddable":true,"href":"https:\/\/rdm.no\/se\/wp-json\/wp\/v2\/comments?post=6049"}],"version-history":[{"count":0,"href":"https:\/\/rdm.no\/se\/wp-json\/wp\/v2\/pages\/6049\/revisions"}],"wp:featuredmedia":[{"embeddable":true,"href":"https:\/\/rdm.no\/se\/wp-json\/wp\/v2\/media\/12904"}],"wp:attachment":[{"href":"https:\/\/rdm.no\/se\/wp-json\/wp\/v2\/media?parent=6049"}],"curies":[{"name":"wp","href":"https:\/\/api.w.org\/{rel}","templated":true}]}}