{"id":2520,"date":"2014-12-08T08:49:59","date_gmt":"2014-12-08T08:49:59","guid":{"rendered":"https:\/\/rdm.no\/samisk\/rdm_die_ut\/rdm_gudneb_lka_upmi\/"},"modified":"2026-01-16T17:40:07","modified_gmt":"2026-01-16T16:40:07","slug":"rdm_gudneb_lka_upmi","status":"publish","type":"page","link":"https:\/\/rdm.no\/se\/rdm_die_ut\/rdm_gudneb_lka_upmi\/","title":{"rendered":"GUDNEB\u00c1LK\u00c1\u0160UPMI"},"content":{"rendered":"<p><strong>D\u00e1l lea fas \u00e1igi juohkit RiddoDuottarMuseaid gudneb\u00e1lk\u00e1\u0161umi!<\/strong><\/p>\n<p><strong>Evttot \u00e1rvvola\u0161 k\u00e1ndid\u00e1hta d\u00e1n jag\u00e1\u0161 gudneb\u00e1lka\u0161upm\u00e1i<\/strong><\/p>\n<p>RiddoDuottarMuseat bivd\u00e1 danin dis kandid\u00e1httaevttohusaid, oktan unnimus bealle A4-siidosa\u0161 \u010dilgehusain mii s\u00e1ddejuvvo e-poasta\u010dujuhussii <a href=\"mailto:post@rdm.no\">post@rdm.no<\/a> <strong>ovdal 28.02.2026<\/strong>.<\/p>\n<p><strong>Geat s\u00e1httet evttohit:<\/strong><\/p>\n<p>RDM:a eaigg\u00e1dat, bargit ja gulleva\u0161 museaservvit ja daid miellahtut.<\/p>\n<p><strong>RiddoDuottarMuseat stivra \u00e1sahii 2007s gudneb\u00e1lk\u00e1\u0161umi<\/strong><br \/>\nUlbmil gudneb\u00e1lk\u00e1\u0161umiin lea gudnej\u00e1httit \u00e1\u014bgiris olbmuid geat bero\u0161tit ja barget s\u00e1mi ja kveana museabargguiguin.<br \/>\nB\u00e1lk\u00e1\u0161upmi juhkkojuvvo juohke 2. jagi ja geigejuvvo olbmui, dahje bero\u0161teaddji\/eaktod\u00e1htola\u0161 searv\u00e1i gii\/mii lea doaimmahan museabargguid.<br \/>\nGudneb\u00e1lkka\u0161upmi lea 7.500 ruvdnosa\u0161 m\u00e1tkestipeanda ja gudneb\u00e1lkka\u0161umi duo\u0111a\u0161tus.<\/p>\n<p>RDM:a stivra\u010doahkkin mearrida stivra\u010doahkkimis geasa b\u00e1lk\u00e1\u0161upmi juhkkojuvvo ja go geigejuvvo.<\/p>\n<p>Lasi die\u0111uid add\u00e1 direktevra Anne May Olli tel. +47 406 01 986, dahje jus \u010d\u00e1listat su e-poasta\u010dujuhussii: <a href=\"mailto:amo@rdm.no\">amo@rdm.no<\/a>.<\/p>\n<p>&nbsp;<\/p>\n<h1>Sidjiide lea RDM-gudneb\u00e1lka\u0161upmi geigejuvvon<\/h1>\n<p>&nbsp;<\/p>\n<div><\/div>\n<div><\/div>\n<div><strong>2024 <\/strong>Berit \u00c5se Johnsen, <span style=\"font-size: 1rem;\"><span style=\"line-height: 20.8px; color: black;\"><span style=\"font-size: 12pt;\">K\u00e1r\u00e1\u0161johka<\/span><\/span><\/span><\/div>\n<div><strong style=\"font-size: 1rem;\">2022<\/strong><span style=\"font-size: 1rem;\">\u00a0<\/span><span style=\"font-size: 1rem;\">Mari Teigmo Eira\/ Kreit\u00e1 \u00c1ndde Mari, <span style=\"line-height: 20.8px; color: black;\"><span style=\"font-size: 12pt;\">K\u00e1r\u00e1\u0161johka<\/span><\/span><\/span><\/div>\n<div><span style=\"font-size: 12pt; color: #000000;\"><b>2020 <\/b><\/span><span style=\"font-size: 12pt; color: #000000;\">SVD musea- ja historj\u00e1searvvi jahkegirjiedoaimmahus, <span style=\"line-height: 20.8px; color: black;\"><span style=\"font-size: 12pt;\">K\u00e1r\u00e1\u0161johka<\/span><\/span><\/span><\/div>\n<div><span style=\"font-size: 12pt; color: #000000;\"><b>2018 <\/b>Alf Isak Keskitalo , Guovdageaidnu<\/span><\/div>\n<div><span style=\"font-size: 12pt; color: #000000;\"><b>2016<\/b> Ingar Eira, J\u00e1hkovuotna<\/span><\/div>\n<div><span style=\"font-size: 12pt; color: #000000;\"><b>2014<\/b> Historihkk\u00e1r Arvid Petterson, Dollejohka, Pors\u00e1\u014bgu<\/span><\/div>\n<div>\n<p><span style=\"color: black; line-height: 20.8px;\"><span style=\"font-size: 12pt;\"><b>2011<\/b> Edel H\u00e6tta Eriksen, Guovdageaidnu<\/span><br \/>\n<\/span><span style=\"line-height: 20.8px; font-size: 12pt;\"><span style=\"font-size: 12pt;\"><b>2009<\/b><\/span><\/span> <span style=\"line-height: 20.8px; color: #000000; font-size: 16px;\">S\u00e1miid Vuork\u00e1-D\u00e1vvirat<\/span> <span style=\"line-height: 20.8px; font-size: 12pt;\">SVD<\/span> <span style=\"line-height: 20.8px; color: black;\"><span style=\"font-size: 12pt;\">Museasearvi, K\u00e1r\u00e1\u0161johka<\/span><br \/>\n<\/span><span style=\"font-size: 12pt; line-height: 20.8px;\"><b>2007<\/b> Ole Johan Nikodemussen, J\u00e1hkovuotna<\/span><\/p>\n<\/div>\n<div>\n<div style=\"font-size: 12.23px;\">\n<p>&nbsp;<\/p>\n<\/div>\n<\/div>\n","protected":false},"excerpt":{"rendered":"<p>Evttot \u00e1rvvola\u0161 k\u00e1ndid\u00e1hta d\u00e1n jag\u00e1\u0161 gudneb\u00e1lka\u0161upm\u00e1i<\/p>\n","protected":false},"author":7,"featured_media":0,"parent":2513,"menu_order":0,"comment_status":"closed","ping_status":"closed","template":"","meta":{"_acf_changed":false,"footnotes":""},"class_list":["post-2520","page","type-page","status-publish","hentry"],"acf":[],"_links":{"self":[{"href":"https:\/\/rdm.no\/se\/wp-json\/wp\/v2\/pages\/2520","targetHints":{"allow":["GET"]}}],"collection":[{"href":"https:\/\/rdm.no\/se\/wp-json\/wp\/v2\/pages"}],"about":[{"href":"https:\/\/rdm.no\/se\/wp-json\/wp\/v2\/types\/page"}],"author":[{"embeddable":true,"href":"https:\/\/rdm.no\/se\/wp-json\/wp\/v2\/users\/7"}],"replies":[{"embeddable":true,"href":"https:\/\/rdm.no\/se\/wp-json\/wp\/v2\/comments?post=2520"}],"version-history":[{"count":0,"href":"https:\/\/rdm.no\/se\/wp-json\/wp\/v2\/pages\/2520\/revisions"}],"up":[{"embeddable":true,"href":"https:\/\/rdm.no\/se\/wp-json\/wp\/v2\/pages\/2513"}],"wp:attachment":[{"href":"https:\/\/rdm.no\/se\/wp-json\/wp\/v2\/media?parent=2520"}],"curies":[{"name":"wp","href":"https:\/\/api.w.org\/{rel}","templated":true}]}}