{"id":2519,"date":"2016-10-27T17:00:31","date_gmt":"2016-10-27T15:00:31","guid":{"rendered":"https:\/\/rdm.no\/samisk\/rdm_die_ut\/stivra\/"},"modified":"2024-08-29T15:33:54","modified_gmt":"2024-08-29T13:33:54","slug":"stivra","status":"publish","type":"page","link":"https:\/\/rdm.no\/se\/rdm_die_ut\/stivra\/","title":{"rendered":"Stivra"},"content":{"rendered":"<p>&nbsp;<\/p>\n<h1>Stivra 2022-2026<\/h1>\n<div style=\"line-height: 1.6em;\">\n<p><span style=\"font-size: 14.676px;\"><b style=\"font-size: 17.6112px; line-height: 1.6em;\">RiddoDuottarMuseaid bajimus org\u00e1na lea stivra mas leat 8 v\u00e1lljejuvvon stivralahtu<\/b><\/span><\/p>\n<p>Stivra lea \u010dohkkejuvvon n\u00e1<\/p>\n<ul>\n<li style=\"font-size: 14.676px; line-height: 1.6em;\">2 stivralahtu v\u00e1lljejuvvon S\u00e1medikkis<\/li>\n<li style=\"font-size: 14.676px; line-height: 1.6em;\">4 stivralahtu v\u00e1lljejuvvon eaigg\u00e1diin<\/li>\n<li style=\"font-size: 14.676px; line-height: 1.6em;\">1 stivralahtu v\u00e1lljejuvvon K\u00e1r\u00e1\u0161joga gieldda bealis<\/li>\n<li style=\"font-size: 14.676px; line-height: 1.6em;\">1 stivralahtu v\u00e1lljejuvvon bargiin bagiidgaskkas<\/li>\n<li style=\"display: inline !important;\">S\u00e1mediggi nammada stivrajo\u0111iheaddji.<br \/>\nJuohke stivralahtus lea sierra v\u00e1rrelahtu.<\/li>\n<\/ul>\n<\/div>\n<div style=\"line-height: 1.6em;\"><b style=\"font-size: 17.6112px; line-height: 1.6em;\">Stivra v\u00e1lljejuvvon stivren\u00e1igodahkii 2022-2026<\/b><\/div>\n<div>\n<ul>\n<li>Stivrajo\u0111iheaddji Marit Mel\u00f8y &#8211;\u00a0nammaduvvon S\u00e1medikkis<br \/>\nV\u00e1rrelahtu Ol Johan Gaup<\/li>\n<li>Nubbinjo\u0111iheaddjin Nils Johan Heatta \u2013 nammaduvvon\u00a0\u00a0S\u00e1medikkis<br \/>\nV\u00e1rrelahtu Liv-Elin Wilhelmsen<\/li>\n<li>Stivral\u00e1htu\u00a0 \u2013 Hilde Skanke &#8211; nammaduvvon Pors\u00e1\u014bggu gieldda bealis<br \/>\nV\u00e1rrelahtu Olaf Andersen<\/li>\n<li>Stivralahtu Ellen J. Sara Eira \u2013 nammaduvvon Guovdageainnu suohkana bealis<br \/>\nV\u00e1rrelahtu Anders S. Buljo<\/li>\n<li>Stivralahtu Tore-Jan Gjerpe \u2013 nammaduvvon S\u00e1miid Vuork\u00e1-D\u00e1vvirat vuo\u0111\u0111udusa bealis<br \/>\nV\u00e1rrelahtu Eilif Norvang (03.2023 &#8211; 2026)<\/li>\n<li>Stivralahtu Sten Magnar Nikodemussen \u2013 nammaduvvon J\u00e1hkovuona mearras\u00e1mi musea stivrra bealis<br \/>\nV\u00e1rrelahtu Ingar Elling Eira<\/li>\n<li>Stivralahtu Klemet Amund Eira\u2013 nammaduvvon K\u00e1r\u00e1\u0161joga gieldda bealis<br \/>\nV\u00e1rrelahtu\u00a0 Britt \u00d8vreg\u00e5rd<\/li>\n<li>Stivralahtu Ellen J. Bals \u2013 nammaduvvon RiddoDuottarMuseaid bargiin \u2013 v\u00e1lljejuvvon bargiid gaskkas<br \/>\nV\u00e1rrelahtu Inga Margrethe Vars<\/li>\n<\/ul>\n<\/div>\n","protected":false},"excerpt":{"rendered":"<p>&nbsp; Stivra 2022-2026 RiddoDuottarMuseaid bajimus org\u00e1na lea stivra mas leat 8 v\u00e1lljejuvvon stivralahtu Stivra lea \u010dohkkejuvvon n\u00e1 2 stivralahtu v\u00e1lljejuvvon S\u00e1medikkis 4 stivralahtu v\u00e1lljejuvvon eaigg\u00e1diin 1 stivralahtu v\u00e1lljejuvvon K\u00e1r\u00e1\u0161joga gieldda bealis 1 stivralahtu v\u00e1lljejuvvon bargiin bagiidgaskkas S\u00e1mediggi nammada stivrajo\u0111iheaddji. Juohke stivralahtus lea sierra v\u00e1rrelahtu. Stivra v\u00e1lljejuvvon stivren\u00e1igodahkii 2022-2026 Stivrajo\u0111iheaddji Marit Mel\u00f8y &#8211;\u00a0nammaduvvon S\u00e1medikkis V\u00e1rrelahtu Ol [&hellip;]<\/p>\n","protected":false},"author":7,"featured_media":0,"parent":2513,"menu_order":0,"comment_status":"closed","ping_status":"closed","template":"","meta":{"_acf_changed":false,"footnotes":""},"class_list":["post-2519","page","type-page","status-publish","hentry"],"acf":[],"_links":{"self":[{"href":"https:\/\/rdm.no\/se\/wp-json\/wp\/v2\/pages\/2519","targetHints":{"allow":["GET"]}}],"collection":[{"href":"https:\/\/rdm.no\/se\/wp-json\/wp\/v2\/pages"}],"about":[{"href":"https:\/\/rdm.no\/se\/wp-json\/wp\/v2\/types\/page"}],"author":[{"embeddable":true,"href":"https:\/\/rdm.no\/se\/wp-json\/wp\/v2\/users\/7"}],"replies":[{"embeddable":true,"href":"https:\/\/rdm.no\/se\/wp-json\/wp\/v2\/comments?post=2519"}],"version-history":[{"count":0,"href":"https:\/\/rdm.no\/se\/wp-json\/wp\/v2\/pages\/2519\/revisions"}],"up":[{"embeddable":true,"href":"https:\/\/rdm.no\/se\/wp-json\/wp\/v2\/pages\/2513"}],"wp:attachment":[{"href":"https:\/\/rdm.no\/se\/wp-json\/wp\/v2\/media?parent=2519"}],"curies":[{"name":"wp","href":"https:\/\/api.w.org\/{rel}","templated":true}]}}