{"id":2517,"date":"2017-09-12T13:23:53","date_gmt":"2017-09-12T11:23:53","guid":{"rendered":"https:\/\/rdm.no\/samisk\/rdm_die_ut\/rabas_virggit\/"},"modified":"2026-04-14T16:57:17","modified_gmt":"2026-04-14T14:57:17","slug":"rabas_virggit","status":"publish","type":"page","link":"https:\/\/rdm.no\/se\/rdm_die_ut\/rabas_virggit\/","title":{"rendered":"Rabas virggit"},"content":{"rendered":"<p>RiddoDuottarMuseat ohca geassebargiid 2026 geass\u00e1i :<\/p>\n<ul>\n<li>Guovdageainnu gili\u0161illju, 3 virggi. \u00c1igodat: 15.06.-20.08.<\/li>\n<li>J\u00e1hkovuona mearras\u00e1mi musea, 2 virggi. \u00c1igodat: 23.06.-14.08.<\/li>\n<\/ul>\n<p>D\u00e1t guokte kulturhistorjj\u00e1la\u0161 musea ohcet \u00a0veahkk\u00e1s ja movttegis bargiid. Ohcciin ferte leat s\u00e1mi kultuvra, -historj\u00e1 ja servodat m\u00e1httu. \u00a0Ohcci galg\u00e1 deavd\u00e1n 18 jagi ja m\u00e1httit davvis\u00e1megiela ja\/dahje d\u00e1rogiela ja e\u014bgelasgiela, ovdamunnin lea jus m\u00e1ht\u00e1t vel suoma-, duiskka dahje fr\u00e1nskkagiela.<\/p>\n<p>Barggut leat e.e gaskkusteapmi, guiden, sosi\u00e1la mediain bargat, ear\u00e1 musea barggut nugo govven ja d\u00e1vviriid registreren, ja doallat musea ja musea \u0161ilju \u010dorgadin<\/p>\n<p>Ohcamu\u0161as galget d\u00e1t die\u0111ut \u010duovvut mielde:<\/p>\n<ul>\n<li>Gu\u0111e museai ozat barggu<\/li>\n<li>Giellagelbbola\u0161vuo\u0111at<\/li>\n<li>CV mas kopiija oahppoduo\u0111a\u0161tusas ja bargoduo\u0111a\u0161tusain \u010duovvu mielde.<\/li>\n<\/ul>\n<p>Virggis lea virgekoda 1078. B\u00e1lk\u00e1 rehkenasto oahpu ja m\u00e1htu vuo\u0111ul. Oahppu addo go bargu \u00e1lg\u00e1.<\/p>\n<p>Eambbo die\u0111uid oa\u010d\u010dut go v\u00e1ldd\u00e1t oktavuo\u0111a museajo\u0111iheddjiin, geah\u010da <a href=\"http:\/\/www.rdm.no\">www.rdm.no<\/a><\/p>\n<p>&nbsp;<\/p>\n<p><strong>Ohcan\u00e1igemearri: 30.04.2026<\/strong><\/p>\n<p>Ohcama s\u00e1ddet:<\/p>\n<p>RiddoDuottarMuseat, Postboks 143, 9735 Karasjok,<\/p>\n<p>dahje \u00a0e-post: post@rdm.no.<\/p>\n<p>Ohcama merket: \u201cSommerjobb 2026\u201d.<\/p>\n<p>&nbsp;<\/p>\n<p>&nbsp;<\/p>\n<p>&nbsp;<\/p>\n<p style=\"margin: 0px; line-height: 15.6pt;\">\n","protected":false},"excerpt":{"rendered":"<p>GEASSEBARGU<\/p>\n","protected":false},"author":7,"featured_media":0,"parent":2513,"menu_order":0,"comment_status":"closed","ping_status":"closed","template":"","meta":{"_acf_changed":false,"footnotes":""},"class_list":["post-2517","page","type-page","status-publish","hentry"],"acf":[],"_links":{"self":[{"href":"https:\/\/rdm.no\/se\/wp-json\/wp\/v2\/pages\/2517","targetHints":{"allow":["GET"]}}],"collection":[{"href":"https:\/\/rdm.no\/se\/wp-json\/wp\/v2\/pages"}],"about":[{"href":"https:\/\/rdm.no\/se\/wp-json\/wp\/v2\/types\/page"}],"author":[{"embeddable":true,"href":"https:\/\/rdm.no\/se\/wp-json\/wp\/v2\/users\/7"}],"replies":[{"embeddable":true,"href":"https:\/\/rdm.no\/se\/wp-json\/wp\/v2\/comments?post=2517"}],"version-history":[{"count":5,"href":"https:\/\/rdm.no\/se\/wp-json\/wp\/v2\/pages\/2517\/revisions"}],"predecessor-version":[{"id":13400,"href":"https:\/\/rdm.no\/se\/wp-json\/wp\/v2\/pages\/2517\/revisions\/13400"}],"up":[{"embeddable":true,"href":"https:\/\/rdm.no\/se\/wp-json\/wp\/v2\/pages\/2513"}],"wp:attachment":[{"href":"https:\/\/rdm.no\/se\/wp-json\/wp\/v2\/media?parent=2517"}],"curies":[{"name":"wp","href":"https:\/\/api.w.org\/{rel}","templated":true}]}}