{"id":12948,"date":"2025-03-25T10:29:22","date_gmt":"2025-03-25T09:29:22","guid":{"rendered":"https:\/\/rdm.no\/?page_id=12948"},"modified":"2025-03-25T14:51:38","modified_gmt":"2025-03-25T13:51:38","slug":"coakkaldatbalvalusaid","status":"publish","type":"page","link":"https:\/\/rdm.no\/se\/de_samiske_samlinger\/coakkaldatbalvalusaid\/","title":{"rendered":"\u010coakk\u00e1ldatb\u00e1lvalusat"},"content":{"rendered":"<p><span lang=\"I-SAMI-NO\" data-olk-copy-source=\"MessageBody\">SVD lea b\u00e1hkkemin ja f\u00e1rreheamen d\u00e1vvir\u010doakk\u00e1ldaga gaskaboddosa\u0161 vuork\u00e1i.\u00a0<\/span>Dan gea\u017eil\u00a0<u>musea ii s\u00e1hte f\u00e1llat<\/u>\u00a0daid vuork\u00e1b\u00e1lvalusaid:<\/p>\n<ul type=\"disc\">\n<li class=\"x_MsoNormal\" data-ogsc=\"black\">D\u00e1vviriid loanat \u010d\u00e1j\u00e1husaide<\/li>\n<li class=\"x_MsoNormal\" data-ogsc=\"black\">D\u00e1vviriid\/govaid ja ear\u00e1 d\u00e1vvirvuorkk\u00e1id \u010d\u00e1jeheapmi<\/li>\n<li class=\"x_MsoNormal\" data-ogsc=\"black\">D\u00e1vviriid dutkan<\/li>\n<\/ul>\n<p>Mii r\u00e1vvet v\u00e1ldit oktavuo\u0111a ear\u00e1 RDM museaide Guovdageainnus, Leavnnjas ja J\u00e1hkovuonas, dahje ear\u00e1 s\u00e1mi museaide.<\/p>\n<p><span data-ogsc=\"black\">Eambbo die\u0111ut: RDM resep\u0161uvnnas tlf. 40611821<\/span><\/p>\n","protected":false},"excerpt":{"rendered":"<p>S\u00e1miid Vuork\u00e1-D\u00e1vvirat: musea lea gaskaboddosa\u010d\u010dat gaskkalduhtt\u00e1n \u010doakk\u00e1ldatb\u00e1lvalusaid (d\u00e1vviriid, govaid ja ear\u00e1 die\u0111uid) gitta \u010dak\u010dii 2026<\/p>\n","protected":false},"author":24,"featured_media":12949,"parent":6230,"menu_order":0,"comment_status":"closed","ping_status":"closed","template":"","meta":{"_acf_changed":false,"footnotes":""},"class_list":["post-12948","page","type-page","status-publish","has-post-thumbnail","hentry"],"acf":[],"_links":{"self":[{"href":"https:\/\/rdm.no\/se\/wp-json\/wp\/v2\/pages\/12948","targetHints":{"allow":["GET"]}}],"collection":[{"href":"https:\/\/rdm.no\/se\/wp-json\/wp\/v2\/pages"}],"about":[{"href":"https:\/\/rdm.no\/se\/wp-json\/wp\/v2\/types\/page"}],"author":[{"embeddable":true,"href":"https:\/\/rdm.no\/se\/wp-json\/wp\/v2\/users\/24"}],"replies":[{"embeddable":true,"href":"https:\/\/rdm.no\/se\/wp-json\/wp\/v2\/comments?post=12948"}],"version-history":[{"count":0,"href":"https:\/\/rdm.no\/se\/wp-json\/wp\/v2\/pages\/12948\/revisions"}],"up":[{"embeddable":true,"href":"https:\/\/rdm.no\/se\/wp-json\/wp\/v2\/pages\/6230"}],"wp:featuredmedia":[{"embeddable":true,"href":"https:\/\/rdm.no\/se\/wp-json\/wp\/v2\/media\/12949"}],"wp:attachment":[{"href":"https:\/\/rdm.no\/se\/wp-json\/wp\/v2\/media?parent=12948"}],"curies":[{"name":"wp","href":"https:\/\/api.w.org\/{rel}","templated":true}]}}