{"id":12885,"date":"2025-02-04T15:36:16","date_gmt":"2025-02-04T14:36:16","guid":{"rendered":"https:\/\/rdm.no\/porsanger_museum\/apningstider-og-billettpriser\/"},"modified":"2025-02-04T15:46:26","modified_gmt":"2025-02-04T14:46:26","slug":"apningstider-og-billettpriser","status":"publish","type":"page","link":"https:\/\/rdm.no\/se\/porsanger_museum\/apningstider-og-billettpriser\/","title":{"rendered":"R\u00e1hpan\u00e1iggit ja sisabeassanbileahtat"},"content":{"rendered":"<h3>R\u00e1hpan\u00e1iggit<\/h3>\n<p>Musea lea rabas vuoss\u00e1rgas bearjadahkkii gaskal 11:00-15:oo<br \/>\nDon boa\u0111at sisa museii girjer\u00e1djosa \u010da\u0111a.<\/p>\n<p>FUOM! D\u00e1t r\u00e1hpan\u00e1iggit gusket ma\u014b\u014b\u00e1 06.02.25.<\/p>\n<h3>Sisabeassanbileahtat<\/h3>\n<div data-ogsc=\"black\" data-olk-copy-source=\"MessageBody\"><span style=\"font-size: 1rem;\">Ollesolbmot: 120 NOK<\/span><\/div>\n<div data-ogsc=\"black\" data-olk-copy-source=\"MessageBody\">Studeanta\/Pen\u0161unistta: 90 NOK<\/div>\n<div data-ogsc=\"black\">Joavkkut: 90 NOK juohke olbmo ovddas<\/div>\n<div data-ogsc=\"black\">Beara\u0161: 250 NOK<\/div>\n<div data-ogsc=\"black\">M\u00e1n\u00e1t vuollel 16 &#8211; nuvtt\u00e1<\/div>\n","protected":false},"excerpt":{"rendered":"<p>R\u00e1hpan\u00e1iggit Musea lea rabas vuoss\u00e1rgas bearjadahkkii gaskal 11:00-15:oo Don boa\u0111at sisa museii girjer\u00e1djosa \u010da\u0111a. FUOM! D\u00e1t r\u00e1hpan\u00e1iggit gusket ma\u014b\u014b\u00e1 06.02.25. Sisabeassanbileahtat Ollesolbmot: 120 NOK Studeanta\/Pen\u0161unistta: 90 NOK Joavkkut: 90 NOK juohke olbmo ovddas Beara\u0161: 250 NOK M\u00e1n\u00e1t vuollel 16 &#8211; nuvtt\u00e1<\/p>\n","protected":false},"author":11,"featured_media":0,"parent":6049,"menu_order":0,"comment_status":"closed","ping_status":"closed","template":"","meta":{"_acf_changed":false,"footnotes":""},"class_list":["post-12885","page","type-page","status-publish","hentry"],"acf":[],"_links":{"self":[{"href":"https:\/\/rdm.no\/se\/wp-json\/wp\/v2\/pages\/12885","targetHints":{"allow":["GET"]}}],"collection":[{"href":"https:\/\/rdm.no\/se\/wp-json\/wp\/v2\/pages"}],"about":[{"href":"https:\/\/rdm.no\/se\/wp-json\/wp\/v2\/types\/page"}],"author":[{"embeddable":true,"href":"https:\/\/rdm.no\/se\/wp-json\/wp\/v2\/users\/11"}],"replies":[{"embeddable":true,"href":"https:\/\/rdm.no\/se\/wp-json\/wp\/v2\/comments?post=12885"}],"version-history":[{"count":0,"href":"https:\/\/rdm.no\/se\/wp-json\/wp\/v2\/pages\/12885\/revisions"}],"up":[{"embeddable":true,"href":"https:\/\/rdm.no\/se\/wp-json\/wp\/v2\/pages\/6049"}],"wp:attachment":[{"href":"https:\/\/rdm.no\/se\/wp-json\/wp\/v2\/media?parent=12885"}],"curies":[{"name":"wp","href":"https:\/\/api.w.org\/{rel}","templated":true}]}}