{"id":11692,"date":"2023-05-04T11:38:04","date_gmt":"2023-05-04T09:38:04","guid":{"rendered":"https:\/\/rdm.no\/?page_id=11692"},"modified":"2025-10-27T15:40:39","modified_gmt":"2025-10-27T14:40:39","slug":"rahpanaiggit-2","status":"publish","type":"page","link":"https:\/\/rdm.no\/se\/de_samiske_samlinger\/rahpanaiggit-2\/","title":{"rendered":"Rahpan\u00e1iggit"},"content":{"rendered":"<h2><strong>Rahpan\u00e1iggit<\/strong><\/h2>\n<h2><span data-olk-copy-source=\"MessageBody\">Musea lea gitta golggotm<\/span><span lang=\"I-SAMI-NO\">\u00e1nu 28. r\u00e1jes. Musea lea sirdimin\u00a0<\/span>\u010doakk\u00e1ldagaid\u00a0<span lang=\"I-SAMI-NO\">o\u0111\u0111a vuork\u00e1i. \u010cuovo min neahttasiidduin o\u0111\u0111asiid. Gulaskudde lasi min resep\u0161uvnnain: <\/span><a title=\"mailto:post@rdm.no\" href=\"mailto:post@rdm.no\" data-linkindex=\"2\"><span lang=\"I-SAMI-NO\">post@rdm.no<\/span><\/a><\/h2>\n<p>&nbsp;<\/p>\n<h2><strong>Sisabeassanbileahtat<br \/>\n<\/strong><\/h2>\n<ul>\n<li>Ollesolbmot NOK 150<\/li>\n<li>Studeanttat\/pen\u0161unisttat\u00a0 NOK 90<\/li>\n<li>Nuorat (15-17 jagi) NOK 90<\/li>\n<li>M\u00e1n\u00e1t vuollel 15 jagi: nuvtt\u00e1<\/li>\n<li>Joavkkut (unnimust\u00e1 10 olbmo): NOK 90\/guossi<\/li>\n<\/ul>\n","protected":false},"excerpt":{"rendered":"<p>Rahpan\u00e1iggit ja sisabeassanhattit S\u00e1miid Vuork\u00e1-D\u00e1vvirat museas K\u00e1r\u00e1\u0161jogas.<\/p>\n","protected":false},"author":11,"featured_media":0,"parent":6230,"menu_order":0,"comment_status":"closed","ping_status":"closed","template":"","meta":{"_acf_changed":false,"footnotes":""},"class_list":["post-11692","page","type-page","status-publish","hentry"],"acf":[],"_links":{"self":[{"href":"https:\/\/rdm.no\/se\/wp-json\/wp\/v2\/pages\/11692","targetHints":{"allow":["GET"]}}],"collection":[{"href":"https:\/\/rdm.no\/se\/wp-json\/wp\/v2\/pages"}],"about":[{"href":"https:\/\/rdm.no\/se\/wp-json\/wp\/v2\/types\/page"}],"author":[{"embeddable":true,"href":"https:\/\/rdm.no\/se\/wp-json\/wp\/v2\/users\/11"}],"replies":[{"embeddable":true,"href":"https:\/\/rdm.no\/se\/wp-json\/wp\/v2\/comments?post=11692"}],"version-history":[{"count":0,"href":"https:\/\/rdm.no\/se\/wp-json\/wp\/v2\/pages\/11692\/revisions"}],"up":[{"embeddable":true,"href":"https:\/\/rdm.no\/se\/wp-json\/wp\/v2\/pages\/6230"}],"wp:attachment":[{"href":"https:\/\/rdm.no\/se\/wp-json\/wp\/v2\/media?parent=11692"}],"curies":[{"name":"wp","href":"https:\/\/api.w.org\/{rel}","templated":true}]}}