{"id":10928,"date":"2023-01-20T15:50:51","date_gmt":"2023-01-20T14:50:51","guid":{"rendered":"https:\/\/rdm.no\/?page_id=10928"},"modified":"2023-02-06T17:15:03","modified_gmt":"2023-02-06T16:15:03","slug":"svd-musealuohti","status":"publish","type":"page","link":"https:\/\/rdm.no\/se\/de_samiske_samlinger\/svd-musealuohti\/","title":{"rendered":"SVD Musealuohti"},"content":{"rendered":"<h2>Musealuohti &#8211; S\u00e1miid Vuork\u00e1-D\u00e1vvirat<\/h2>\n<p><span style=\"font-size: 1rem;\">\u010cak\u010dat 2022<\/span> Juoigiid Searvi ovttas RiddoDuottarMuseain, man vuoll\u00e1i SVD musea gull\u00e1, bidje <span style=\"font-size: 1rem;\">johtui<\/span><span style=\"font-size: 1rem;\">\u00a0<\/span><span style=\"font-size: 1rem;\">luohtegilvvu <\/span><span style=\"font-size: 1rem;\">&#8211; bidjat luo\u0111i SVD museai. SVD musea luohtegilvvu vuittii k\u00e1r\u00e1\u0161johkala\u0161 \u010deahpes juoigi, Per Tor Turi. Son ovdanbuvttii musealuo\u0111i vuosttas h\u00e1ve SVD 50-jagi \u00c1vvo Juoigankonsearttas 24.11.2022.<\/span><\/p>\n<h3><strong>Luohtegilvvu vuoiti<\/strong><\/h3>\n<p>S\u00e1miid Vuork\u00e1-D\u00e1vvirat lea \u00e1lo atn\u00e1n stuorra \u00e1rvvus s\u00e1mi \u00e1rbevieruid ja \u00e1rbem\u00e1htu. 50-lot jagi skea\u014bkan musea lea s\u00e1vvan musealuo\u0111i. SVD Eaigg\u00e1tstivra ruhtadii b\u00e1lkka\u0161umi sutnje gii vuoit\u00e1 luohtegilvvu. S\u00e1miid Vuork\u00e1-D\u00e1vvirat lea bargan ovttas Juoigiid servviin almmuhit luohtegilvvu. Musea lea hui r\u00e1mis ahte gilvui leat boaht\u00e1n vihtta luo\u0111i! Mii giitit juoigiid geat leat s\u00e1dden ie\u017easet lu\u0111iid luohtegilvui. Min mielas buot luo\u0111it leat \u010d\u00e1bb\u00e1t ja \u00e1innas galgga\u0161edje s\u00e1ddejuvvon vaikko S\u00e1mi Grand Prix 2022 luohtegilvui!<\/p>\n<p>Mii giitit Juoigiid Searvvi barggu ovddas l\u00e1gidit gilvvu!<\/p>\n<p>Luohtegilvvu jury-l\u00e1vdegottis ledje Juoigansearvvi stivrra, musea ja SVD Eaigg\u00e1tstivrra ovddasteaddjit: Laila Somby Sandvik, Karen Anne Buljo, Ulla Pirttij\u00e4rvi-L\u00e4nsman, Jelena Porsanger ja Synn\u00f8ve Solbakken-H\u00e4rk\u00f6nen.<\/p>\n<h4><strong>Luohtegilvvu \u010dielga vuoiti lea v\u00e1lljejuvvon ovttajienala\u010d\u010dat<\/strong><\/h4>\n<p>Vuoitoluo\u0111i \u0161uok\u014ba geasuha, lea njuov\u017eil, darv\u00e1na dakkavi\u0111e, \u010duohc\u00e1 \u010d\u00e1bb\u00e1t luohtebeallj\u00e1i ja v\u00e1ibmui. Luohti mohkohall\u00e1 fiin\u00e1t dolo\u0161 m\u00e1lle mielde ja seamm\u00e1s lea moderna. Sihke \u0161uok\u014ba ja dajahusat heivejit bures museai ja kultur\u00e1rbbi f\u00e1dd\u00e1i. N\u00e1 leat soames dajahusat: \u201cVuork\u00e1-d\u00e1vvirat \u010deavl\u00e1t meav\u017e\u017e\u00e1dit buori dilis\u201d. Luohtegilvvu vuoiti lea k\u00e1r\u00e1\u0161johkala\u0161 \u010deahpes juoigi, Per Tor Turi!<\/p>\n<p>S\u00e1miid Vuork\u00e1-D\u00e1vviriid musealuohti. Juoigi: Per Tor Turi<\/p>\n<audio class=\"wp-audio-shortcode\" id=\"audio-10928-1\" preload=\"none\" style=\"width: 100%;\" controls=\"controls\"><source type=\"audio\/wav\" src=\"https:\/\/rdm.no\/wp-content\/uploads\/2023\/02\/Museums-joik-PTT.wav?_=1\" \/><a href=\"https:\/\/rdm.no\/wp-content\/uploads\/2023\/02\/Museums-joik-PTT.wav\">https:\/\/rdm.no\/wp-content\/uploads\/2023\/02\/Museums-joik-PTT.wav<\/a><\/audio>\n<p>&nbsp;<\/p>\n<h2>SVD Juoigan \u00c1vvokonsearta 24.11.2022<\/h2>\n<p>Juoigan \u00c1vvokonsearta lei 25.11.2022, K\u00e1r\u00e1\u0161joga servodatviesus. Juoigan \u00c1vvokonsearta l\u00e1giduvvui S\u00e1miid Vuork\u00e1-D\u00e1vvirat (SVD) musea 50-jagi gudnin.\u00a0 Rabas mikrofovnnain musea h\u00e1liidii muitta\u0161it erenom\u00e1\u017eit ovdde\u0161 kultur\u00e1rbebargiid ja SVD bargiid.<\/p>\n<p>Geah\u010da ja guldal musealuo\u0111i ja ear\u00e1 lu\u0111iid d\u00e1s: <a href=\"https:\/\/youtu.be\/JUGl7NfYGkw?t=3764\">S\u00e1miid Vuork\u00e1-D\u00e1vviriid Juoigan \u00c1vvokonsearta &#8211; Jubileumsjoikekonserten til De Samiske Samlinger &#8211; YouTube<\/a><\/p>\n<p>Ovttasbargoguoimmit: Juoigiid Searvi, K\u00e1r\u00e1\u0161joga gielda ja S\u00e1pmi Media UB fitnodat. Progr\u00e1mmas ledje luo\u0111it ja rabas mikrofovdna. Bovdejuvvon juoigit: Biret Risten Sara, Per Tor Turi, Laila Somby Sandvik, Iss\u00e1t S\u00e1mmol Heatta ja Ulla Pirttij\u00e4rvi-L\u00e4nsman.<\/p>\n","protected":false},"excerpt":{"rendered":"<p>SVD \u00e1vvudii 50 jagi 2022:s. \u00c1vvojagi 2022 biddjui museai luohti. Musealuohti lei v\u00e1lljejuvvon luohtegilvvu bokte ja almmuhvui SVD juoigan \u00e1vvokonsearttas 24.11.2022. Loga eanet luo\u0111i birra.<\/p>\n","protected":false},"author":3,"featured_media":0,"parent":6230,"menu_order":2,"comment_status":"closed","ping_status":"closed","template":"","meta":{"_acf_changed":false,"footnotes":""},"class_list":["post-10928","page","type-page","status-publish","hentry"],"acf":[],"_links":{"self":[{"href":"https:\/\/rdm.no\/se\/wp-json\/wp\/v2\/pages\/10928","targetHints":{"allow":["GET"]}}],"collection":[{"href":"https:\/\/rdm.no\/se\/wp-json\/wp\/v2\/pages"}],"about":[{"href":"https:\/\/rdm.no\/se\/wp-json\/wp\/v2\/types\/page"}],"author":[{"embeddable":true,"href":"https:\/\/rdm.no\/se\/wp-json\/wp\/v2\/users\/3"}],"replies":[{"embeddable":true,"href":"https:\/\/rdm.no\/se\/wp-json\/wp\/v2\/comments?post=10928"}],"version-history":[{"count":0,"href":"https:\/\/rdm.no\/se\/wp-json\/wp\/v2\/pages\/10928\/revisions"}],"up":[{"embeddable":true,"href":"https:\/\/rdm.no\/se\/wp-json\/wp\/v2\/pages\/6230"}],"wp:attachment":[{"href":"https:\/\/rdm.no\/se\/wp-json\/wp\/v2\/media?parent=10928"}],"curies":[{"name":"wp","href":"https:\/\/api.w.org\/{rel}","templated":true}]}}