{"id":10897,"date":"2023-01-16T14:13:21","date_gmt":"2023-01-16T13:13:21","guid":{"rendered":"https:\/\/rdm.no\/?page_id=10897"},"modified":"2023-02-06T17:19:42","modified_gmt":"2023-02-06T16:19:42","slug":"svd-logo-ja-musealuohti","status":"publish","type":"page","link":"https:\/\/rdm.no\/se\/de_samiske_samlinger\/svd-logo-ja-musealuohti\/","title":{"rendered":"SVD Logo"},"content":{"rendered":"<h2>SVD Logo<\/h2>\n<p><img loading=\"lazy\" decoding=\"async\" class=\"wp-image-10108\" style=\"font-size: 1rem;\" src=\"https:\/\/rdm.no\/wp-content\/uploads\/2022\/05\/Farge-med-tekst.jpg\" alt=\"Bilde av logo, med teksten &quot;S\u00e1miid Vuork\u00e1-D\u00e1vvirat&quot;\" width=\"337\" height=\"337\" srcset=\"https:\/\/rdm.no\/wp-content\/uploads\/2022\/05\/Farge-med-tekst.jpg 199w, https:\/\/rdm.no\/wp-content\/uploads\/2022\/05\/Farge-med-tekst-150x150.jpg 150w\" sizes=\"auto, (max-width: 337px) 100vw, 337px\" \/><\/p>\n<p>SVD Musea doaimmai 1972-2022 ja \u00e1vvudii 50-jagi 2022:s. \u00c1vvodoalut ledje l\u00e1giduvvon mieht\u00e1 2022, ja vuosttas doalut ledje beass\u00e1\u0161vahkus 12.04.2022. Olbmot mieht\u00e1 S\u00e1mi ja Davviriikkain serve \u00e1vvudit \u00e1vvo\u010d\u00e1j\u00e1husa \u201cRUO<span style=\"font-size: 1rem;\">KTOT \u2013 S\u00e1mi rumbbuid m\u00e1hcaheapmi \u2013 Tilbakef\u00f8ring av samiske trommer \u2013 The Return of the S\u00e1mi Drums\u201d rahpandoaluid.<\/span><\/p>\n<p>\u010c\u00e1j\u00e1husa rahpandoaluin almmuhuvvui SVD Musea logo, mii lea musea 50-jagi skea\u014bka. Dat lea juoid\u00e1 mii ii leat SVD Museas goassege leama\u0161, ovdal d\u00e1l. SVD Eaigg\u00e1tstivra ruhtadii logoh\u00e1bmema. Laila Labba, Labba Art, lea h\u00e1bmen logo. SVD Eaigg\u00e1tstivra v\u00e1lljii ja dohkkehii musealogo \u010doahkkimisttis 14.03.2022.<\/p>\n<p>Vuo\u0111\u0111un SVD logoi lea guovllu l\u00e1hpinboag\u00e1n. L\u00e1hppinboahk\u00e1nis leat d\u00e1b\u00e1la\u010d\u010dat vilges vuo\u0111\u0111ol\u00e1iggit. Guovdd\u00e1\u0161girj\u00e1i leat \u00e1rbevirola\u010d\u010dat l\u00e1hppon hearvvat rukses ja alit l\u00e1iggis. Guovdd\u00e1\u0161girjji hearvvat leat ie\u0161gu\u0111etl\u00e1ganat ja dat rivdet b\u00e1ikkis b\u00e1ik\u00e1i. Njealje\u010diegadat dulkojit d\u00e1vj\u00e1 oskkoldasvuohtan, illun, r\u00e1fin, lihkkun ja ruhtan.<\/p>\n<p>Maidd\u00e1i ivnniin g\u00e1vdnojit ie\u0161gu\u0111et mearkka\u0161umit. Rukses ivnni navdet f\u00e1pmun, eallimin ja r\u00e1hkisvuohtan. Rukses ivnnis g\u00e1vdnojit mearkka\u0161umit maidd\u00e1i dola, lieggasa ja beaivv\u00e1\u017ea h\u00e1rr\u00e1i. Rukses ivnni ektui fas alit ivdni dulkojuvvo d\u00e1b\u00e1la\u010d\u010dat r\u00e1f\u00e1idahtti ivdnin \u2013 alitvuo\u0111a mearkka\u0161umit deattuhit nanuvuo\u0111a, vuoiggala\u0161vuo\u0111a, almmi ja \u010d\u00e1zi.<\/p>\n<p>Lihkku beivviin SVD, RDM ja s\u00e1mi \u00e1lbmot!<\/p>\n","protected":false},"excerpt":{"rendered":"<p>S\u00e1miid Vuork\u00e1-D\u00e1vvirat \u00e1vvudii 50 jagi 2022:s. \u00c1vvoskea\u014bkan musea o\u010d\u010dui logo. Musea logo almmuhuvvui \u00e1vvo\u010d\u00e1j\u00e1husa &quot;RUOKTOT&quot; rahpandil\u00e1la\u0161vuo\u0111as 12.04.2022. Loga eanet logo birra.<\/p>\n","protected":false},"author":3,"featured_media":0,"parent":6230,"menu_order":3,"comment_status":"closed","ping_status":"closed","template":"","meta":{"_acf_changed":false,"footnotes":""},"class_list":["post-10897","page","type-page","status-publish","hentry"],"acf":[],"_links":{"self":[{"href":"https:\/\/rdm.no\/se\/wp-json\/wp\/v2\/pages\/10897","targetHints":{"allow":["GET"]}}],"collection":[{"href":"https:\/\/rdm.no\/se\/wp-json\/wp\/v2\/pages"}],"about":[{"href":"https:\/\/rdm.no\/se\/wp-json\/wp\/v2\/types\/page"}],"author":[{"embeddable":true,"href":"https:\/\/rdm.no\/se\/wp-json\/wp\/v2\/users\/3"}],"replies":[{"embeddable":true,"href":"https:\/\/rdm.no\/se\/wp-json\/wp\/v2\/comments?post=10897"}],"version-history":[{"count":0,"href":"https:\/\/rdm.no\/se\/wp-json\/wp\/v2\/pages\/10897\/revisions"}],"up":[{"embeddable":true,"href":"https:\/\/rdm.no\/se\/wp-json\/wp\/v2\/pages\/6230"}],"wp:attachment":[{"href":"https:\/\/rdm.no\/se\/wp-json\/wp\/v2\/media?parent=10897"}],"curies":[{"name":"wp","href":"https:\/\/api.w.org\/{rel}","templated":true}]}}