{"id":10577,"date":"2022-11-01T07:49:40","date_gmt":"2022-11-01T06:49:40","guid":{"rendered":"https:\/\/rdm.no\/?page_id=10577"},"modified":"2023-02-14T16:45:36","modified_gmt":"2023-02-14T15:45:36","slug":"svd-avvoseminara-24-11-2022-karasjogas","status":"publish","type":"page","link":"https:\/\/rdm.no\/se\/de_samiske_samlinger\/svd-avvuda-50-jagi-2022s\/svd-avvoseminara-24-11-2022-karasjogas\/","title":{"rendered":"SVD \u00c1vvosemin\u00e1ra 24.11.2022 K\u00e1r\u00e1\u0161jogas"},"content":{"rendered":"<h2>SVD \u00c1vvosemin\u00e1ra: 50 jagi 1972-2022<\/h2>\n<p>&nbsp;<\/p>\n<p>S\u00e1miid Vuork\u00e1-D\u00e1vvirat musea bovde buohkaid \u00c1vvosemin\u00e1rii sk\u00e1bmam\u00e1nu 24. beaivve dii. 10:00. -16:30. \u00c1vvosemin\u00e1ra l\u00e1giduvvo K\u00e1r\u00e1\u0161joga servodatviesus. Searvva mielde guldalit logaldallamiid, s\u00e1gastallat ja \u00e1vvudit SVD musea 50-jagi \u00e1vvojagi.<\/p>\n<p>Semin\u00e1ra dulkojuvvo: s\u00e1me-d\u00e1ro.<\/p>\n<p>Mii f\u00e1llat g\u00e1fe, teaja, g\u00e1hkuid ja snoahpamu\u0161aid.<\/p>\n<p>Mii giitit \u00e1vvosemin\u00e1ra ruhtadeddjiid!<\/p>\n<p>\u00c1vvosemin\u00e1ra l\u00e1gideami leat dorjon: K\u00e1r\u00e1\u0161joga gielda ja <a href=\"https:\/\/frittord.no\/nb\/hjem\">Fritt Ord<\/a> foanda. Oassedoarjja lea S\u00e1medikkis koordinerenbargui.<\/p>\n<p>&nbsp;<\/p>\n<h2>Progr\u00e1mma<\/h2>\n<h4 class=\"_04xlpA direction-ltr align-center para-style-body\"><span class=\"JsGRdQ\">Semin\u00e1ra jo\u0111iheaddjit: <\/span><span class=\"JsGRdQ\">Marit Mel\u00f8y &amp; Jelena Porsanger<\/span><\/h4>\n<p>&nbsp;<\/p>\n<p>10:00<\/p>\n<p>Per Tor Turi: luo\u0111it<\/p>\n<p>10: 05<\/p>\n<p class=\"_04xlpA direction-ltr align-center para-style-body\">S\u00e1mediggepresideanta Silje Karine Muotka &amp; K\u00e1r\u00e1\u0161joga gieldda s\u00e1tnejo\u0111iheaddji Svein Atle Somby: <span class=\"JsGRdQ\">\u00c1vvosemin\u00e1ra rahpan<\/span><\/p>\n<p>10: 25<\/p>\n<p class=\"_04xlpA direction-ltr align-center para-style-body\">Vigdis Stordahl: <span class=\"JsGRdQ\">SVD musea- ja historj\u00e1searvvi historj\u00e1 1938 r\u00e1jes<\/span><\/p>\n<p>11:00<\/p>\n<p class=\"_04xlpA direction-ltr align-center para-style-body\"><span class=\"JsGRdQ\">Trude Fonneland: SVD ja UiT \u2013 Norgga \u00e1rktala\u0161 universitehta musea<\/span><\/p>\n<p>11:30 &#8211; 12:30<\/p>\n<p><span class=\"JsGRdQ\">Borranboddu<\/span><\/p>\n<p>12:30<\/p>\n<p><span class=\"JsGRdQ\">Odd M\u00e1htte H\u00e6tta: <\/span><span class=\"JsGRdQ\">Kreitt\u00e1 \u00c1ndde Mari\/Mari Teigmo Eira &#8211; RDM gudneb\u00e1lkka\u0161umi 2022 vuost\u00e1iv\u00e1ldi<\/span><\/p>\n<p>13:05<\/p>\n<p><span class=\"JsGRdQ\">RDM gudneb\u00e1lkka\u0161umi geigenseremoniija<\/span><\/p>\n<p>13:10<\/p>\n<p><span class=\"JsGRdQ\">Einar Niemi: SVD 1970- ja 1980-loguin: S\u00e1me\u00e1\u0161\u0161it, ovttasbargu ja s\u00e1miid rumbbut<\/span><\/p>\n<p>13:40<\/p>\n<p><span class=\"JsGRdQ\">Kreitt\u00e1 \u00c1ndde Osvald\/Osvald Guttorm: <\/span><span class=\"JsGRdQ\">Rumbo\u010d\u00e1j\u00e1hus <\/span><span class=\"JsGRdQ\">1980- ja 1990-loguin<\/span><\/p>\n<p>14:10<\/p>\n<p>Jelena Porsanger: <span class=\"JsGRdQ\">SVD ja kultur\u00e1rbbi m\u00e1hcaheapmi<\/span><\/p>\n<p>14:40<\/p>\n<p>K\u00e1festallan<\/p>\n<p>14:55<\/p>\n<p>Paula Rauhala: <span class=\"JsGRdQ\">SVD historj\u00e1 govaid bokte<\/span><\/p>\n<p>15:25<\/p>\n<p>S\u00e1pmi Media UB: <span class=\"JsGRdQ\">SVD historj\u00e1 podkast<\/span><\/p>\n<p>15:55<\/p>\n<p>Anne May Olli: <span class=\"JsGRdQ\">Boahtte\u00e1igi ja doaimmat &#8211; o\u0111\u0111a museaviessu oktan S\u00e1mi D\u00e1iddamuseain<\/span><\/p>\n<p>16:30<\/p>\n<p><span class=\"JsGRdQ\">S\u00e1httu hotellii<\/span><\/p>\n<p>18:00<\/p>\n<p><span class=\"JsGRdQ\">Eahketm\u00e1ll\u00e1sat bovdejuvvon gussiide<\/span><\/p>\n<p>&nbsp;<\/p>\n<p>&nbsp;<\/p>\n<p>V\u00c1IMMOLA\u0160 BURES BOAHTIN!<\/p>\n","protected":false},"excerpt":{"rendered":"<p>S\u00e1miid Vuork\u00e1-D\u00e1vvirat -musea \u00e1vvosemin\u00e1ra dollojuvvui sk\u00e1bmam\u00e1nu 24. beaivve K\u00e1r\u00e1\u0161joga servodatviesus. \u00c1vvosemin\u00e1ras muitaluvvui SVD 50 jagi historjj\u00e1s. Semin\u00e1ra lei filbmejuvvon, video almmuhuvvo RDM Youtube kan\u00e1las. \u010cuovu mielde museao\u0111\u0111asiid min sosi\u00e1la mediain. \u00c1vvosemin\u00e1ra lei rabas ja nuvtt\u00e1 buohkaide. \u00c1vvosemin\u00e1rii leat r\u00e1ddjejuvvon sajit. Die\u0111it jus boa\u0111\u00e1t 21.11 r\u00e1dj\u00e1i &#8211; geah\u010da eambbo die\u0111uid vuollelis.<\/p>\n","protected":false},"author":3,"featured_media":10738,"parent":9717,"menu_order":0,"comment_status":"closed","ping_status":"closed","template":"","meta":{"_acf_changed":false,"footnotes":""},"class_list":["post-10577","page","type-page","status-publish","has-post-thumbnail","hentry"],"acf":[],"_links":{"self":[{"href":"https:\/\/rdm.no\/se\/wp-json\/wp\/v2\/pages\/10577","targetHints":{"allow":["GET"]}}],"collection":[{"href":"https:\/\/rdm.no\/se\/wp-json\/wp\/v2\/pages"}],"about":[{"href":"https:\/\/rdm.no\/se\/wp-json\/wp\/v2\/types\/page"}],"author":[{"embeddable":true,"href":"https:\/\/rdm.no\/se\/wp-json\/wp\/v2\/users\/3"}],"replies":[{"embeddable":true,"href":"https:\/\/rdm.no\/se\/wp-json\/wp\/v2\/comments?post=10577"}],"version-history":[{"count":0,"href":"https:\/\/rdm.no\/se\/wp-json\/wp\/v2\/pages\/10577\/revisions"}],"up":[{"embeddable":true,"href":"https:\/\/rdm.no\/se\/wp-json\/wp\/v2\/pages\/9717"}],"wp:featuredmedia":[{"embeddable":true,"href":"https:\/\/rdm.no\/se\/wp-json\/wp\/v2\/media\/10738"}],"wp:attachment":[{"href":"https:\/\/rdm.no\/se\/wp-json\/wp\/v2\/media?parent=10577"}],"curies":[{"name":"wp","href":"https:\/\/api.w.org\/{rel}","templated":true}]}}