{"id":10463,"date":"2022-10-18T15:13:54","date_gmt":"2022-10-18T13:13:54","guid":{"rendered":"https:\/\/rdm.no\/?page_id=10463"},"modified":"2023-01-16T14:14:42","modified_gmt":"2023-01-16T13:14:42","slug":"sami-biebmofestivala","status":"publish","type":"page","link":"https:\/\/rdm.no\/se\/de_samiske_samlinger\/svd-avvuda-50-jagi-2022s\/sami-biebmofestivala\/","title":{"rendered":"S\u00e1mi Biebmofestiv\u00e1la, SVD 50-jagi \u00e1vvodoalut 28.-29.10.2022"},"content":{"rendered":"<p>Jahki 2022 lea S\u00e1miid Vuork\u00e1-D\u00e1vvirat Musea (SVD) 50-jagi \u00e1vvojahki. Dan gudnin SVD Musea- ja historj\u00e1searvi, SVD musea, Samhold ja K\u00e1r\u00e1\u0161joga Pen\u0161unistasearvvit l\u00e1gidit \u201cS\u00e1mi biebmofestiv\u00e1la\u201d golggotm\u00e1nu 28. ja 29. beaivve, S\u00e1mi Giellavahku oktavuo\u0111as. Doalut l\u00e1giduvvojit ovttasbarggus S\u00e1mi joatkkaskuvllain K\u00e1r\u00e1\u0161jogas, K\u00e1rena\u0161 S\u00e1mi giella- ja kulturguovdd\u00e1\u017eiin, K\u00e1r\u00e1\u0161joga gielddain ja NKD\/UKM:ain.<\/p>\n<p>Biebmofestiv\u00e1la ruhtadeaddjit leat S\u00e1mediggi, Romssa ja Finnm\u00e1rkku fylkkagielda, SNN Samfunnsl\u00f8ftet ja RDM- S\u00e1miid Vuork\u00e1-D\u00e1vvirat.<\/p>\n<h3>Doalut l\u00e1giduvvojit S\u00e1mi joatkkaskuvllas K\u00e1r\u00e1\u0161jogas.<\/h3>\n<p>&nbsp;<\/p>\n<figure id=\"attachment_10538\" class=\"thumbnail wp-caption alignnone\" style=\"max-width: 737px;\">\n    <img loading=\"lazy\" decoding=\"async\" class=\" wp-image-10538\" src=\"https:\/\/rdm.no\/wp-content\/uploads\/2022\/10\/Biebmofestiva\u0301la_FB_post_sa\u0301me-300x251.png\" alt=\"Brun og pink farge plakat om matfestivalen i Karasjok\" width=\"737\" height=\"617\" srcset=\"https:\/\/rdm.no\/wp-content\/uploads\/2022\/10\/Biebmofestiva\u0301la_FB_post_sa\u0301me-300x251.png 300w, https:\/\/rdm.no\/wp-content\/uploads\/2022\/10\/Biebmofestiva\u0301la_FB_post_sa\u0301me-768x644.png 768w, https:\/\/rdm.no\/wp-content\/uploads\/2022\/10\/Biebmofestiva\u0301la_FB_post_sa\u0301me.png 940w\" sizes=\"auto, (max-width: 737px) 100vw, 737px\" \/>    <figcaption class=\"caption wp-caption-text\">Biebmofestiv\u00e1la progr\u00e1mma<\/figcaption>\n<\/figure>\n<p>&nbsp;<\/p>\n<p>Biebmofestiv\u00e1la ulbmil lea ovttastallat ja f\u00e1llat olles K\u00e1r\u00e1\u0161joga servodahkii vejola\u0161vuo\u0111a beassat herskostallat \u00e1rbevirola\u0161 s\u00e1meborramu\u0161aid.<\/p>\n<p>Geah\u010da bovdehusvideo d\u00e1s: <a href=\"https:\/\/youtu.be\/xHAplnZGl-s\">&#8220;Mii lea S\u00e1mi Biebmofestiv\u00e1la?&#8221;<\/a><\/p>\n<h3>Bearjadaga 28.10 dii. 08:30 \u2013 12:30<\/h3>\n<p>S\u00e1mi joatkkaskuvlla oahppit leat mielde biebmokurssas, man jo\u0111iha biebmobero\u0161teaddji M\u00e1ret R\u00e1vdn\u00e1 Buljo ovttas K\u00e1r\u00e1\u0161joga Pen\u0161unistasearvvi ja Samhold Pen\u0161unistasearvvi miellahtuiguin.<\/p>\n<p>&nbsp;<\/p>\n<h3>dii. 13:00-14:45<\/h3>\n<p>Rabas progr\u00e1mma olles \u00e1lbmogii \u00e1lg\u00e1 dii. 13:00, go S\u00e1medikki presideanta Silje Kareine Muotka ja SVD museajo\u0111iheaddji Jelena Porsanger rahpaba biebmofestiv\u00e1la. Dan ma\u014b\u014b\u00e1 joatkit lu\u0111iiguin ja dan ma\u014b\u014b\u00e1 \u00e1lget logaldallamat: \u201cBiebmotearpmat plak\u00e1htan\u201d (Paula Rauhala), \u201cLuossa biebmun\u201d (Hagbart Gr\u00f8nmo) ja \u201cS\u00e1mi biebmu &#8211; gulahallat luondduin\u201d (M\u00e1ret R. Buljo).<\/p>\n<p>&nbsp;<\/p>\n<h3>dii. 15:00-18:00<\/h3>\n<p>M\u00e1ll\u00e1siid, k\u00e1fe ja g\u00e1hkuid vuovdin. Maidd\u00e1i girjjiid vuovdin ja \u0161attuid buktagat man jo\u0111iha Else M. Isaksen. Borramu\u0161a haddi lea 200,- NOK. Vuodimassii leat luossam\u00e1ll\u00e1sat, biergom\u00e1ll\u00e1sat, gumposat, njuok\u010damat, a\u0111\u0111amat, juhkamu\u0161at ja g\u00e1hkut.<\/p>\n<p>&nbsp;<\/p>\n<p>&nbsp;<\/p>\n<h3>L\u00e1vvardaga 29.10 dii. 12:00 \u2013 13:00<\/h3>\n<p>mii joatkit M\u00e1ret R. Buljo logaldallamiin \u201cBoazu \u00e1vnnasin, d\u00e1lkkasin, biebmun\u201d.<\/p>\n<p>&nbsp;<\/p>\n<h3>dii. 13:00 \u2013 15:00<\/h3>\n<p>M\u00e1ll\u00e1siid, k\u00e1fe ja g\u00e1hkuid vuovdin. Maidd\u00e1i girjjiid vuovdin ja \u0161attuid buktagat man jo\u0111iha Else M. Isaksen. Borramu\u0161a haddi lea 200,- NOK. Vuodimassii leat luossam\u00e1ll\u00e1sat, biergom\u00e1ll\u00e1sat, gumposat, njuok\u010damat, a\u0111\u0111amat, juhkamu\u0161at ja g\u00e1hkut.<\/p>\n<p>&nbsp;<\/p>\n<h3>dii. 15:30 \u2013 18:30<\/h3>\n<p>Biebmokursa &#8220;S\u00e1mi biebmu&#8221;, man jo\u0111iha M\u00e1ret R. Buljo. Kurssas leat 12 saji ja kursam\u00e1ksu lea 200,- NOK. Jus h\u00e1liidat searvat biebmokursii, die\u0111it d\u00e1sa: <a href=\"mailto:samibiebmu@gmail.com\">samibiebmu@gmail.com<\/a>.<\/p>\n<p>&nbsp;<\/p>\n<p>S\u00e1mi joatkkaskuvllas K\u00e1r\u00e1\u0161jogas lea maidd\u00e1i l\u00e1vvu gos lea vejola\u0161vuohta boradit, g\u00e1rvot fal bures!<\/p>\n<p>&nbsp;<\/p>\n<h2>V\u00e1immola\u0161 bures boahtin buohkaide!<\/h2>\n","protected":false},"excerpt":{"rendered":"<p>S\u00e1mi giellavahku ja S\u00e1miid Vuork\u00e1-D\u00e1vviriid 50-jagi \u00e1vvodoallun lea Biebmofestiv\u00e1la 28.-29.10. L\u00e1giduvvo S\u00e1mi joatkkaskuvllas K\u00e1r\u00e1\u0161jogas.<\/p>\n","protected":false},"author":3,"featured_media":10519,"parent":9717,"menu_order":2,"comment_status":"closed","ping_status":"closed","template":"","meta":{"_acf_changed":false,"footnotes":""},"class_list":["post-10463","page","type-page","status-publish","has-post-thumbnail","hentry"],"acf":[],"_links":{"self":[{"href":"https:\/\/rdm.no\/se\/wp-json\/wp\/v2\/pages\/10463","targetHints":{"allow":["GET"]}}],"collection":[{"href":"https:\/\/rdm.no\/se\/wp-json\/wp\/v2\/pages"}],"about":[{"href":"https:\/\/rdm.no\/se\/wp-json\/wp\/v2\/types\/page"}],"author":[{"embeddable":true,"href":"https:\/\/rdm.no\/se\/wp-json\/wp\/v2\/users\/3"}],"replies":[{"embeddable":true,"href":"https:\/\/rdm.no\/se\/wp-json\/wp\/v2\/comments?post=10463"}],"version-history":[{"count":0,"href":"https:\/\/rdm.no\/se\/wp-json\/wp\/v2\/pages\/10463\/revisions"}],"up":[{"embeddable":true,"href":"https:\/\/rdm.no\/se\/wp-json\/wp\/v2\/pages\/9717"}],"wp:featuredmedia":[{"embeddable":true,"href":"https:\/\/rdm.no\/se\/wp-json\/wp\/v2\/media\/10519"}],"wp:attachment":[{"href":"https:\/\/rdm.no\/se\/wp-json\/wp\/v2\/media?parent=10463"}],"curies":[{"name":"wp","href":"https:\/\/api.w.org\/{rel}","templated":true}]}}