{"id":10095,"date":"2022-05-10T15:16:17","date_gmt":"2022-05-10T13:16:17","guid":{"rendered":"https:\/\/rdm.no\/?page_id=10095"},"modified":"2023-01-31T15:34:07","modified_gmt":"2023-01-31T14:34:07","slug":"om-museet","status":"publish","type":"page","link":"https:\/\/rdm.no\/se\/kokelv_sjosamiske_museum\/om-museet\/","title":{"rendered":"Musea birra"},"content":{"rendered":"<figure id=\"attachment_10058\" class=\"thumbnail wp-caption alignnone\" style=\"max-width: 2560px;\">\n    <img loading=\"lazy\" decoding=\"async\" class=\"wp-image-10058 size-full\" src=\"https:\/\/rdm.no\/wp-content\/uploads\/2022\/05\/DJI_0088-HDR-1-scaled.jpg\" alt=\"Govva Nill\u00e1d\u00e1lus ja visttiin mearaguvlui.\" width=\"2560\" height=\"1543\" srcset=\"https:\/\/rdm.no\/wp-content\/uploads\/2022\/05\/DJI_0088-HDR-1-scaled.jpg 2560w, https:\/\/rdm.no\/wp-content\/uploads\/2022\/05\/DJI_0088-HDR-1-300x181.jpg 300w, https:\/\/rdm.no\/wp-content\/uploads\/2022\/05\/DJI_0088-HDR-1-1024x617.jpg 1024w, https:\/\/rdm.no\/wp-content\/uploads\/2022\/05\/DJI_0088-HDR-1-768x463.jpg 768w, https:\/\/rdm.no\/wp-content\/uploads\/2022\/05\/DJI_0088-HDR-1-1536x926.jpg 1536w, https:\/\/rdm.no\/wp-content\/uploads\/2022\/05\/DJI_0088-HDR-1-2048x1234.jpg 2048w\" sizes=\"auto, (max-width: 2560px) 100vw, 2560px\" \/>    <figcaption class=\"caption wp-caption-text\">Nill\u00e1dallu<\/figcaption>\n<\/figure>\n<p>Kommunala\u0161departemeantta \u00e1lggahii \u00e1lggogeah\u010den 1980- logu doaimmaid nannen dihte mearras\u00e1mi \u00e1ssanguovlluid. J\u00e1hkovuona s\u00e1mesearvvi vuo\u0111\u0111uduvvui 02.12.1983. Ulbmil lei \u00e1immahu\u0161\u0161at ja ovddidit mearras\u00e1mi kultuvrra J\u00e1hkovuonas ja maid Oarje-Finnm\u00e1rkkus. Bargu \u010dohkket d\u00e1vviriid ja govaid \u00e1lggii. mearras\u00e1mi kultuvrra dokumenterema, sihkkarastima ja \u010dalmmustahttima v\u00e1ste. J\u00e1hkovuona museasearvi , \u00e1lggahuvvon 1991, jotkkii bargguin. J\u00e1hkovuona museasearvi ja F\u00e1lesnuori gielda vuo\u0111\u0111udeigga J\u00e1hkovuona mearras\u00e1mi musea seamma jagi.<\/p>\n<p>1992 ostii J\u00e1hkovuona mearras\u00e1mi musea Nill\u00e1d\u00e1lu, guoros mearras\u00e1mi sm\u00e1vvad\u00e1llodoallu. Viesus, n\u00e1vehis ja n\u00e1vsttus mis lea d\u00e1l \u010d\u00e1j\u00e1hus. Nill\u00e1d\u00e1lu birgejupmi lei sm\u00e1vvad\u00e1llodoallu ja guol\u00e1steapmi, d\u00e1vvir\u010d\u00e1j\u00e1hus speadjalast\u00e1 birgejumi.<\/p>\n<p><img loading=\"lazy\" decoding=\"async\" class=\"alignnone wp-image-10061 size-full\" src=\"https:\/\/rdm.no\/wp-content\/uploads\/2022\/05\/DJI_0979-HDRutsnitt-scaled.jpg\" alt=\"Dronagovva J\u00e1hkovuona mearrag\u00e1ttis.\" width=\"2560\" height=\"1525\" srcset=\"https:\/\/rdm.no\/wp-content\/uploads\/2022\/05\/DJI_0979-HDRutsnitt-scaled.jpg 2560w, https:\/\/rdm.no\/wp-content\/uploads\/2022\/05\/DJI_0979-HDRutsnitt-300x179.jpg 300w, https:\/\/rdm.no\/wp-content\/uploads\/2022\/05\/DJI_0979-HDRutsnitt-1024x610.jpg 1024w, https:\/\/rdm.no\/wp-content\/uploads\/2022\/05\/DJI_0979-HDRutsnitt-768x457.jpg 768w, https:\/\/rdm.no\/wp-content\/uploads\/2022\/05\/DJI_0979-HDRutsnitt-1536x915.jpg 1536w, https:\/\/rdm.no\/wp-content\/uploads\/2022\/05\/DJI_0979-HDRutsnitt-2048x1220.jpg 2048w\" sizes=\"auto, (max-width: 2560px) 100vw, 2560px\" \/><\/p>\n<p><strong>Don oainn\u00e1t:<em><br \/>\n<\/em><\/strong><\/p>\n<ul>\n<li>Sm\u00e1vvad\u00e1lola\u010d\u010daid ja guolasteddjiid orrun- ja eallindili<\/li>\n<li>V\u00e1sihit mearras\u00e1mi kultuvrra rievttes birr\u00e1sis.<\/li>\n<li>O\u0111asm\u00e1htton J\u00e1hkovuona g\u00e1vtti, maid \u00e1lge o\u0111\u0111asit goarrut go g\u00e1vdn\u00e1 mearras\u00e1mi g\u00e1vtti mii geavahuvvui J\u00e1hkovuonas 1800-logus. Norgga \u00c1lbmotmusea Oslos g\u00e1vnnai dan g\u00e1vtti 100 ma\u014b\u014bel ie\u017eas vuorkk\u00e1s. J\u00e1hkkovuonag\u00e1kti lei vuostta\u0161 mearras\u00e1mi g\u00e1kti maid \u00e1lge o\u0111\u0111asit goarrut ja d\u00e1l lea fas v\u00e1ldon atnui, muhto d\u00e1l adno du\u0161\u0161o \u010di\u014badeabm\u00e1i.<\/li>\n<\/ul>\n<p><img loading=\"lazy\" decoding=\"async\" class=\"alignnone wp-image-10064 size-full\" src=\"https:\/\/rdm.no\/wp-content\/uploads\/2022\/05\/36B9241utsnitt-scaled.jpg\" alt=\"Rukses \u00e1iti dahje olgovistti ja lie\u0111it ovddabealde. \" width=\"2560\" height=\"1649\" srcset=\"https:\/\/rdm.no\/wp-content\/uploads\/2022\/05\/36B9241utsnitt-scaled.jpg 2560w, https:\/\/rdm.no\/wp-content\/uploads\/2022\/05\/36B9241utsnitt-300x193.jpg 300w, https:\/\/rdm.no\/wp-content\/uploads\/2022\/05\/36B9241utsnitt-1024x660.jpg 1024w, https:\/\/rdm.no\/wp-content\/uploads\/2022\/05\/36B9241utsnitt-768x495.jpg 768w, https:\/\/rdm.no\/wp-content\/uploads\/2022\/05\/36B9241utsnitt-1536x990.jpg 1536w, https:\/\/rdm.no\/wp-content\/uploads\/2022\/05\/36B9241utsnitt-2048x1320.jpg 2048w\" sizes=\"auto, (max-width: 2560px) 100vw, 2560px\" \/><\/p>\n","protected":false},"excerpt":{"rendered":"<p>D\u00e1s s\u00e1ht\u00e1t lohkkat J\u00e1hkovuona musea birra<\/p>\n","protected":false},"author":19,"featured_media":0,"parent":6295,"menu_order":0,"comment_status":"closed","ping_status":"closed","template":"","meta":{"_acf_changed":false,"footnotes":""},"class_list":["post-10095","page","type-page","status-publish","hentry"],"acf":[],"_links":{"self":[{"href":"https:\/\/rdm.no\/se\/wp-json\/wp\/v2\/pages\/10095","targetHints":{"allow":["GET"]}}],"collection":[{"href":"https:\/\/rdm.no\/se\/wp-json\/wp\/v2\/pages"}],"about":[{"href":"https:\/\/rdm.no\/se\/wp-json\/wp\/v2\/types\/page"}],"author":[{"embeddable":true,"href":"https:\/\/rdm.no\/se\/wp-json\/wp\/v2\/users\/19"}],"replies":[{"embeddable":true,"href":"https:\/\/rdm.no\/se\/wp-json\/wp\/v2\/comments?post=10095"}],"version-history":[{"count":0,"href":"https:\/\/rdm.no\/se\/wp-json\/wp\/v2\/pages\/10095\/revisions"}],"up":[{"embeddable":true,"href":"https:\/\/rdm.no\/se\/wp-json\/wp\/v2\/pages\/6295"}],"wp:attachment":[{"href":"https:\/\/rdm.no\/se\/wp-json\/wp\/v2\/media?parent=10095"}],"curies":[{"name":"wp","href":"https:\/\/api.w.org\/{rel}","templated":true}]}}