{"id":8912,"date":"2021-03-01T11:34:40","date_gmt":"2021-03-01T10:34:40","guid":{"rendered":"https:\/\/rdm.no\/?page_id=8912"},"modified":"2026-01-14T15:12:13","modified_gmt":"2026-01-14T14:12:13","slug":"lan-av-samlinger","status":"publish","type":"page","link":"https:\/\/rdm.no\/no\/samisk_kunstmagasin\/lan-av-samlinger\/","title":{"rendered":"Utl\u00e5n av kunst"},"content":{"rendered":"<p>Vi opplever en \u00f8kende interesse for l\u00e5n av samisk kunst, og vedlegger her noen av v\u00e5re betingelser slik det st\u00e5r i v\u00e5r utl\u00e5nskontrakt. Institusjoner som \u00f8nsker \u00e5 benytte deres innl\u00e5nskontrakt bes ta kontakt om dette.<\/p>\n<p>S\u00f8knadsfristen for utl\u00e5n i Norge er senest 9 m\u00e5neder f\u00f8r utstillings\u00e5pning og 12 m\u00e5neder for utl\u00e5n til utlandet.<\/p>\n<p>Send en formell l\u00e5neforesp\u00f8rsel via e-post til haakon@rdm.no eller per.asle@rdm.no som beskriver utstillingens tittel, visningssted og datoer for utstillingsperioden. S\u00f8knaden b\u00f8r inneholde en beskrivelse av utstillingskonseptet, en begrunnelse for l\u00e5n av de \u00f8nskede verkene, og en oversikt over \u00f8nskede kunstverk med kunstnernavn og tittel. I tillegg m\u00e5 s\u00f8knaden inneholde en fasilitetsrapport som dokumenterer sikkerhet og klimaforhold p\u00e5 visningsstedet.<\/p>\n<p><strong>Varighet:<\/strong><br \/>\nTotal utl\u00e5nstid for kortidsl\u00e5n er inntil 1 \u00e5r. For langtidsl\u00e5n er utl\u00e5nstiden 1 til 3 \u00e5r.<\/p>\n<p>S\u00f8knad om forlengelse av utl\u00e5nstiden avgj\u00f8res av museumsdirekt\u00f8r og fagansvarlig ved S\u00e1mi D\u00e1iddamagasiidna\/Samisk Kunstmagasin &#8211; RDM, og bekreftes skriftlig. Dersom utl\u00e5ner f\u00e5r behov for utl\u00e5nte gjenstander til egne utstillinger under utl\u00e5nsperioden skal gjenstander kunne byttes ut.<\/p>\n<p><strong>Utgifter:<\/strong><br \/>\nAlle utgifter skal betales av l\u00e5ntaker.<\/p>\n<p>L\u00e5ntaker plikter \u00e5 dekke alle utgifter knyttet til utl\u00e5net, inkludert arbeid med forberedelser, nedpakking, oppakking, etterarbeid, transport, forsikring og eventuell bruk av kur\u00e9r.<\/p>\n<p>Arbeid med pakking, tilstandsrapportering og forberedelser faktureres basert p\u00e5 antall verk, med en kostnad p\u00e5 kr 1 700,- per verk. For oppdrag med ett eller to verk faktureres en minimumskostnad p\u00e5 kr 3 400,-. For<br \/>\nst\u00f8rre utl\u00e5n kan det inng\u00e5s en s\u00e6rskilt avtale om timebasert fakturering.<\/p>\n<p>Institusjoner underlagt Sametingets tilskuddsordning belastes ikke for arbeid knyttet til utl\u00e5net.<\/p>\n<p><strong>Transport og pakking:<\/strong><br \/>\nAll pakking til bestemmelsessted utf\u00f8res av S\u00e1mi D\u00e1iddamagasiidna\/Samisk Kunstmagasin \u2013 RDM. Ved mottakelsen skal en ansvarlig person fra l\u00e5ntaker v\u00e6re til stede og overv\u00e5ke utpakkingen. L\u00e5ntaker plikter ogs\u00e5 \u00e5 p\u00e5se at emballasje og pakkemetode ved retur holder samme standard som ved mottak.<\/p>\n<p>Transportplanen skal spesifiseres og godkjennes av utl\u00e5ner og inkludere valg av spedit\u00f8r eller transportbyr\u00e5, reiseruter, transportmidler, sikkerhet under omlastninger og eventuelle overnattinger. Ved internasjonale utl\u00e5n er transport\u00f8r eller spedit\u00f8rfirma ansvarlig for all tollklarering, som skal utf\u00f8res p\u00e5 en slik m\u00e5te at emballasjen eller transportkassene ikke m\u00e5 \u00e5pnes f\u00f8r gjenstandene ankommer mottakerens lokaler.<\/p>\n<p><strong>Forsikring:<\/strong><br \/>\nL\u00e5ntaker skal forsikre kunstverket\/gjenstanden(e) p\u00e5 fulle vilk\u00e5r (mot alle skader og tap) under transport til og fra bestemmelsesstedet, samt under hele oppholdet. Forsikringen skal dekkes av l\u00e5ntaker.<\/p>\n<p>Ved internasjonale forsendelser m\u00e5 en kopi av forsikringsavtalen sendes til S\u00e1mi D\u00e1iddamagasiidna\/Samisk Kunstmagasin \u2013 RDM minst \u00e9n uke f\u00f8r transporten finner sted. Utl\u00e5ner kan i visse tilfeller kreve \u00e5 forsikre<br \/>\nkunstverket\/gjenstanden(e) gjennom sine egne forbindelser, ogs\u00e5 for l\u00e5ntakers regning.<\/p>\n<p>Forsikringsvilk\u00e5rene skal inkludere museumsklausulen, som presiserer at kunstverket\/gjenstanden(e) forblir utl\u00e5ners eiendom, selv om utl\u00e5ner mottar full erstatning for eventuelle skader eller tap.<\/p>\n<p>Gyldig forsikringsbevis skal kunne fremvises p\u00e5 foresp\u00f8rsel fra utl\u00e5ner.<\/p>\n<p><strong>Krav til sikring, klima og lys:<\/strong><br \/>\nKunstverket\/gjenstanden(e) skal til enhver tid holdes forsvarlig sikret under transport, lagring og utstilling, og skal ikke h\u00e5ndteres av uvedkommende. Ved behov kan det utarbeides en s\u00e6rskilt avtale som spesifiserer kravene for den aktuelle utstillingen.<\/p>\n<p>L\u00e5ntaker er ansvarlig for kunstverket\/gjenstanden(e) sin oppbevaring og utstilling i tr\u00e5d med spesifikasjonene i tilstandsrapporten. Utstillingslokaler og -montre skal v\u00e6re n\u00f8ye tilpasset kunstverket\/gjenstanden(e) med tanke<br \/>\np\u00e5 bevaring.<\/p>\n","protected":false},"excerpt":{"rendered":"<p>Vi opplever en \u00f8kende interesse for l\u00e5n av samisk kunst, og vedlegger her noen av v\u00e5re betingelser slik det st\u00e5r i v\u00e5r utl\u00e5nskontrakt. Institusjoner som \u00f8nsker \u00e5 benytte deres innl\u00e5nskontrakt bes ta kontakt om dette. S\u00f8knadsfristen for utl\u00e5n i Norge er senest 9 m\u00e5neder f\u00f8r utstillings\u00e5pning og 12 m\u00e5neder for utl\u00e5n til utlandet. Send en [&hellip;]<\/p>\n","protected":false},"author":4,"featured_media":0,"parent":2413,"menu_order":0,"comment_status":"closed","ping_status":"closed","template":"","meta":{"_acf_changed":false,"footnotes":""},"class_list":["post-8912","page","type-page","status-publish","hentry"],"acf":[],"_links":{"self":[{"href":"https:\/\/rdm.no\/no\/wp-json\/wp\/v2\/pages\/8912","targetHints":{"allow":["GET"]}}],"collection":[{"href":"https:\/\/rdm.no\/no\/wp-json\/wp\/v2\/pages"}],"about":[{"href":"https:\/\/rdm.no\/no\/wp-json\/wp\/v2\/types\/page"}],"author":[{"embeddable":true,"href":"https:\/\/rdm.no\/no\/wp-json\/wp\/v2\/users\/4"}],"replies":[{"embeddable":true,"href":"https:\/\/rdm.no\/no\/wp-json\/wp\/v2\/comments?post=8912"}],"version-history":[{"count":0,"href":"https:\/\/rdm.no\/no\/wp-json\/wp\/v2\/pages\/8912\/revisions"}],"up":[{"embeddable":true,"href":"https:\/\/rdm.no\/no\/wp-json\/wp\/v2\/pages\/2413"}],"wp:attachment":[{"href":"https:\/\/rdm.no\/no\/wp-json\/wp\/v2\/media?parent=8912"}],"curies":[{"name":"wp","href":"https:\/\/api.w.org\/{rel}","templated":true}]}}