{"id":8908,"date":"2021-03-01T10:44:01","date_gmt":"2021-03-01T09:44:01","guid":{"rendered":"https:\/\/rdm.no\/?page_id=8908"},"modified":"2023-01-31T15:12:55","modified_gmt":"2023-01-31T14:12:55","slug":"digitalt-museum","status":"publish","type":"page","link":"https:\/\/rdm.no\/no\/samisk_kunstmagasin\/digitalt-museum\/","title":{"rendered":"Digitalt Museum"},"content":{"rendered":"<p>Se hva vi har lagt ut p\u00e5 <a href=\"https:\/\/digitaltmuseum.no\/search\/?aq=owner%3A%22RDM%22+type%3A%22fineart%22\">DigitaltMuseum<\/a>\u00a0av den samiske kunstsamlingen.<\/p>\n<figure id=\"attachment_8383\" class=\"thumbnail wp-caption alignnone\" style=\"max-width: 2399px;\">\n    <img loading=\"lazy\" decoding=\"async\" class=\"wp-image-8383 size-full\" src=\"https:\/\/rdm.no\/wp-content\/uploads\/2020\/11\/SD-1002-2-2-scaled.jpg\" alt=\"Smykke av reinhorn, duojar er Per Isak Juuso.\" width=\"2399\" height=\"2560\" srcset=\"https:\/\/rdm.no\/wp-content\/uploads\/2020\/11\/SD-1002-2-2-scaled.jpg 2399w, https:\/\/rdm.no\/wp-content\/uploads\/2020\/11\/SD-1002-2-2-281x300.jpg 281w, https:\/\/rdm.no\/wp-content\/uploads\/2020\/11\/SD-1002-2-2-959x1024.jpg 959w, https:\/\/rdm.no\/wp-content\/uploads\/2020\/11\/SD-1002-2-2-768x820.jpg 768w, https:\/\/rdm.no\/wp-content\/uploads\/2020\/11\/SD-1002-2-2-1439x1536.jpg 1439w, https:\/\/rdm.no\/wp-content\/uploads\/2020\/11\/SD-1002-2-2-1919x2048.jpg 1919w\" sizes=\"auto, (max-width: 2399px) 100vw, 2399px\" \/>    <figcaption class=\"caption wp-caption-text\">Per Isak Juuso &#8211; Smykke<\/figcaption>\n<\/figure>\n","protected":false},"excerpt":{"rendered":"<p>Kunstsamlingen tilgjengeliggj\u00f8res fortl\u00f8pende p\u00e5 DigitaltMuseum<\/p>\n","protected":false},"author":4,"featured_media":0,"parent":2413,"menu_order":0,"comment_status":"closed","ping_status":"closed","template":"","meta":{"_acf_changed":false,"footnotes":""},"class_list":["post-8908","page","type-page","status-publish","hentry"],"acf":[],"_links":{"self":[{"href":"https:\/\/rdm.no\/no\/wp-json\/wp\/v2\/pages\/8908","targetHints":{"allow":["GET"]}}],"collection":[{"href":"https:\/\/rdm.no\/no\/wp-json\/wp\/v2\/pages"}],"about":[{"href":"https:\/\/rdm.no\/no\/wp-json\/wp\/v2\/types\/page"}],"author":[{"embeddable":true,"href":"https:\/\/rdm.no\/no\/wp-json\/wp\/v2\/users\/4"}],"replies":[{"embeddable":true,"href":"https:\/\/rdm.no\/no\/wp-json\/wp\/v2\/comments?post=8908"}],"version-history":[{"count":0,"href":"https:\/\/rdm.no\/no\/wp-json\/wp\/v2\/pages\/8908\/revisions"}],"up":[{"embeddable":true,"href":"https:\/\/rdm.no\/no\/wp-json\/wp\/v2\/pages\/2413"}],"wp:attachment":[{"href":"https:\/\/rdm.no\/no\/wp-json\/wp\/v2\/media?parent=8908"}],"curies":[{"name":"wp","href":"https:\/\/api.w.org\/{rel}","templated":true}]}}