{"id":6977,"date":"2020-04-06T10:53:27","date_gmt":"2020-04-06T08:53:27","guid":{"rendered":"https:\/\/rdm.no\/?page_id=6977"},"modified":"2023-04-04T16:22:02","modified_gmt":"2023-04-04T14:22:02","slug":"rdm-podkast-samas","status":"publish","type":"page","link":"https:\/\/rdm.no\/no\/rdm-podkast-samas\/","title":{"rendered":"Podkast RDM: h\u00f8r sesong 4!"},"content":{"rendered":"<h2>Ny sesong &laquo;50 jagi museahistorj\u00e1 &#8211; 50 \u00e5r av museumshistorie&raquo; ble publisert den 26.11.2022.<\/h2>\n<p>&nbsp;<\/p>\n<h2><span style=\"color: #ff6600;\">P\u00e5skeepisoder til\u00a0 den 4.sesongen publiseres\u00a0 kl. 07:00\u00a0<\/span><\/h2>\n<h2><span style=\"color: #ff6600;\">onsdag den 05.04 og andre p\u00e5skedag, mandag den 10.04!<\/span><\/h2>\n<h2>Episoder er p\u00e5 samisk<\/h2>\n<p>&nbsp;<\/p>\n<p>Nye episoder fra den\u00a0 fjerde sesongen vil bli publisert hver torsdag kl. 07:00.<\/p>\n<p>Produsenter: S\u00e1pmi Media UB og RDM &#8211; SVD v\/museumsleder Jelena Porsanger.<\/p>\n<p>Produsert med st\u00f8tte fra <a href=\"https:\/\/frittord.no\/nb\/grants\">Fritt Ord Stiftelse<\/a> og <a href=\"https:\/\/samediggi.no\">Sametinget<\/a> i forbindelse med SVD 50-\u00e5rs jubileumsseminar.<\/p>\n<h2>Du finner oss her:<\/h2>\n<p><img loading=\"lazy\" decoding=\"async\" class=\"wp-image-6882 alignleft\" src=\"https:\/\/rdm.no\/wp-content\/uploads\/2020\/03\/radio-ios-7-interface-symbol_318-38576-300x300.jpg\" alt=\"Radio symbol bilde\" width=\"113\" height=\"113\" srcset=\"https:\/\/rdm.no\/wp-content\/uploads\/2020\/03\/radio-ios-7-interface-symbol_318-38576-300x300.jpg 300w, https:\/\/rdm.no\/wp-content\/uploads\/2020\/03\/radio-ios-7-interface-symbol_318-38576-150x150.jpg 150w, https:\/\/rdm.no\/wp-content\/uploads\/2020\/03\/radio-ios-7-interface-symbol_318-38576.jpg 626w\" sizes=\"auto, (max-width: 113px) 100vw, 113px\" \/><\/p>\n<h3><a href=\"https:\/\/anchor.fm\/riddoduottarmuseat\">RDM podkast<\/a><\/h3>\n<p>&nbsp;<\/p>\n<p>&nbsp;<\/p>\n<p>&nbsp;<\/p>\n<p>Ellers h\u00f8r p\u00e5 v\u00e5r podkastserie om RDMs museers og kunstmagasinets hverdag. Du finner oss p\u00e5 bl.a. Spotify, Youtube, Anchor. Ogs\u00e5 Sesong 1, 2 og 3 er tilgjengelige. Velkom<span style=\"font-size: 1rem;\">men!<\/span><\/p>\n<p>Alle podktepisodene kan du ogs\u00e5 finne p\u00e5<\/p>\n<p>Spotify: <a href=\"https:\/\/open.spotify.com\/show\/7EUrA8slmIV54uKWfBkk36\">RiddoDuottarMuseat | Podkast p\u00e5 Spotify<\/a><\/p>\n<p>eller p\u00e5 RDM sin Youtube: <a href=\"https:\/\/www.youtube.com\/channel\/UCTW8GY-HG8H8oCjRHsp-KVg\">https:\/\/www.youtube.com\/channel\/UCTW8GY-HG8H8oCjRHsp-KVg<\/a><\/p>\n<p>&nbsp;<\/p>\n<h2>Om podkastserien:<\/h2>\n<figure id=\"attachment_7073\" class=\"thumbnail wp-caption alignright\" style=\"max-width: 300px;\">\n    <img loading=\"lazy\" decoding=\"async\" class=\"wp-image-7073 size-medium\" src=\"https:\/\/rdm.no\/wp-content\/uploads\/2020\/04\/Podkast-profilbilde-1-300x300.jpg\" alt=\"Kollasjebilde av 4 RDM museer og kunstnagasinet og logo\" width=\"300\" height=\"300\" srcset=\"https:\/\/rdm.no\/wp-content\/uploads\/2020\/04\/Podkast-profilbilde-1-300x300.jpg 300w, https:\/\/rdm.no\/wp-content\/uploads\/2020\/04\/Podkast-profilbilde-1-1024x1024.jpg 1024w, https:\/\/rdm.no\/wp-content\/uploads\/2020\/04\/Podkast-profilbilde-1-150x150.jpg 150w, https:\/\/rdm.no\/wp-content\/uploads\/2020\/04\/Podkast-profilbilde-1-768x768.jpg 768w, https:\/\/rdm.no\/wp-content\/uploads\/2020\/04\/Podkast-profilbilde-1-1536x1536.jpg 1536w, https:\/\/rdm.no\/wp-content\/uploads\/2020\/04\/Podkast-profilbilde-1-2048x2048.jpg 2048w\" sizes=\"auto, (max-width: 300px) 100vw, 300px\" \/>    <figcaption class=\"caption wp-caption-text\">RDM Podkast<\/figcaption>\n<\/figure>\n<p>Velkommen til v\u00e5r museumspodkast &#8211; h\u00f8r om hva som foreg\u00e5r bak kulissene p\u00e5 v\u00e5re museer, om prosjekter og andre temaer i museumsverden. V\u00e5re spr\u00e5k i podkastserien: samisk, norsk og i utvalgte podkastepisoder ogs\u00e5 engelsk og kvensk.<\/p>\n<p>Joik i podkasten: Per Tor Turi.<\/p>\n<p>Il\u00f8pet av sommeren legger vi ut nye podkastepisoder ukentlig, hver fredag kl.07.00. Du kan h\u00f8re podkasten p\u00e5 <a href=\"https:\/\/anchor.fm\/riddoduottarmuseat\">Anchor<\/a>, <a href=\"https:\/\/open.spotify.com\/show\/7EUrA8slmIV54uKWfBkk36\">Spotify<\/a> og <a href=\"https:\/\/www.youtube.com\/channel\/UCTW8GY-HG8H8oCjRHsp-KVg?\">Youtube<\/a>.<\/p>\n<p>RiddoDuottarMuseat best\u00e5r av fire samiske museer og et samisk kunstmagasin, plassert i Karasjok, Kautokeino, Porsanger og Kokelv.<\/p>\n<h2>Sesong 3<\/h2>\n<p>2022 er den tredje \u00e5ret RDM har en podkast serie. I \u00e5r er det 17 episoder, med mange forskjellige temaer. I \u00e5r har vi episoder p\u00e5 fire spr\u00e5k \u2013 samisk, kvensk, norsk og engelsk! For eksempel s\u00e5 snakket Kjersti og Matthew p\u00e5 engelsk om det \u00e5 lage 3D modeller av museumsgjenstander, Riinakaisa snakket med Jan Daleng om utstillingen \u00abKvener i Porsanger\u00bb p\u00e5 kvensk, M\u00e1ret Steinfjell forteller om M\u00e1ze dokumentasjonsarbeidet p\u00e5 samisk og p\u00e5 norsk snakker Bror og Ailo om bygningsvern \u2013 og mange flere spennende episoder finner dere p\u00e5: <a href=\"https:\/\/anchor.fm\/riddoduottarmuseat\">https:\/\/anchor.fm\/riddoduottarmuseat<\/a><\/p>\n<p>Produsenter for sesong 3: Anne May Olli og Kjersti Robertsen<\/p>\n<p>Takker for f\u00f8lget denne sesongen. F\u00f8lg med, det kommer en ny sesong 4!<\/p>\n<p>&nbsp;<\/p>\n<figure id=\"attachment_7254\" class=\"thumbnail wp-caption alignleft\" style=\"max-width: 143px;\">\n    <img loading=\"lazy\" decoding=\"async\" class=\"wp-image-7254\" src=\"https:\/\/rdm.no\/wp-content\/uploads\/2020\/05\/photocollage_2020527913513912-300x300.png\" alt=\"Kollasjebilde med to kvinner med mikrofon og \u00f8retelefoner\" width=\"143\" height=\"143\" srcset=\"https:\/\/rdm.no\/wp-content\/uploads\/2020\/05\/photocollage_2020527913513912-300x300.png 300w, https:\/\/rdm.no\/wp-content\/uploads\/2020\/05\/photocollage_2020527913513912-1024x1024.png 1024w, https:\/\/rdm.no\/wp-content\/uploads\/2020\/05\/photocollage_2020527913513912-150x150.png 150w, https:\/\/rdm.no\/wp-content\/uploads\/2020\/05\/photocollage_2020527913513912-768x768.png 768w, https:\/\/rdm.no\/wp-content\/uploads\/2020\/05\/photocollage_2020527913513912-1536x1536.png 1536w, https:\/\/rdm.no\/wp-content\/uploads\/2020\/05\/photocollage_2020527913513912.png 1620w\" sizes=\"auto, (max-width: 143px) 100vw, 143px\" \/>    <figcaption class=\"caption wp-caption-text\">Kjersti Robertsen &amp; Jelena Porsanger<\/figcaption>\n<\/figure>\n<p>&nbsp;<\/p>\n<p><span style=\"display: inline !important; float: none; background-color: #ffffff; color: #333333; cursor: text; font-family: Georgia,'Times New Roman','Bitstream Charter',Times,serif; font-size: 16px; font-style: normal; font-variant: normal; font-weight: 400; letter-spacing: normal; orphans: 2; text-align: left; text-decoration: none; text-indent: 0px; text-transform: none; -webkit-text-stroke-width: 0px; white-space: normal; word-spacing: 0px;\">Produsenter for sesong 1 og 2: Kjersti Robertsen og Jelena Porsanger<\/span><\/p>\n<p>&nbsp;<\/p>\n<h2>Du finner oss her:<\/h2>\n<p><img loading=\"lazy\" decoding=\"async\" class=\"wp-image-6882 alignleft\" src=\"https:\/\/rdm.no\/wp-content\/uploads\/2020\/03\/radio-ios-7-interface-symbol_318-38576-300x300.jpg\" alt=\"Radio symbol bilde\" width=\"113\" height=\"113\" srcset=\"https:\/\/rdm.no\/wp-content\/uploads\/2020\/03\/radio-ios-7-interface-symbol_318-38576-300x300.jpg 300w, https:\/\/rdm.no\/wp-content\/uploads\/2020\/03\/radio-ios-7-interface-symbol_318-38576-150x150.jpg 150w, https:\/\/rdm.no\/wp-content\/uploads\/2020\/03\/radio-ios-7-interface-symbol_318-38576.jpg 626w\" sizes=\"auto, (max-width: 113px) 100vw, 113px\" \/><\/p>\n<h3><a href=\"https:\/\/anchor.fm\/riddoduottarmuseat\">RDM podkast<\/a><\/h3>\n<p>&nbsp;<\/p>\n<p>&nbsp;<\/p>\n","protected":false},"excerpt":{"rendered":"<p>Ny sesong av RDM podkast &#8211; &quot;50 \u00e5r av museumshistorie&quot; er publiseret. H\u00f8r p\u00e5 den nye podkastsesongen om De Samiske Samlinger p\u00e5 Spotify, Youtube, Anchor og mange andre plattformer.<\/p>\n","protected":false},"author":3,"featured_media":9312,"parent":0,"menu_order":0,"comment_status":"closed","ping_status":"closed","template":"","meta":{"_acf_changed":false,"footnotes":""},"class_list":["post-6977","page","type-page","status-publish","has-post-thumbnail","hentry"],"acf":[],"_links":{"self":[{"href":"https:\/\/rdm.no\/no\/wp-json\/wp\/v2\/pages\/6977","targetHints":{"allow":["GET"]}}],"collection":[{"href":"https:\/\/rdm.no\/no\/wp-json\/wp\/v2\/pages"}],"about":[{"href":"https:\/\/rdm.no\/no\/wp-json\/wp\/v2\/types\/page"}],"author":[{"embeddable":true,"href":"https:\/\/rdm.no\/no\/wp-json\/wp\/v2\/users\/3"}],"replies":[{"embeddable":true,"href":"https:\/\/rdm.no\/no\/wp-json\/wp\/v2\/comments?post=6977"}],"version-history":[{"count":0,"href":"https:\/\/rdm.no\/no\/wp-json\/wp\/v2\/pages\/6977\/revisions"}],"wp:featuredmedia":[{"embeddable":true,"href":"https:\/\/rdm.no\/no\/wp-json\/wp\/v2\/media\/9312"}],"wp:attachment":[{"href":"https:\/\/rdm.no\/no\/wp-json\/wp\/v2\/media?parent=6977"}],"curies":[{"name":"wp","href":"https:\/\/api.w.org\/{rel}","templated":true}]}}