{"id":6842,"date":"2020-02-28T14:12:52","date_gmt":"2020-02-28T13:12:52","guid":{"rendered":"https:\/\/rdm.no\/?page_id=6842"},"modified":"2025-10-27T15:41:58","modified_gmt":"2025-10-27T14:41:58","slug":"apningstider","status":"publish","type":"page","link":"https:\/\/rdm.no\/no\/de_samiske_samlinger\/apningstider\/","title":{"rendered":"\u00c5pningstider"},"content":{"rendered":"<h2><strong>\u00c5pningstider<\/strong><\/h2>\n<h2>Museet er stengt fra 28. oktober p\u00e5 grunn av flytting av museets samling til nytt lager. F\u00f8lg med p\u00e5 nettsiden v\u00e5r for oppdateringer om museets fremtidige planer. For henvendelser, vennligst kontakt resepsjonen:\u00a0<a title=\"mailto:post@rdm.no\" href=\"mailto:post@rdm.no\" data-linkindex=\"1\">post@rdm.no<\/a><\/h2>\n<p>&nbsp;<\/p>\n<h2 style=\"font-weight: 400;\"><strong>Inngangsbilletter<\/strong><b><strong><br \/>\n<\/strong><\/b><\/h2>\n<ul style=\"font-weight: 400;\">\n<li><span style=\"font-weight: inherit !important;\">Voksne NOK 150<\/span><\/li>\n<li><span style=\"font-weight: inherit !important;\">Studenter\/pensjonister NOK 90<\/span><\/li>\n<li>Ungdom (15-17 \u00e5r) NOK 90<\/li>\n<li><span style=\"font-weight: inherit !important;\">Barn under 15 gratis<\/span><\/li>\n<li><span style=\"font-weight: inherit !important;\">Grupper over 10 personer NOK 90 per person<\/span><\/li>\n<\/ul>\n","protected":false},"excerpt":{"rendered":"<p>\u00c5pningstider og billettpriser til De Samiske Samlinger i Karasjok.<\/p>\n","protected":false},"author":3,"featured_media":0,"parent":2341,"menu_order":3,"comment_status":"closed","ping_status":"closed","template":"","meta":{"_acf_changed":false,"footnotes":""},"class_list":["post-6842","page","type-page","status-publish","hentry"],"acf":[],"_links":{"self":[{"href":"https:\/\/rdm.no\/no\/wp-json\/wp\/v2\/pages\/6842","targetHints":{"allow":["GET"]}}],"collection":[{"href":"https:\/\/rdm.no\/no\/wp-json\/wp\/v2\/pages"}],"about":[{"href":"https:\/\/rdm.no\/no\/wp-json\/wp\/v2\/types\/page"}],"author":[{"embeddable":true,"href":"https:\/\/rdm.no\/no\/wp-json\/wp\/v2\/users\/3"}],"replies":[{"embeddable":true,"href":"https:\/\/rdm.no\/no\/wp-json\/wp\/v2\/comments?post=6842"}],"version-history":[{"count":0,"href":"https:\/\/rdm.no\/no\/wp-json\/wp\/v2\/pages\/6842\/revisions"}],"up":[{"embeddable":true,"href":"https:\/\/rdm.no\/no\/wp-json\/wp\/v2\/pages\/2341"}],"wp:attachment":[{"href":"https:\/\/rdm.no\/no\/wp-json\/wp\/v2\/media?parent=6842"}],"curies":[{"name":"wp","href":"https:\/\/api.w.org\/{rel}","templated":true}]}}