{"id":6618,"date":"2020-02-02T19:31:34","date_gmt":"2020-02-02T18:31:34","guid":{"rendered":"https:\/\/rdm.no\/?page_id=6618"},"modified":"2023-01-24T16:25:54","modified_gmt":"2023-01-24T15:25:54","slug":"om-museet","status":"publish","type":"page","link":"https:\/\/rdm.no\/no\/kautokeino_bygdetun\/om-museet\/","title":{"rendered":"Om museet"},"content":{"rendered":"<h2><strong>Om museet<\/strong><\/h2>\n<p>Museet ligger ved elvebredden i sentrum av Kautokeino. Museumsomr\u00e5det er dyrket mark fra begynnelsen av 1700-tallet, og var skoletomt fra 1883 til 1959.<\/p>\n<h3>Tunet<\/h3>\n<p>Rekonstruert milj\u00f8 fra Guovdageaidnu \/ Kautokeino slik det var for ca. 100 \u00e5r siden, med flere fredede bygninger samt torvgammer og konstruksjoner fra reindrift og utmarksboplasser.<\/p>\n<h3>Museumsbygget<\/h3>\n<p>Museumsbygget ble \u00e5pnet i\u00a01987. Utstillingslokalet er utsmykket av den samiske kunstneren\u00a0<a href=\"https:\/\/no.wikipedia.org\/wiki\/Trygve_Lund_Guttormsen\">Trygve Lund Guttormsen<\/a><\/p>\n<p>Basisutstillingen best\u00e5r av gjenstander fra den lokale samiske kulturen, bla.a:<\/p>\n<ul>\n<li>\u00abKirke-hytten 1650\u00bb \u2013 rekonstruert og oppf\u00f8rt\/utstilt innend\u00f8rs. Bygd av t\u00f8mmer \u2013 furu<br \/>\nsom den gang vokste lokalt. Er Finnmarks eldste st\u00e5ende bygning. Hytta ble<br \/>\noppf\u00f8rt av den Svenske kronen, Kong Carl IX, og sto opprinnelig p\u00e5 samme sted som n\u00e5 er<br \/>\nmuseumarealet.<\/li>\n<li>Duodji<\/li>\n<li>Fiskeredskaper \u2013 brukt i tradisjonell innlandsfiske<\/li>\n<li>Kildeskriftutstilling<\/li>\n<li>Modeller laget av <a href=\"https:\/\/lokalhistoriewiki.no\/wiki\/Lars_Jacobsen_H%C3%A6tta\">Lars Jacobsen H\u00e6tta<\/a><\/li>\n<\/ul>\n","protected":false},"excerpt":{"rendered":"<p>Om museet Museet ligger ved elvebredden i sentrum av Kautokeino. Museumsomr\u00e5det er dyrket mark fra begynnelsen av 1700-tallet, og var skoletomt fra 1883 til 1959. Tunet Rekonstruert milj\u00f8 fra Guovdageaidnu \/ Kautokeino slik det var for ca. 100 \u00e5r siden, med flere fredede bygninger samt torvgammer og konstruksjoner fra reindrift og utmarksboplasser. Museumsbygget Museumsbygget ble [&hellip;]<\/p>\n","protected":false},"author":9,"featured_media":0,"parent":2378,"menu_order":1,"comment_status":"closed","ping_status":"closed","template":"","meta":{"_acf_changed":false,"footnotes":""},"class_list":["post-6618","page","type-page","status-publish","hentry"],"acf":[],"_links":{"self":[{"href":"https:\/\/rdm.no\/no\/wp-json\/wp\/v2\/pages\/6618","targetHints":{"allow":["GET"]}}],"collection":[{"href":"https:\/\/rdm.no\/no\/wp-json\/wp\/v2\/pages"}],"about":[{"href":"https:\/\/rdm.no\/no\/wp-json\/wp\/v2\/types\/page"}],"author":[{"embeddable":true,"href":"https:\/\/rdm.no\/no\/wp-json\/wp\/v2\/users\/9"}],"replies":[{"embeddable":true,"href":"https:\/\/rdm.no\/no\/wp-json\/wp\/v2\/comments?post=6618"}],"version-history":[{"count":0,"href":"https:\/\/rdm.no\/no\/wp-json\/wp\/v2\/pages\/6618\/revisions"}],"up":[{"embeddable":true,"href":"https:\/\/rdm.no\/no\/wp-json\/wp\/v2\/pages\/2378"}],"wp:attachment":[{"href":"https:\/\/rdm.no\/no\/wp-json\/wp\/v2\/media?parent=6618"}],"curies":[{"name":"wp","href":"https:\/\/api.w.org\/{rel}","templated":true}]}}