{"id":6451,"date":"2020-01-31T21:23:18","date_gmt":"2020-01-31T20:23:18","guid":{"rendered":"https:\/\/rdm.no\/?page_id=6451"},"modified":"2025-03-07T10:54:40","modified_gmt":"2025-03-07T09:54:40","slug":"ansatte","status":"publish","type":"page","link":"https:\/\/rdm.no\/no\/porsanger_museum\/ansatte\/","title":{"rendered":"Ansatte"},"content":{"rendered":"<figure id=\"attachment_12906\" class=\"thumbnail wp-caption alignleft\" style=\"max-width: 136px;\">\n    <img loading=\"lazy\" decoding=\"async\" class=\" wp-image-12906\" src=\"https:\/\/rdm.no\/wp-content\/uploads\/2025\/02\/Maria-bilde-255x300.jpeg\" alt=\"\" width=\"136\" height=\"160\" srcset=\"https:\/\/rdm.no\/wp-content\/uploads\/2025\/02\/Maria-bilde-255x300.jpeg 255w, https:\/\/rdm.no\/wp-content\/uploads\/2025\/02\/Maria-bilde-870x1024.jpeg 870w, https:\/\/rdm.no\/wp-content\/uploads\/2025\/02\/Maria-bilde-768x904.jpeg 768w, https:\/\/rdm.no\/wp-content\/uploads\/2025\/02\/Maria-bilde-1305x1536.jpeg 1305w, https:\/\/rdm.no\/wp-content\/uploads\/2025\/02\/Maria-bilde-1740x2048.jpeg 1740w\" sizes=\"auto, (max-width: 136px) 100vw, 136px\" \/>    <figcaption class=\"caption wp-caption-text\">Maria Dubinina<\/figcaption>\n<\/figure>\n<p><strong style=\"font-size: 1rem;\">Maria Dubinina<br \/>\n<\/strong><i>Museumsleder\u00a0<\/i><\/p>\n<p>maria@rdm.no<br \/>\n+47 406 33 386<\/p>\n<div class=\"x11i5rnm xat24cr x1mh8g0r x1vvkbs xtlvy1s x126k92a\">\n<div dir=\"auto\"><\/div>\n<div dir=\"auto\"><\/div>\n<\/div>\n<div dir=\"auto\"><\/div>\n<div dir=\"auto\"><\/div>\n<div class=\"x11i5rnm xat24cr x1mh8g0r x1vvkbs xtlvy1s x126k92a\">\n<div dir=\"auto\">\n<p data-start=\"121\" data-end=\"511\">Maria kommer opprinnelig fra Russland, men har bodd i Norge i 15 \u00e5r \u2013 snart syv av dem i Porsanger. Hun har en variert utdanningsbakgrunn innen spr\u00e5k, politikk og samfunnsendring, med studier fra b\u00e5de Russland og Norge. Nylig fullf\u00f8rte hun en mastergrad i kultur- og spr\u00e5kfagenes didaktikk, og hun har n\u00e5 begynt p\u00e5 en bachelor i administrasjon og \u00f8konomi for \u00e5 styrke sin lederkompetanse.<\/p>\n<p data-start=\"513\" data-end=\"784\">Med over ti \u00e5rs erfaring som l\u00e6rer, jobbcoach og integreringsveileder har Maria alltid hatt en sterk interesse for kultur. N\u00e5 ser hun frem til \u00e5 videreutvikle Porsanger Museum i tett samarbeid med sine dyktige kollegaer \u2013 som hun allerede har rukket \u00e5 bli sv\u00e6rt glad i.<\/p>\n<\/div>\n<\/div>\n<div class=\"x11i5rnm xat24cr x1mh8g0r x1vvkbs xtlvy1s x126k92a\">\n<div dir=\"auto\"><\/div>\n<\/div>\n","protected":false},"excerpt":{"rendered":"<p>Ansatte ved Porsanger museum<\/p>\n","protected":false},"author":19,"featured_media":0,"parent":2394,"menu_order":2,"comment_status":"closed","ping_status":"closed","template":"","meta":{"_acf_changed":false,"footnotes":""},"class_list":["post-6451","page","type-page","status-publish","hentry"],"acf":[],"_links":{"self":[{"href":"https:\/\/rdm.no\/no\/wp-json\/wp\/v2\/pages\/6451","targetHints":{"allow":["GET"]}}],"collection":[{"href":"https:\/\/rdm.no\/no\/wp-json\/wp\/v2\/pages"}],"about":[{"href":"https:\/\/rdm.no\/no\/wp-json\/wp\/v2\/types\/page"}],"author":[{"embeddable":true,"href":"https:\/\/rdm.no\/no\/wp-json\/wp\/v2\/users\/19"}],"replies":[{"embeddable":true,"href":"https:\/\/rdm.no\/no\/wp-json\/wp\/v2\/comments?post=6451"}],"version-history":[{"count":0,"href":"https:\/\/rdm.no\/no\/wp-json\/wp\/v2\/pages\/6451\/revisions"}],"up":[{"embeddable":true,"href":"https:\/\/rdm.no\/no\/wp-json\/wp\/v2\/pages\/2394"}],"wp:attachment":[{"href":"https:\/\/rdm.no\/no\/wp-json\/wp\/v2\/media?parent=6451"}],"curies":[{"name":"wp","href":"https:\/\/api.w.org\/{rel}","templated":true}]}}