{"id":6173,"date":"2020-01-30T16:01:12","date_gmt":"2020-01-30T15:01:12","guid":{"rendered":"https:\/\/rdm.no\/?page_id=6173"},"modified":"2026-02-05T18:35:02","modified_gmt":"2026-02-05T17:35:02","slug":"om-museet","status":"publish","type":"page","link":"https:\/\/rdm.no\/no\/de_samiske_samlinger\/om-museet\/","title":{"rendered":"Om museet"},"content":{"rendered":"<h2>OM MUSEET<\/h2>\n<p>&nbsp;<\/p>\n<p>S\u00e1miid Vuork\u00e1-D\u00e1vvirat \u2013 De Samiske Samlinger ble etablert 1972 som det f\u00f8rste samiske museet og den f\u00f8rste samiske kulturinstitusjonen\u00a0 i Norge. Hensikten med etableringen var \u00e5 fremme samisk kultur og styrke samenes status som folkegruppe. Museumsbygningen ble offisielt \u00e5pnet den 16.april 1972. Museumsbygget ble utsmykket av samisk kunstner Iver J\u00e5ks. Museet er per i dag det st\u00f8rste samiske museet i Norge.<\/p>\n<p>De Samiske Samlinger i Karasjok forvalter over 5000 gjenstander. Dette er den st\u00f8rste museale samlingen som representerer samisk kulturhistorie i Norge. Denne unike samlingen omfatter levesett, husholdning,<br \/>\nn\u00e6ringer, tradisjonelle samiske kl\u00e6r, religion, duodji (kunsth\u00e5ndverk) og kunst fra hele S\u00e1pmi.<\/p>\n<p>De Samiske Samlinger er det st\u00f8rste museet under RiddoDuottarMuseat, en samisk museumsstiftelse i Vest-Finnmark, etablert i 2006. Se <a href=\"https:\/\/www.youtube.com\/watch?v=xMmLaJ80Fuc\">video over SVD museumsomr\u00e5det tatt med drone<\/a>.<\/p>\n<figure id=\"attachment_6182\" class=\"thumbnail wp-caption aligncenter\" style=\"max-width: 300px;\">\n    <img loading=\"lazy\" decoding=\"async\" class=\"size-medium wp-image-6182\" src=\"https:\/\/rdm.no\/wp-content\/uploads\/2020\/01\/SVD-d\u00e1llu-2-300x127.jpg\" alt=\"Inngang til museumsbygg\" width=\"300\" height=\"127\" srcset=\"https:\/\/rdm.no\/wp-content\/uploads\/2020\/01\/SVD-d\u00e1llu-2-300x127.jpg 300w, https:\/\/rdm.no\/wp-content\/uploads\/2020\/01\/SVD-d\u00e1llu-2.jpg 548w\" sizes=\"auto, (max-width: 300px) 100vw, 300px\" \/>    <figcaption class=\"caption wp-caption-text\">Bildet av museumsbygget fra 2011<\/figcaption>\n<\/figure>\n<h3>Utstillingene i hovedbygningen<\/h3>\n<ul>\n<li>samiske klesskikker fra ulike omr\u00e5der og tidsperioder<\/li>\n<li>redskaper og utstyr brukt i tradisjonell n\u00e6ringsut\u00f8velse<\/li>\n<li>\u00a0duodji &#8211; samisk h\u00e5ndtverk<\/li>\n<li><span style=\"font-family: Times; font-size: 120%; line-height: 1.6em;\">Transportmidler: elveb\u00e5t og kj\u00f8rerein med pulk<\/span><\/li>\n<li>elementer fra samisk religion<\/li>\n<li>samisk samtidskunst<\/li>\n<li>Andre gjenstander i samlingen: Kulturhistoriske fotografier, filmer og lydb\u00e5ndopptak<\/li>\n<\/ul>\n<h3>Friluftsmuseet<\/h3>\n<p>Utemuseet har samiske bygninger med bl.a. et unikt g\u00e5rdsanlegg fra J\u00e1vrebannj\u00e1rga og Beaivv\u00e1\u0161gieddi gamle fjellstue.<\/p>\n<figure class=\"thumbnail wp-caption alignnone\" style=\"max-width: 150px;\">\n    <img loading=\"lazy\" decoding=\"async\" src=\"https:\/\/rdm.no\/wp-content\/uploads\/2019\/12\/p1010017-150x150.jpg\" alt=\"En gammel peis laget av naturstein inne i en gamme\" width=\"150\" height=\"150\" \/>    <figcaption class=\"caption wp-caption-text\">Bildet er fra en av torvgammene i utemuseet. Foto: RDM-SVD.<\/figcaption>\n<\/figure>\n<h2>I friluftsmuseet finnes:<\/h2>\n<ul>\n<li>Samiske bygninger med blant annet et unikt g\u00e5rdsanlegg J\u00e1vreb\u00e1inj\u00e1rga fra slutten av 1800-tallet, Beaivva\u0161geddi fjellstue, uthus, stall og goahti (jordgammer) og rekonstruerte oppbevaringsinnretninger som nj\u00e1lla, loavvi og st\u00e1vr\u00e1.<\/li>\n<li>Redskaper brukt i jordbruk<\/li>\n<li>Et flere tusen \u00e5r gammelt fangstanlegg for villrein<\/li>\n<\/ul>\n<p>Fangstgroper i friluftsmuseet representerer den flere tusen \u00e5r gamle metoden for fangst av vill rein.<\/p>\n<figure id=\"attachment_6182\" class=\"thumbnail wp-caption aligncenter\" style=\"max-width: 300px;\">\n    <img loading=\"lazy\" decoding=\"async\" class=\"size-medium wp-image-6182\" src=\"https:\/\/rdm.no\/wp-content\/uploads\/2020\/01\/SVD-d\u00e1llu-2-300x127.jpg\" alt=\"Inngang til museumsbygg\" width=\"300\" height=\"127\" srcset=\"https:\/\/rdm.no\/wp-content\/uploads\/2020\/01\/SVD-d\u00e1llu-2-300x127.jpg 300w, https:\/\/rdm.no\/wp-content\/uploads\/2020\/01\/SVD-d\u00e1llu-2.jpg 548w\" sizes=\"auto, (max-width: 300px) 100vw, 300px\" \/>    <figcaption class=\"caption wp-caption-text\">Bildet av museumsbygget fra 2011<\/figcaption>\n<\/figure>\n<figure id=\"attachment_7186\" class=\"thumbnail wp-caption aligncenter\" style=\"max-width: 300px;\">\n    <img loading=\"lazy\" decoding=\"async\" class=\"wp-image-7186 size-medium\" src=\"https:\/\/rdm.no\/wp-content\/uploads\/2020\/04\/Museaguovllu-dronagovva-2015_mindre-1-300x225.jpg\" alt=\"Bygninger i museumstomt dronebilde\" width=\"300\" height=\"225\" srcset=\"https:\/\/rdm.no\/wp-content\/uploads\/2020\/04\/Museaguovllu-dronagovva-2015_mindre-1-300x225.jpg 300w, https:\/\/rdm.no\/wp-content\/uploads\/2020\/04\/Museaguovllu-dronagovva-2015_mindre-1-1024x768.jpg 1024w, https:\/\/rdm.no\/wp-content\/uploads\/2020\/04\/Museaguovllu-dronagovva-2015_mindre-1-768x576.jpg 768w, https:\/\/rdm.no\/wp-content\/uploads\/2020\/04\/Museaguovllu-dronagovva-2015_mindre-1-1536x1151.jpg 1536w, https:\/\/rdm.no\/wp-content\/uploads\/2020\/04\/Museaguovllu-dronagovva-2015_mindre-1-2048x1535.jpg 2048w\" sizes=\"auto, (max-width: 300px) 100vw, 300px\" \/>    <figcaption class=\"caption wp-caption-text\">DSS hovedbygg og friluftsmuseum sett fra lufta. Dronebilde fra 2015<\/figcaption>\n<\/figure>\n","protected":false},"excerpt":{"rendered":"<p>S\u00e1miid Vuork\u00e1-D\u00e1vvirat \u2013 De Samiske Samlinger i Karasjok er et samisk kulturhistorisk museum som best\u00e5r av en hovedbygning med utstillinger og magasiner samt friluftsmuseum. Arbeidet med etableringen av museet begynte allerede i 1939. De f\u00f8rste bygningene til friluftsmuseet ble reist p\u00e5 museumstomta p\u00e5 slutten av 1950-tallet.<\/p>\n","protected":false},"author":3,"featured_media":5953,"parent":2341,"menu_order":1,"comment_status":"closed","ping_status":"closed","template":"","meta":{"_acf_changed":false,"footnotes":""},"class_list":["post-6173","page","type-page","status-publish","has-post-thumbnail","hentry"],"acf":[],"_links":{"self":[{"href":"https:\/\/rdm.no\/no\/wp-json\/wp\/v2\/pages\/6173","targetHints":{"allow":["GET"]}}],"collection":[{"href":"https:\/\/rdm.no\/no\/wp-json\/wp\/v2\/pages"}],"about":[{"href":"https:\/\/rdm.no\/no\/wp-json\/wp\/v2\/types\/page"}],"author":[{"embeddable":true,"href":"https:\/\/rdm.no\/no\/wp-json\/wp\/v2\/users\/3"}],"replies":[{"embeddable":true,"href":"https:\/\/rdm.no\/no\/wp-json\/wp\/v2\/comments?post=6173"}],"version-history":[{"count":0,"href":"https:\/\/rdm.no\/no\/wp-json\/wp\/v2\/pages\/6173\/revisions"}],"up":[{"embeddable":true,"href":"https:\/\/rdm.no\/no\/wp-json\/wp\/v2\/pages\/2341"}],"wp:featuredmedia":[{"embeddable":true,"href":"https:\/\/rdm.no\/no\/wp-json\/wp\/v2\/media\/5953"}],"wp:attachment":[{"href":"https:\/\/rdm.no\/no\/wp-json\/wp\/v2\/media?parent=6173"}],"curies":[{"name":"wp","href":"https:\/\/api.w.org\/{rel}","templated":true}]}}