{"id":6144,"date":"2020-01-30T15:37:28","date_gmt":"2020-01-30T14:37:28","guid":{"rendered":"https:\/\/rdm.no\/?page_id=6144"},"modified":"2022-05-10T09:24:30","modified_gmt":"2022-05-10T07:24:30","slug":"om-museet","status":"publish","type":"page","link":"https:\/\/rdm.no\/no\/kokelv_sjosamiske_museum\/om-museet\/","title":{"rendered":"Om museet"},"content":{"rendered":"<div>\n<figure id=\"attachment_10056\" class=\"thumbnail wp-caption alignnone\" style=\"max-width: 2560px;\">\n    <img loading=\"lazy\" decoding=\"async\" class=\"size-full wp-image-10056\" src=\"https:\/\/rdm.no\/wp-content\/uploads\/2022\/05\/DJI_0088-HDR-1-scaled.jpg\" alt=\"Nillag\u00e5rden, hvitt bolighus, r\u00f8d fj\u00f8s og uthus. I bakgrunnen en annen g\u00e5rd, en rekke r\u00f8de naust og fjord og fjell. Fint v\u00e6r\" width=\"2560\" height=\"1543\" srcset=\"https:\/\/rdm.no\/wp-content\/uploads\/2022\/05\/DJI_0088-HDR-1-scaled.jpg 2560w, https:\/\/rdm.no\/wp-content\/uploads\/2022\/05\/DJI_0088-HDR-1-300x181.jpg 300w, https:\/\/rdm.no\/wp-content\/uploads\/2022\/05\/DJI_0088-HDR-1-1024x617.jpg 1024w, https:\/\/rdm.no\/wp-content\/uploads\/2022\/05\/DJI_0088-HDR-1-768x463.jpg 768w, https:\/\/rdm.no\/wp-content\/uploads\/2022\/05\/DJI_0088-HDR-1-1536x926.jpg 1536w, https:\/\/rdm.no\/wp-content\/uploads\/2022\/05\/DJI_0088-HDR-1-2048x1234.jpg 2048w\" sizes=\"auto, (max-width: 2560px) 100vw, 2560px\" \/>    <figcaption class=\"caption wp-caption-text\">Nill\u00e1dallu &#8211; Nill\u00e1g\u00e5rden<\/figcaption>\n<\/figure>\n<p>Kommunaldepartementet igangsatte i begynnelsen av 1980-tallet tiltak for \u00e5 styrke sj\u00f8samiske bosetninger. Kokelv sameforening ble stiftet 02.12.1983. Form\u00e5let &#8211; \u00e5 ivareta og fremme sj\u00f8samekulturen i Kokelv, og Vest-Finnmark for\u00f8vrig. Innsamlingen av gjenstander og bilder for \u00e5 dokumentere, sikre og synliggj\u00f8re sj\u00f8samisk kultur, kom i gang. Kokelv museumslag, opprettet i 1991 &#8211; videref\u00f8rte arbeidet. Kokelv sj\u00f8samiske museum ble stiftet samme \u00e5r av Kokelv museumslag og Kvalsund kommune.<\/p>\n<\/div>\n<div>\n<p>I 1992 kj\u00f8pte Kokelv sj\u00f8samiske museum Nill\u00e1g\u00e5rden, et nedlagt sj\u00f8samisk sm\u00e5bruk, hvor museet n\u00e5 har utstilling i hus, fj\u00f8s og naust. Nill\u00e1g\u00e5rden ble drevet etter selvbergingsprinsippet, med sm\u00e5bruk og fiske, noe som gjenspeiles i gjenstandssamlingen.<br \/>\n<img loading=\"lazy\" decoding=\"async\" class=\"alignnone size-full wp-image-10059\" src=\"https:\/\/rdm.no\/wp-content\/uploads\/2022\/05\/DJI_0979-HDRutsnitt-scaled.jpg\" alt=\"Dronebilde av Kokelv. Nillag\u00e5rden er i h\u00f8yre nederste hj\u00f8rne. Oversikt av deler av Kokelvs bebyggelse, inkludert en rekke r\u00f8de naust, skolen og Kokelv bo og omsorgssenter\" width=\"2560\" height=\"1525\" srcset=\"https:\/\/rdm.no\/wp-content\/uploads\/2022\/05\/DJI_0979-HDRutsnitt-scaled.jpg 2560w, https:\/\/rdm.no\/wp-content\/uploads\/2022\/05\/DJI_0979-HDRutsnitt-300x179.jpg 300w, https:\/\/rdm.no\/wp-content\/uploads\/2022\/05\/DJI_0979-HDRutsnitt-1024x610.jpg 1024w, https:\/\/rdm.no\/wp-content\/uploads\/2022\/05\/DJI_0979-HDRutsnitt-768x457.jpg 768w, https:\/\/rdm.no\/wp-content\/uploads\/2022\/05\/DJI_0979-HDRutsnitt-1536x915.jpg 1536w, https:\/\/rdm.no\/wp-content\/uploads\/2022\/05\/DJI_0979-HDRutsnitt-2048x1220.jpg 2048w\" sizes=\"auto, (max-width: 2560px) 100vw, 2560px\" \/><\/p>\n<p><span style=\"color: #000000;\"><b>Du f\u00e5r innblikk i<\/b><\/span><\/p>\n<\/div>\n<div>\n<ul>\n<li>bo- og leveforholdene med sm\u00e5bruk og fiske<\/li>\n<li>oppleve sj\u00f8samisk kultur i sitt rette milj\u00f8<\/li>\n<li>den rehabiliterte Kokelv-kofta, rekonstruert etter ei sj\u00f8samisk kofte som ble brukt i Kokelv p\u00e5 1800-tallet, og gjenfunnet p\u00e5 Norsk Folkemuseum i Oslo over 100 \u00e5r senere. Kokelv-kofta var en av de f\u00f8rste sj\u00f8samiske koftene som ble rekonstruert. I dag er kofter i bruk i omr\u00e5det igjen, men n\u00e5 som festplagg<img loading=\"lazy\" decoding=\"async\" class=\"alignnone size-full wp-image-10062\" src=\"https:\/\/rdm.no\/wp-content\/uploads\/2022\/05\/36B9241utsnitt-scaled.jpg\" alt=\"R\u00f8dt uthus eller stabbur med kant av blomstereng p\u00e5 h\u00f8yre side\" width=\"2560\" height=\"1649\" srcset=\"https:\/\/rdm.no\/wp-content\/uploads\/2022\/05\/36B9241utsnitt-scaled.jpg 2560w, https:\/\/rdm.no\/wp-content\/uploads\/2022\/05\/36B9241utsnitt-300x193.jpg 300w, https:\/\/rdm.no\/wp-content\/uploads\/2022\/05\/36B9241utsnitt-1024x660.jpg 1024w, https:\/\/rdm.no\/wp-content\/uploads\/2022\/05\/36B9241utsnitt-768x495.jpg 768w, https:\/\/rdm.no\/wp-content\/uploads\/2022\/05\/36B9241utsnitt-1536x990.jpg 1536w, https:\/\/rdm.no\/wp-content\/uploads\/2022\/05\/36B9241utsnitt-2048x1320.jpg 2048w\" sizes=\"auto, (max-width: 2560px) 100vw, 2560px\" \/><\/li>\n<\/ul>\n<\/div>\n","protected":false},"excerpt":{"rendered":"<p>Her kan du lese om museet v\u00e5rt i Kokelv!<\/p>\n","protected":false},"author":19,"featured_media":0,"parent":2408,"menu_order":0,"comment_status":"closed","ping_status":"closed","template":"","meta":{"_acf_changed":false,"footnotes":""},"class_list":["post-6144","page","type-page","status-publish","hentry"],"acf":[],"_links":{"self":[{"href":"https:\/\/rdm.no\/no\/wp-json\/wp\/v2\/pages\/6144","targetHints":{"allow":["GET"]}}],"collection":[{"href":"https:\/\/rdm.no\/no\/wp-json\/wp\/v2\/pages"}],"about":[{"href":"https:\/\/rdm.no\/no\/wp-json\/wp\/v2\/types\/page"}],"author":[{"embeddable":true,"href":"https:\/\/rdm.no\/no\/wp-json\/wp\/v2\/users\/19"}],"replies":[{"embeddable":true,"href":"https:\/\/rdm.no\/no\/wp-json\/wp\/v2\/comments?post=6144"}],"version-history":[{"count":0,"href":"https:\/\/rdm.no\/no\/wp-json\/wp\/v2\/pages\/6144\/revisions"}],"up":[{"embeddable":true,"href":"https:\/\/rdm.no\/no\/wp-json\/wp\/v2\/pages\/2408"}],"wp:attachment":[{"href":"https:\/\/rdm.no\/no\/wp-json\/wp\/v2\/media?parent=6144"}],"curies":[{"name":"wp","href":"https:\/\/api.w.org\/{rel}","templated":true}]}}