{"id":2424,"date":"2016-02-16T11:02:45","date_gmt":"2016-02-16T10:02:45","guid":{"rendered":"https:\/\/rdm.no\/norsk\/om_rdm\/rdm_hederspris\/"},"modified":"2026-01-16T17:39:00","modified_gmt":"2026-01-16T16:39:00","slug":"rdm_hederspris","status":"publish","type":"page","link":"https:\/\/rdm.no\/no\/om_rdm\/rdm_hederspris\/","title":{"rendered":"RDM\u00a0Hederspris"},"content":{"rendered":"<p><strong>N\u00e5 er det tid for utdeling av RiddoDuottarMuseats Hederspris.<br \/>\n<\/strong><br \/>\nRDMs eiere og tilh\u00f8rende museumsforeninger oppfordres til \u00e5 foresl\u00e5 kandidater for RDMs Hederspris 2026.<br \/>\nForslag\u00a0med en begrunnelse p\u00e5 minst en halv A4-side\u00a0sendes til e-post\u00a0<a href=\"mailto:post@rdm.no\">post@rdm.no<\/a>\u00a0<strong>innen 28.02.26<\/strong><\/p>\n<p><strong>Hvem kan sende inn forslag: <\/strong>RDMs eiere, ansatte, tilh\u00f8rende museumsforeninger og deres medlemmer.<\/p>\n<p><strong>RiddoDuottarMuseat styret innf\u00f8rte RDMs hederspris i 2007<\/strong><br \/>\nForm\u00e5let med prisen er \u00e5 hedre ildsjeler innen samisk og kvensk museumsarbeid. Hedersprisen utdeles hvert 2. \u00e5r og tildeles til personer eller interesse\/frivillige organisasjoner som har v\u00e6rt aktivt med i det museale arbeidet.<br \/>\nHedersprisen best\u00e5r av et reisestipend p\u00e5 kr. 7.500,- og et hedersbevis.<\/p>\n<p>Vedtak om tildelingen av \u00e5rets hederspris fattes p\u00e5 RiddoDuottarMuseat styrem\u00f8te.<\/p>\n<p>N\u00e6rmere informasjon om hedersprisen gis av direkt\u00f8r Anne May Olli tlf. 406 01 986, eller p\u00e5 e-post\u00a0<a href=\"mailto:amo@rdm.no\">amo@rdm.no<\/a>.<\/p>\n<p>&nbsp;<\/p>\n<h1>RiddoDuottarMuseat Hederspris er tidligere tildelt:<\/h1>\n<ul>\n<li><strong>2024 <\/strong>Berit \u00c5se Johnsen, Karasjok<\/li>\n<li><strong>2022 <\/strong>Mari Teigmo Eira\/ Kreit\u00e1 \u00c1ndde Mari, Karasjok<\/li>\n<li><strong>2020<\/strong> SVD museum- og historielag \u00e5rbokredaksjon, Karasjok<\/li>\n<li><strong>2018<\/strong> Alf Isak Keskitalo, Kautokeino<span style=\"font-weight: inherit !important;\"><br \/>\n<\/span><\/li>\n<li><strong>2016\u00a0<\/strong>Ingar Eira, Kokelv<\/li>\n<li><strong>2014<\/strong> Historiker Arvid Petterson, Brennelv i Porsanger<\/li>\n<li><strong>2011<\/strong> Edel H\u00e6tta Eriksen, Kautokeino<\/li>\n<li><strong>2009<\/strong> Museumsforeninga for De Samiske Samlinger i Karasjok<\/li>\n<li><strong>2007<\/strong>\u00a0Ole Johan Nikodemussen, Kokelv<\/li>\n<\/ul>\n<p>&nbsp;<\/p>\n<p>&nbsp;<\/p>\n<p>&nbsp;<\/p>\n<p>&nbsp;<\/p>\n<p><!--more--><\/p>\n<p>&nbsp;<\/p>\n","protected":false},"excerpt":{"rendered":"<p>Foresl\u00e5 kandidat til RiddoDuottarMuseat hederspris 2026<\/p>\n","protected":false},"author":7,"featured_media":0,"parent":2416,"menu_order":3,"comment_status":"closed","ping_status":"closed","template":"","meta":{"_acf_changed":false,"footnotes":""},"class_list":["post-2424","page","type-page","status-publish","hentry"],"acf":[],"_links":{"self":[{"href":"https:\/\/rdm.no\/no\/wp-json\/wp\/v2\/pages\/2424","targetHints":{"allow":["GET"]}}],"collection":[{"href":"https:\/\/rdm.no\/no\/wp-json\/wp\/v2\/pages"}],"about":[{"href":"https:\/\/rdm.no\/no\/wp-json\/wp\/v2\/types\/page"}],"author":[{"embeddable":true,"href":"https:\/\/rdm.no\/no\/wp-json\/wp\/v2\/users\/7"}],"replies":[{"embeddable":true,"href":"https:\/\/rdm.no\/no\/wp-json\/wp\/v2\/comments?post=2424"}],"version-history":[{"count":0,"href":"https:\/\/rdm.no\/no\/wp-json\/wp\/v2\/pages\/2424\/revisions"}],"up":[{"embeddable":true,"href":"https:\/\/rdm.no\/no\/wp-json\/wp\/v2\/pages\/2416"}],"wp:attachment":[{"href":"https:\/\/rdm.no\/no\/wp-json\/wp\/v2\/media?parent=2424"}],"curies":[{"name":"wp","href":"https:\/\/api.w.org\/{rel}","templated":true}]}}