{"id":2423,"date":"2016-08-10T16:28:42","date_gmt":"2016-08-10T14:28:42","guid":{"rendered":"https:\/\/rdm.no\/norsk\/om_rdm\/styret\/"},"modified":"2024-08-29T15:35:14","modified_gmt":"2024-08-29T13:35:14","slug":"styret","status":"publish","type":"page","link":"https:\/\/rdm.no\/no\/om_rdm\/styret\/","title":{"rendered":"Styret"},"content":{"rendered":"<div style=\"line-height: 1.6em;\">\n<p><span style=\"font-size: 120%;\"><b style=\"font-size: 120%; line-height: 1.6em;\">RiddoDuottarMuseats \u00f8verste organ er styret som best\u00e5r av 8 valgte representanter<\/b><\/span><\/p>\n<p>Styret er sammensatt slik<\/p>\n<ul>\n<li style=\"font-size: 120%; line-height: 1.6em;\">2 representanter valgt av Sametinget<\/li>\n<li style=\"font-size: 120%; line-height: 1.6em;\">4 representanter valgt av eierne<\/li>\n<li style=\"font-size: 120%; line-height: 1.6em;\">1 representant valgt av K\u00e1r\u00e1\u0161joga gielda \/ Karsjok kommune<\/li>\n<li style=\"font-size: 120%; line-height: 1.6em;\">1 representant valgt av ansatte<\/li>\n<li style=\"display: inline !important;\">Sametinget utnevner styrelederen.<br \/>\nAlle representantene har sin personlige vararepresentant.<\/li>\n<\/ul>\n<\/div>\n<div style=\"line-height: 1.6em;\"><b style=\"font-size: 120%; line-height: 1.6em;\">Styret for perioden 2022 \u2013 2026\u00a0<\/b><\/div>\n<div style=\"line-height: 1.6em;\">\n<ul>\n<li style=\"font-size: 120%; line-height: 1.6em;\">Styreleder Marit Mel\u00f8y &#8211; oppnevnt av sametinget. Pers. vararepresentant Ol Johan Gaup.<\/li>\n<li style=\"font-size: 120%; line-height: 1.6em;\">Nestleder Nils Johan Heatta \u2013 oppnevnt av S\u00e1mediggi \u2013 Sametinget. Pers. vararepresentant Liv-Elin Wilhelmsen<\/li>\n<li style=\"font-size: 120%; line-height: 1.6em;\">Styremedlem Hilde Skanke \u2013 oppnevnt av Porsanger kommune. Pers. vararepresentant Olaf Andersen<\/li>\n<li style=\"font-size: 120%; line-height: 1.6em;\">Styremedlem Ellen J. Sara Eira \u2013 oppnevnt av Kautokeino kommune. Pers. vararepresentant Anders S. Buljo<\/li>\n<li style=\"font-size: 120%; line-height: 1.6em;\">Styremedlem Tore-Jan Gjerpe \u2013 oppnevnt av eierstiftelsen S\u00e1miid Vuork\u00e1-D\u00e1vvirat \/ De Samiske Samlinger. Pers. vararepresentant Eilif Norvang (fra mars 2023 &#8211; 2026)<\/li>\n<li style=\"font-size: 120%; line-height: 1.6em;\">Styremedlem Sten Magnar Nikodemussen \u2013 oppnevnt av styret for Kokelv sj\u00f8samiske museum. Pers. vararepresentant Ingar Elling Eira<\/li>\n<li style=\"font-size: 120%; line-height: 1.6em;\">Styremedlem Klemet Amund Eira \u2013 oppnevnt av K\u00e1r\u00e1\u0161joga gielda \/ Karasjok kommune. Pers. vararepresentant Britt \u00d8vreg\u00e5rd<\/li>\n<li style=\"font-size: 120%; line-height: 1.6em;\">Styremedlem \/ Ansatterepresent Ellen J. Bals \u2013 oppnevnt av ansatte ved RDM. Pers. vararepresentant: Inga Margrethe Vars<\/li>\n<\/ul>\n<\/div>\n","protected":false},"excerpt":{"rendered":"<p>RiddoDuottarMuseats \u00f8verste organ er styret som best\u00e5r av 8 valgte representanter Styret er sammensatt slik 2 representanter valgt av Sametinget 4 representanter valgt av eierne 1 representant valgt av K\u00e1r\u00e1\u0161joga gielda \/ Karsjok kommune 1 representant valgt av ansatte Sametinget utnevner styrelederen. Alle representantene har sin personlige vararepresentant. Styret for perioden 2022 \u2013 2026\u00a0 Styreleder [&hellip;]<\/p>\n","protected":false},"author":7,"featured_media":0,"parent":2416,"menu_order":0,"comment_status":"closed","ping_status":"closed","template":"","meta":{"_acf_changed":false,"footnotes":""},"class_list":["post-2423","page","type-page","status-publish","hentry"],"acf":[],"_links":{"self":[{"href":"https:\/\/rdm.no\/no\/wp-json\/wp\/v2\/pages\/2423","targetHints":{"allow":["GET"]}}],"collection":[{"href":"https:\/\/rdm.no\/no\/wp-json\/wp\/v2\/pages"}],"about":[{"href":"https:\/\/rdm.no\/no\/wp-json\/wp\/v2\/types\/page"}],"author":[{"embeddable":true,"href":"https:\/\/rdm.no\/no\/wp-json\/wp\/v2\/users\/7"}],"replies":[{"embeddable":true,"href":"https:\/\/rdm.no\/no\/wp-json\/wp\/v2\/comments?post=2423"}],"version-history":[{"count":0,"href":"https:\/\/rdm.no\/no\/wp-json\/wp\/v2\/pages\/2423\/revisions"}],"up":[{"embeddable":true,"href":"https:\/\/rdm.no\/no\/wp-json\/wp\/v2\/pages\/2416"}],"wp:attachment":[{"href":"https:\/\/rdm.no\/no\/wp-json\/wp\/v2\/media?parent=2423"}],"curies":[{"name":"wp","href":"https:\/\/api.w.org\/{rel}","templated":true}]}}