{"id":2421,"date":"2017-09-12T12:51:06","date_gmt":"2017-09-12T10:51:06","guid":{"rendered":"https:\/\/rdm.no\/norsk\/om_rdm\/ledige_stillinger\/"},"modified":"2026-04-22T15:42:59","modified_gmt":"2026-04-22T13:42:59","slug":"ledige_stillinger","status":"publish","type":"page","link":"https:\/\/rdm.no\/no\/om_rdm\/ledige_stillinger\/","title":{"rendered":"Ledige stillinger"},"content":{"rendered":"<div class=\"row\">\n<div class=\"col col-xs-12 col-md-7\">\n<p>RiddoDuottarMuseat s\u00f8ker guider\/medarbeidere for sommeren 2026 til:<\/p>\n<ul>\n<li>Kautokeino bygdetun, 3 stillinger. Periode: 15.06.-20.08.<\/li>\n<li>Kokelv sj\u00f8samiske museum, 2 stilling. Periode: 23.06.-14.08.<\/li>\n<\/ul>\n<p>De to kulturhistoriske museene s\u00f8ker serviceinnstilte og engasjerte medarbeidere til museene. S\u00f8kerne m\u00e5 ha gode kunnskaper om samisk kultur, historie og samfunnsliv. Vedkommende m\u00e5 v\u00e6re fylt 16 \u00e5r og beherske nordsamisk og\/eller norsk og engelsk, fordel med minst ett av spr\u00e5kene: finsk\/kvensk, tysk, fransk.<\/p>\n<p>Oppgavene er \u00e5 formidle, guide, jobbe med sosiale medier, museale oppgaver som fotografere, registrere samt holde i orden museets inne og uteomr\u00e5det.<\/p>\n<p>S\u00f8knaden m\u00e5 inneholde opplysninger om:<\/p>\n<ul>\n<li>Ved hvilket av RDMs museer du s\u00f8ker jobb<\/li>\n<li>Hvilke spr\u00e5k du behersker<\/li>\n<li>CV med bekreftede kopier av vitnem\u00e5l og attester m\u00e5 vedlegges<\/li>\n<\/ul>\n<p>Stillingene er plassert i stillingskode 1078. L\u00f8nn etter ansiennitet og kvalifikasjoner. Oppl\u00e6ring vil bli gitt ved oppstart.<\/p>\n<p>N\u00e6rmere opplysninger om stillingene f\u00e5s ved henvendelse til de ulike avdelingenes museumsledere, se <a href=\"http:\/\/www.rdm.no\">www.rdm.no<\/a><\/p>\n<p>&nbsp;<\/p>\n<p><strong>S\u00f8knadsfrist: 30.04.2026<\/strong><\/p>\n<p>S\u00f8knaden sendes til:<\/p>\n<p>RiddoDuottarMuseat, Postboks 143, 9735 Karasjok,<\/p>\n<p>eller til e-post: post@rdm.no.<\/p>\n<p>S\u00f8knaden merkes: \u201cSommerjobb 2026\u201d.<\/p>\n<p>&nbsp;<\/p>\n<\/div>\n<\/div>\n<div class=\"row\">\n<div class=\"col col-xs-12 col-md-7\"><\/div>\n<div class=\"col col-xs-12 col-md-7\">\n<p>&nbsp;<\/p>\n<p>&nbsp;<\/p>\n<\/div>\n<\/div>\n","protected":false},"excerpt":{"rendered":"<p>GUIDER\/MUSEUMSMEDARBEIDERE<\/p>\n","protected":false},"author":7,"featured_media":0,"parent":2416,"menu_order":0,"comment_status":"closed","ping_status":"closed","template":"","meta":{"_acf_changed":false,"footnotes":""},"class_list":["post-2421","page","type-page","status-publish","hentry"],"acf":[],"_links":{"self":[{"href":"https:\/\/rdm.no\/no\/wp-json\/wp\/v2\/pages\/2421","targetHints":{"allow":["GET"]}}],"collection":[{"href":"https:\/\/rdm.no\/no\/wp-json\/wp\/v2\/pages"}],"about":[{"href":"https:\/\/rdm.no\/no\/wp-json\/wp\/v2\/types\/page"}],"author":[{"embeddable":true,"href":"https:\/\/rdm.no\/no\/wp-json\/wp\/v2\/users\/7"}],"replies":[{"embeddable":true,"href":"https:\/\/rdm.no\/no\/wp-json\/wp\/v2\/comments?post=2421"}],"version-history":[{"count":3,"href":"https:\/\/rdm.no\/no\/wp-json\/wp\/v2\/pages\/2421\/revisions"}],"predecessor-version":[{"id":13404,"href":"https:\/\/rdm.no\/no\/wp-json\/wp\/v2\/pages\/2421\/revisions\/13404"}],"up":[{"embeddable":true,"href":"https:\/\/rdm.no\/no\/wp-json\/wp\/v2\/pages\/2416"}],"wp:attachment":[{"href":"https:\/\/rdm.no\/no\/wp-json\/wp\/v2\/media?parent=2421"}],"curies":[{"name":"wp","href":"https:\/\/api.w.org\/{rel}","templated":true}]}}