{"id":2417,"date":"2016-02-16T11:02:45","date_gmt":"2016-02-16T10:02:45","guid":{"rendered":"https:\/\/rdm.no\/norsk\/om_rdm\/aktuelt\/"},"modified":"2025-02-21T13:29:20","modified_gmt":"2025-02-21T12:29:20","slug":"aktuelt","status":"publish","type":"page","link":"https:\/\/rdm.no\/no\/om_rdm\/aktuelt\/","title":{"rendered":"Aktuelt"},"content":{"rendered":"<div style=\"line-height: 1.6em; font-size: 120%;\">\n<div>RiddoDuottarMuseat (RDM) er <strong>vedtaksinstitusjon for utf\u00f8rsel og innf\u00f8rsel av \u00a0samisk kunst og annet samisk kulturmateriale<\/strong> jamf. Forskrift om utf\u00f8rsel og innf\u00f8rsel av kulturgjenstander \u00a7 6<\/div>\n<\/div>\n<div><\/div>\n<div style=\"line-height: 1.6em; font-size: 120%;\">\n<div>Visste du at du ikke uten videre kan ta med deg kunst- og kulturgjenstander ut av eller inn i Norge? Skal du ta med kunst- og kulturgjenstander ut av landet, m\u00e5 du f\u00f8rst s\u00f8ke om utf\u00f8rselstillatelse. RDM saksbehandler og vedtar s\u00f8knader om utf\u00f8rsel for samisk materiale fra f\u00f8r 1970. Mer informasjon og s\u00f8knadsskjemaer finnes p\u00e5 Norsk Kulturr\u00e5d sin <a href=\"https:\/\/www.kulturdirektoratet.no\/museum\/import-og-eksport\">nettside<\/a>.<\/div>\n<\/div>\n<div><\/div>\n<div><\/div>\n<p><!--more--><\/p>\n<div><\/div>\n<div style=\"line-height: 1.6em; font-size: 120%;\">\n<div>\n<p align=\"left\">\n<\/div>\n<\/div>\n<p><!--more--><\/p>\n<p><!--more--><\/p>\n<div style=\"font-size: 120%; line-height: 1.6em;\"><\/div>\n","protected":false},"excerpt":{"rendered":"<p>RiddoDuottarMuseat (RDM) er vedtaksinstitusjon for utf\u00f8rsel og innf\u00f8rsel av \u00a0samisk kunst og annet samisk kulturmateriale jamf. Forskrift om utf\u00f8rsel og innf\u00f8rsel av kulturgjenstander \u00a7 6 Visste du at du ikke uten videre kan ta med deg kunst- og kulturgjenstander ut av eller inn i Norge? Skal du ta med kunst- og kulturgjenstander ut av landet, [&hellip;]<\/p>\n","protected":false},"author":7,"featured_media":0,"parent":2416,"menu_order":0,"comment_status":"closed","ping_status":"closed","template":"","meta":{"_acf_changed":false,"footnotes":""},"class_list":["post-2417","page","type-page","status-publish","hentry"],"acf":[],"_links":{"self":[{"href":"https:\/\/rdm.no\/no\/wp-json\/wp\/v2\/pages\/2417","targetHints":{"allow":["GET"]}}],"collection":[{"href":"https:\/\/rdm.no\/no\/wp-json\/wp\/v2\/pages"}],"about":[{"href":"https:\/\/rdm.no\/no\/wp-json\/wp\/v2\/types\/page"}],"author":[{"embeddable":true,"href":"https:\/\/rdm.no\/no\/wp-json\/wp\/v2\/users\/7"}],"replies":[{"embeddable":true,"href":"https:\/\/rdm.no\/no\/wp-json\/wp\/v2\/comments?post=2417"}],"version-history":[{"count":0,"href":"https:\/\/rdm.no\/no\/wp-json\/wp\/v2\/pages\/2417\/revisions"}],"up":[{"embeddable":true,"href":"https:\/\/rdm.no\/no\/wp-json\/wp\/v2\/pages\/2416"}],"wp:attachment":[{"href":"https:\/\/rdm.no\/no\/wp-json\/wp\/v2\/media?parent=2417"}],"curies":[{"name":"wp","href":"https:\/\/api.w.org\/{rel}","templated":true}]}}