{"id":2416,"date":"2016-02-16T11:02:45","date_gmt":"2016-02-16T10:02:45","guid":{"rendered":"https:\/\/rdm.no\/norsk\/om_rdm\/"},"modified":"2023-01-30T11:45:51","modified_gmt":"2023-01-30T10:45:51","slug":"om_rdm","status":"publish","type":"page","link":"https:\/\/rdm.no\/no\/om_rdm\/","title":{"rendered":"Om RDM"},"content":{"rendered":"<h1>RiddoDuottarMuseat \u2013 en samisk museumsstiftelse<\/h1>\n<p><!--more--><\/p>\n<p>Museumsstiftelsen best\u00e5r av fire samiske kulturhistoriske museer og\u00a0 en samisk kunstsamling i Vest-Finnmark<\/p>\n<div>\n<ul>\n<li style=\"font-size: 120%; line-height: 1.6em;\"><a href=\"\/norsk\/de_samiske_samlinger\/\" target=\"_blank\" rel=\"noopener noreferrer\">De Samiske Samlinger<\/a> i Karasjok<\/li>\n<li style=\"font-size: 120%; line-height: 1.6em;\"><a href=\"\/norsk\/kautokeino_bygdetun\/\" target=\"_blank\" rel=\"noopener noreferrer\">Kautokeino bygdetun<\/a><\/li>\n<li style=\"font-size: 120%; line-height: 1.6em;\"><a href=\"\/norsk\/porsanger_museum\/\" target=\"_blank\" rel=\"noopener noreferrer\">Porsanger museum<\/a><\/li>\n<li style=\"font-size: 120%; line-height: 1.6em;\"><a href=\"\/norsk\/kokelv_sjosamiske_museum\/\" target=\"_blank\" rel=\"noopener noreferrer\">Kokelv sj\u00f8samiske museum<\/a> i Hammerfest kommune<\/li>\n<li style=\"font-size: 120%; line-height: 1.6em;\"><a href=\"\/norsk\/samisk_kunstmagasin\/\" target=\"_blank\" rel=\"noopener noreferrer\">Samisk Kunstmagasin i Karasjok<\/a><\/li>\n<\/ul>\n<p>&nbsp;<\/p>\n<p>RDM har nordsamisk som hovedspr\u00e5k.<\/p>\n<p><span style=\"line-height: 1.6em; text-align: justify;\">RiddoDuottarMuseat deltar ogs\u00e5 i forvaltningen ved utf\u00f8rsel av<\/span> <span style=\"line-height: 1.6em; text-align: justify;\">samiske kunst- og kulturgjenstander fra Norge, <\/span><span style=\"line-height: 1.6em; text-align: justify;\">og arbeider i tillegg aktivt for \u00e5 skaffe tilbake gjenstander som<\/span> <span style=\"text-align: justify;\">i<\/span> <span style=\"text-align: justify;\">tidligere tider ble f\u00f8rt ut av S\u00e1pmi.<\/span><\/p>\n<\/div>\n<p>&nbsp;<\/p>\n<p><!--more--><\/p>\n<h1>RDM \u2013 Formidler<\/h1>\n<div>\n<p>RiddoDuottarMuseat formidler om det kulturelle mangfoldet fra kyst til vidde gjennom gjenstander, fotografier, kunst og informasjon om immateriell kulturarv.<\/p>\n<p>RiddoDuottarMuseat forvalter den st\u00f8rste samiske kulturhistorisk gjenstandssamlingen i Norge. Samlingen presenterer n\u00e6ringsut\u00f8velse, hushold, religion, h\u00e5ndverk\/duodji og billedkunst med opprinnelse i hele S\u00e1pmi.<\/p>\n<\/div>\n<p>&nbsp;<\/p>\n<p><!--more--><\/p>\n<div style=\"font-size: 120%; line-height: 1.6em;\">\n<h1>M\u00e5l &amp; Visjon<\/h1>\n<p><b> \u2013 aktivt bidra til vern av samisk identitet, spr\u00e5k og kulturtradisjoner.<br \/>\nSynliggj\u00f8ring og utvikling ved<\/b><\/p>\n<\/div>\n<div style=\"line-height: 1.6em;\">\n<ul>\n<li><span style=\"font-size: 15.6px;\">\u00c5 drive museums- og utstillingsvirksomhet som presenterer samisk kunst, tradisjoner, historie og kultur<\/span><\/li>\n<li><span style=\"font-size: 15.6px;\">\u00c5 formidle og informere om samisk kunst, historie, tradisjoner og kultur, samt kunnskapsproduksjon<\/span><\/li>\n<li><span style=\"font-size: 15.6px;\">\u00c5 arbeide for \u00e5 heve kvaliteten p\u00e5 samisk museumsarbeid<\/span><\/li>\n<li><span style=\"font-size: 15.6px;\">Innsamle og dokumentere samisk kunst- og kulturhistorisk materiale<\/span><\/li>\n<li><span style=\"font-size: 15.6px;\">\u00c5 sikre gode bevaringsforhold for samlingene og en tilrettelegging som sikrer et bredt publikum tilgang til dem<\/span><\/li>\n<li><span style=\"font-size: 15.6px;\">At samisk spr\u00e5k b\u00f8r utvikles som hovedspr\u00e5k ved RiddoDuottarMuseat<\/span><\/li>\n<li><span style=\"font-size: 15.6px;\">\u00c5 yte museumsfaglig bistand til andre museer og aktuelle institusjoner<\/span><\/li>\n<\/ul>\n<div>\n<p><span style=\"font-size: 15.6px;\"><span style=\"font-size: 15.6px;\">RiddoDuottarMuseat skal v\u00e6re \u00e5pen for, samt \u00e5 selv medvirke til n\u00e6rt samarbeid med andre samiske museer, institusjoner, organisasjoner og n\u00e6ringsliv.<\/span><\/span><\/p>\n<p>RDM skal bidra til utvikling av nasjonale museumsnettverk.<\/p>\n<\/div>\n<\/div>\n","protected":false},"excerpt":{"rendered":"<p>RiddoDuottarMuseat \u2013 en samisk museumsstiftelse<\/p>\n","protected":false},"author":7,"featured_media":7460,"parent":0,"menu_order":0,"comment_status":"closed","ping_status":"closed","template":"","meta":{"_acf_changed":false,"footnotes":""},"class_list":["post-2416","page","type-page","status-publish","has-post-thumbnail","hentry"],"acf":[],"_links":{"self":[{"href":"https:\/\/rdm.no\/no\/wp-json\/wp\/v2\/pages\/2416","targetHints":{"allow":["GET"]}}],"collection":[{"href":"https:\/\/rdm.no\/no\/wp-json\/wp\/v2\/pages"}],"about":[{"href":"https:\/\/rdm.no\/no\/wp-json\/wp\/v2\/types\/page"}],"author":[{"embeddable":true,"href":"https:\/\/rdm.no\/no\/wp-json\/wp\/v2\/users\/7"}],"replies":[{"embeddable":true,"href":"https:\/\/rdm.no\/no\/wp-json\/wp\/v2\/comments?post=2416"}],"version-history":[{"count":0,"href":"https:\/\/rdm.no\/no\/wp-json\/wp\/v2\/pages\/2416\/revisions"}],"wp:featuredmedia":[{"embeddable":true,"href":"https:\/\/rdm.no\/no\/wp-json\/wp\/v2\/media\/7460"}],"wp:attachment":[{"href":"https:\/\/rdm.no\/no\/wp-json\/wp\/v2\/media?parent=2416"}],"curies":[{"name":"wp","href":"https:\/\/api.w.org\/{rel}","templated":true}]}}