{"id":2413,"date":"2016-02-16T10:44:11","date_gmt":"2016-02-16T09:44:11","guid":{"rendered":"https:\/\/rdm.no\/norsk\/samisk_kunstmagasin\/"},"modified":"2026-04-23T14:47:11","modified_gmt":"2026-04-23T12:47:11","slug":"samisk_kunstmagasin","status":"publish","type":"page","link":"https:\/\/rdm.no\/no\/samisk_kunstmagasin\/","title":{"rendered":"Samisk Kunstmagasin"},"content":{"rendered":"<h1>S\u00e1mi D\u00e1iddamagasiidna \u2013 Samisk Kunstmagasin<\/h1>\n<div><\/div>\n<p><!--more--><\/p>\n<div style=\"line-height: 20.8px;\"><b><span style=\"font-size: 15.6px; line-height: 1.6em;\">Tel.: <\/span><\/b><span style=\"font-size: 15.6px; line-height: 1.6em;\">462 83 213 \/ 784 69 950<\/span><b><span style=\"font-size: 15.6px; line-height: 1.6em;\"><br \/>\nEpost: <\/span><\/b><a style=\"font-size: 120%; line-height: 1.6em;\" href=\"mailto:post@rdm.no\" target=\"_blank\" rel=\"noopener noreferrer\" data-event-action=\"klikket-mailto-lenke\" data-event-category=\"Henvendelser\" data-event-label=\"https:\/\/rdm.no\/norsk\/samisk_kunstmagasin\/\">post@rdm.no<\/a><\/div>\n<div style=\"line-height: 20.8px;\"><span style=\"font-size: 15.6px; line-height: 1.6em; color: #2f4f4f;\"><b>Postadresse: <\/b>Postboks 143 N-9735 K\u00e1r\u00e1\u0161johka\/Karasjok<\/span><\/div>\n<div style=\"line-height: 20.8px;\"><span style=\"color: #2f4f4f; font-size: 15.6px;\"><b>Bes\u00f8ksadresse: <\/b>Jeagilv\u00e1rm\u00e1\u0111ii 54<b>,<\/b> <i>(i tidligere Forsvarsstasjon)<\/i> Svenskebakken<\/span><\/div>\n<div style=\"line-height: 20.8px;\"><b style=\"font-size: 120%; line-height: 1.6em;\">Finn frem<\/b> <span style=\"font-size: 120%; line-height: 1.6em;\"><a href=\"https:\/\/www.google.no\/maps\/dir\/\/69.4569701,25.5149048\/@69.4562308,25.5163498,17z\/data=!4m2!4m1!3e0\" target=\"_blank\" rel=\"noopener noreferrer\">Kart<\/a> (lenke)<\/span><\/div>\n<div><\/div>\n<div style=\"color: #000000; font-size: 15.84px; line-height: 1.6em;\"><span style=\"font-size: 15.6px; line-height: 24.96px;\"><span style=\"font-size: 15.6px; line-height: 24.96px;\"><!--more--><br \/>\n<span style=\"font-size: 15.6px;\">RiddoDuottarMuseat forvalter verdens st\u00f8rste samling av samisk samtidskunst og kunstduodji (kunsth\u00e5ndverk) ved <i>Samisk Kunstmagasin.<\/i> Samlingen best\u00e5r av ca. 1600 verk.<\/span><\/span><\/span><\/p>\n<\/div>\n<div style=\"color: #000000; font-size: 15.84px; line-height: 1.6em;\"><span style=\"font-size: 15.6px; line-height: 24.96px;\">Formidling av samisk samtidskunst og kunstduodji foreg\u00e5r ved utstillinger p\u00e5 Sametinget, i <i>Iver J\u00e5ks salen<\/i> ved S\u00e1miid Vuork\u00e1-D\u00e1vvirat \/ De Samiske Samlinger, ved Porsanger museums <i>Kunstarena<\/i> i Lakselv sentrum og Guovdageainnu gili\u0161illju\/Kautokeino bygdetun. Samisk samtidskunst formidles ogs\u00e5 p\u00e5 vandreutstillinger i inn- og utland, samt ved utl\u00e5n av verk til eksterne formidlingsprosjekter.<\/span><\/div>\n<div style=\"color: #000000; font-size: 15.84px; line-height: 1.6em;\"><span style=\"font-size: 15.6px; line-height: 24.96px;\">\u00a0<\/span><\/div>\n<div style=\"color: #000000; font-size: 15.84px; line-height: 1.6em;\">\n<p><span style=\"font-size: 15.84px;\">Samlingen av samisk samtidskunst og kunstduodji har \u00e5rlig tilvekst av verker. Disse innkj\u00f8pes ved Sametingets kunstinnkj\u00f8psordning\u00a0 som best\u00e5r av fire samiske kunstnere, to ledere og to vara-medlemmer som leder innkj\u00f8psarbeidet i hele S\u00e1pmi.<\/span><\/p>\n<\/div>\n<p><!--more--><\/p>\n<div style=\"font-size: 120%; line-height: 1.6em;\"><b><br \/>\nANSATTE<\/b><\/div>\n<div style=\"font-size: 120%; line-height: 1.6em;\">\n<div style=\"font-size: 120%; line-height: 1.6em;\"><i>\u00a0<\/i><\/div>\n<div style=\"font-size: 120%; line-height: 1.6em;\">\n<div style=\"line-height: 1.6em;\"><b>Per Asle Sara<\/b><\/div>\n<\/div>\n<\/div>\n<div style=\"font-size: 120%; line-height: 1.6em;\"><i>Ossodatjo\u0111iheadji \/ Avdelingsleder<\/i><\/div>\n<div>\n<div style=\"font-size: 120%; line-height: 1.6em;\">Kontakt:<\/div>\n<div style=\"font-size: 120%; line-height: 1.6em;\">per.asle@rdm.no<\/div>\n<div>\n<div>\n<div style=\"font-size: 120%; line-height: 1.6em;\">\n<p>+47 408 59 401<\/p>\n<\/div>\n<\/div>\n<\/div>\n<\/div>\n<div>\n<div style=\"font-size: 120%; line-height: 1.6em;\">\n<div style=\"font-size: 120%; line-height: 1.6em;\">\n<div style=\"line-height: 1.6em;\"><b>Ulrikke Marie Strandli<\/b><\/div>\n<\/div>\n<\/div>\n<div style=\"font-size: 120%; line-height: 1.6em;\"><i>\u010coakk\u00e1ldath\u00e1ldda\u0161eaddji \/ Samlingsforvalter<\/i><\/div>\n<div>\n<div style=\"font-size: 120%; line-height: 1.6em;\">Kontakt:<\/div>\n<div style=\"font-size: 120%; line-height: 1.6em;\">ulrikke@rdm.no<\/div>\n<div>\n<div>\n<div style=\"font-size: 120%; line-height: 1.6em;\">\n<p>+47 462 83 213<\/p>\n<div>\n<div><strong>Pablo Barrera<\/strong><\/div>\n<\/div>\n<div><i><span data-ogsc=\"rgb(51, 51, 51)\" data-olk-copy-source=\"MessageBody\">Kur\u00e1htor \/ <\/span>Kurator<\/i><\/div>\n<div>Kontakt:<\/div>\n<div>\n<p>pablo@rdm.no<\/p>\n<\/div>\n<\/div>\n<\/div>\n<\/div>\n<\/div>\n<\/div>\n","protected":false},"excerpt":{"rendered":"<p>S\u00e1mi D\u00e1iddamagasiidna \u2013 Samisk Kunstmagasin<\/p>\n","protected":false},"author":7,"featured_media":4459,"parent":0,"menu_order":0,"comment_status":"closed","ping_status":"closed","template":"","meta":{"_acf_changed":false,"footnotes":""},"class_list":["post-2413","page","type-page","status-publish","has-post-thumbnail","hentry"],"acf":[],"_links":{"self":[{"href":"https:\/\/rdm.no\/no\/wp-json\/wp\/v2\/pages\/2413","targetHints":{"allow":["GET"]}}],"collection":[{"href":"https:\/\/rdm.no\/no\/wp-json\/wp\/v2\/pages"}],"about":[{"href":"https:\/\/rdm.no\/no\/wp-json\/wp\/v2\/types\/page"}],"author":[{"embeddable":true,"href":"https:\/\/rdm.no\/no\/wp-json\/wp\/v2\/users\/7"}],"replies":[{"embeddable":true,"href":"https:\/\/rdm.no\/no\/wp-json\/wp\/v2\/comments?post=2413"}],"version-history":[{"count":6,"href":"https:\/\/rdm.no\/no\/wp-json\/wp\/v2\/pages\/2413\/revisions"}],"predecessor-version":[{"id":13428,"href":"https:\/\/rdm.no\/no\/wp-json\/wp\/v2\/pages\/2413\/revisions\/13428"}],"wp:featuredmedia":[{"embeddable":true,"href":"https:\/\/rdm.no\/no\/wp-json\/wp\/v2\/media\/4459"}],"wp:attachment":[{"href":"https:\/\/rdm.no\/no\/wp-json\/wp\/v2\/media?parent=2413"}],"curies":[{"name":"wp","href":"https:\/\/api.w.org\/{rel}","templated":true}]}}