{"id":2411,"date":"2016-02-16T10:54:19","date_gmt":"2016-02-16T09:54:19","guid":{"rendered":"https:\/\/rdm.no\/norsk\/kokelv_sjosamiske_museum\/hva_skjer\/utstillinger\/bildegalleri\/"},"modified":"2020-02-07T19:48:46","modified_gmt":"2020-02-07T18:48:46","slug":"bildegalleri","status":"publish","type":"page","link":"https:\/\/rdm.no\/no\/kokelv_sjosamiske_museum\/bildegalleri\/","title":{"rendered":"Bildegalleri"},"content":{"rendered":"<div id='gallery-1' class='gallery galleryid-2411 gallery-columns-1 gallery-size-full'><dl class='gallery-item'>\n\t\t\t<dt class='gallery-icon landscape'>\n\t\t\t\t<a href='https:\/\/rdm.no\/no\/img_20190819_112958-jpg\/'><img loading=\"lazy\" decoding=\"async\" width=\"2330\" height=\"1748\" src=\"https:\/\/rdm.no\/wp-content\/uploads\/2019\/12\/img_20190819_112958.jpg\" class=\"attachment-full size-full\" alt=\"Gule sm\u00f8rblomster i forgrunn. Nordlandsb\u00e5t og en rekke r\u00f8de naust p\u00e5 stranda i Kokelv i bakgrunnen. Sol og bl\u00e5 himmel.\" srcset=\"https:\/\/rdm.no\/wp-content\/uploads\/2019\/12\/img_20190819_112958.jpg 2330w, https:\/\/rdm.no\/wp-content\/uploads\/2019\/12\/img_20190819_112958-300x225.jpg 300w, https:\/\/rdm.no\/wp-content\/uploads\/2019\/12\/img_20190819_112958-768x576.jpg 768w, https:\/\/rdm.no\/wp-content\/uploads\/2019\/12\/img_20190819_112958-1024x768.jpg 1024w\" sizes=\"auto, (max-width: 2330px) 100vw, 2330px\" \/><\/a>\n\t\t\t<\/dt><\/dl><br style=\"clear: both\" \/><dl class='gallery-item'>\n\t\t\t<dt class='gallery-icon portrait'>\n\t\t\t\t<a href='https:\/\/rdm.no\/no\/kokelv_sjosamiske_museum\/bildegalleri\/fiskegarnsamling_13d\/'><img loading=\"lazy\" decoding=\"async\" width=\"1707\" height=\"2560\" src=\"https:\/\/rdm.no\/wp-content\/uploads\/2020\/01\/Fiskegarnsamling_13d-scaled.jpg\" class=\"attachment-full size-full\" alt=\"Glasskavler med garnbinding henger i fokus, med fjell og bl\u00e5 himmel i bakgrunnen.\" srcset=\"https:\/\/rdm.no\/wp-content\/uploads\/2020\/01\/Fiskegarnsamling_13d-scaled.jpg 1707w, https:\/\/rdm.no\/wp-content\/uploads\/2020\/01\/Fiskegarnsamling_13d-200x300.jpg 200w, https:\/\/rdm.no\/wp-content\/uploads\/2020\/01\/Fiskegarnsamling_13d-683x1024.jpg 683w, https:\/\/rdm.no\/wp-content\/uploads\/2020\/01\/Fiskegarnsamling_13d-768x1152.jpg 768w, https:\/\/rdm.no\/wp-content\/uploads\/2020\/01\/Fiskegarnsamling_13d-1024x1536.jpg 1024w, https:\/\/rdm.no\/wp-content\/uploads\/2020\/01\/Fiskegarnsamling_13d-1365x2048.jpg 1365w\" sizes=\"auto, (max-width: 1707px) 100vw, 1707px\" \/><\/a>\n\t\t\t<\/dt><\/dl><br style=\"clear: both\" \/>\n\t\t<\/div>\n\n","protected":false},"excerpt":{"rendered":"","protected":false},"author":7,"featured_media":0,"parent":2408,"menu_order":0,"comment_status":"closed","ping_status":"closed","template":"","meta":{"_acf_changed":false,"footnotes":""},"class_list":["post-2411","page","type-page","status-publish","hentry"],"acf":[],"_links":{"self":[{"href":"https:\/\/rdm.no\/no\/wp-json\/wp\/v2\/pages\/2411","targetHints":{"allow":["GET"]}}],"collection":[{"href":"https:\/\/rdm.no\/no\/wp-json\/wp\/v2\/pages"}],"about":[{"href":"https:\/\/rdm.no\/no\/wp-json\/wp\/v2\/types\/page"}],"author":[{"embeddable":true,"href":"https:\/\/rdm.no\/no\/wp-json\/wp\/v2\/users\/7"}],"replies":[{"embeddable":true,"href":"https:\/\/rdm.no\/no\/wp-json\/wp\/v2\/comments?post=2411"}],"version-history":[{"count":0,"href":"https:\/\/rdm.no\/no\/wp-json\/wp\/v2\/pages\/2411\/revisions"}],"up":[{"embeddable":true,"href":"https:\/\/rdm.no\/no\/wp-json\/wp\/v2\/pages\/2408"}],"wp:attachment":[{"href":"https:\/\/rdm.no\/no\/wp-json\/wp\/v2\/media?parent=2411"}],"curies":[{"name":"wp","href":"https:\/\/api.w.org\/{rel}","templated":true}]}}