{"id":2408,"date":"2016-02-16T10:43:24","date_gmt":"2016-02-16T09:43:24","guid":{"rendered":"https:\/\/rdm.no\/norsk\/kokelv_sjosamiske_museum\/"},"modified":"2026-04-23T14:11:59","modified_gmt":"2026-04-23T12:11:59","slug":"kokelv_sjosamiske_museum","status":"publish","type":"page","link":"https:\/\/rdm.no\/no\/kokelv_sjosamiske_museum\/","title":{"rendered":"J\u00e1hkovuona mearras\u00e1mi musea \u2013 Kokelv sj\u00f8samiske museum"},"content":{"rendered":"<p>Museet best\u00e5r av et genuint sj\u00f8samisk sm\u00e5bruk med bolighus, fj\u00f8s og uthus som ligger rett i n\u00e6rheten av Kokelva, og har utsikt ned til fjorden hvor vi ogs\u00e5 har et nytt stornaust og en tredjedel av et eldre fellesnaust, hvor vi har b\u00e5tsamlingen v\u00e5r.<\/p>\n<p><img loading=\"lazy\" decoding=\"async\" class=\"size-full wp-image-10056\" src=\"https:\/\/rdm.no\/wp-content\/uploads\/2022\/05\/DJI_0088-HDR-1-scaled.jpg\" alt=\"Nillag\u00e5rden, hvitt bolighus, r\u00f8d fj\u00f8s og uthus. I bakgrunnen en annen g\u00e5rd, en rekke r\u00f8de naust og fjord og fjell. Fint v\u00e6r\" width=\"2560\" height=\"1543\" srcset=\"https:\/\/rdm.no\/wp-content\/uploads\/2022\/05\/DJI_0088-HDR-1-scaled.jpg 2560w, https:\/\/rdm.no\/wp-content\/uploads\/2022\/05\/DJI_0088-HDR-1-300x181.jpg 300w, https:\/\/rdm.no\/wp-content\/uploads\/2022\/05\/DJI_0088-HDR-1-1024x617.jpg 1024w, https:\/\/rdm.no\/wp-content\/uploads\/2022\/05\/DJI_0088-HDR-1-768x463.jpg 768w, https:\/\/rdm.no\/wp-content\/uploads\/2022\/05\/DJI_0088-HDR-1-1536x926.jpg 1536w, https:\/\/rdm.no\/wp-content\/uploads\/2022\/05\/DJI_0088-HDR-1-2048x1234.jpg 2048w\" sizes=\"auto, (max-width: 2560px) 100vw, 2560px\" \/><\/p>\n<p><strong><br \/>\nSommer\u00e5pent museum.<br \/>\n<\/strong>Kokelv sj\u00f8samiske museum er \u00e5pent fra 4. juli til 9. august. Tirsdag til s\u00f8ndag fra kl. 11:00 &#8211; 17:00.<\/p>\n<div><strong>Priser inngangsbillett<\/strong><\/div>\n<div>Voksne: NOK 100<br \/>\nStudent\/Pensjonist: NOK 75<br \/>\nBarn under 15 \u00e5r: Gratis<br \/>\nGrupper over 10 personer:\u00a0 NOK 60 per person<\/div>\n<div>Familie : NOK 200<\/div>\n<p><img loading=\"lazy\" decoding=\"async\" class=\"alignnone size-full wp-image-10059\" src=\"https:\/\/rdm.no\/wp-content\/uploads\/2022\/05\/DJI_0979-HDRutsnitt-scaled.jpg\" alt=\"Dronebilde av Kokelv. Nillag\u00e5rden er i h\u00f8yre nederste hj\u00f8rne. Oversikt av deler av Kokelvs bebyggelse, inkludert en rekke r\u00f8de naust, skolen og Kokelv bo og omsorgssenter\" width=\"2560\" height=\"1525\" srcset=\"https:\/\/rdm.no\/wp-content\/uploads\/2022\/05\/DJI_0979-HDRutsnitt-scaled.jpg 2560w, https:\/\/rdm.no\/wp-content\/uploads\/2022\/05\/DJI_0979-HDRutsnitt-300x179.jpg 300w, https:\/\/rdm.no\/wp-content\/uploads\/2022\/05\/DJI_0979-HDRutsnitt-1024x610.jpg 1024w, https:\/\/rdm.no\/wp-content\/uploads\/2022\/05\/DJI_0979-HDRutsnitt-768x457.jpg 768w, https:\/\/rdm.no\/wp-content\/uploads\/2022\/05\/DJI_0979-HDRutsnitt-1536x915.jpg 1536w, https:\/\/rdm.no\/wp-content\/uploads\/2022\/05\/DJI_0979-HDRutsnitt-2048x1220.jpg 2048w\" sizes=\"auto, (max-width: 2560px) 100vw, 2560px\" \/><\/p>\n<div>\n<p><strong>Vi er p\u00e5 Instagram!<\/strong><br \/>\nF\u00f8lg oss p\u00e5 <a href=\"https:\/\/www.instagram.com\/kokelvsjosamiskemuseum\">Instagram<\/a> for oppdateringer om hva som skjer p\u00e5 museet. Vi driver ogs\u00e5 digital formidling om utvalgte gjenstander p\u00e5 Instagram.<\/p>\n<p>Dronevideo av bygda Kokelv, havna og Kokelv Sj\u00f8samiske Museum med Nilla-g\u00e5rden og naustene.<\/p>\n<div class=\"entry-content-asset\">\n    <iframe loading=\"lazy\" title=\"Kokelv Sj\u00f8samiske Museum fra lufta\" width=\"500\" height=\"281\" src=\"https:\/\/www.youtube.com\/embed\/a8j1EC_OSpc?feature=oembed\" frameborder=\"0\" allow=\"accelerometer; autoplay; clipboard-write; encrypted-media; gyroscope; picture-in-picture; web-share\" referrerpolicy=\"strict-origin-when-cross-origin\" allowfullscreen><\/iframe><\/div>\n<\/div>\n","protected":false},"excerpt":{"rendered":"<p>Velkommen til v\u00e5rt museum i Kokelv!<\/p>\n","protected":false},"author":7,"featured_media":10066,"parent":0,"menu_order":0,"comment_status":"closed","ping_status":"closed","template":"","meta":{"_acf_changed":false,"footnotes":""},"class_list":["post-2408","page","type-page","status-publish","has-post-thumbnail","hentry"],"acf":[],"_links":{"self":[{"href":"https:\/\/rdm.no\/no\/wp-json\/wp\/v2\/pages\/2408","targetHints":{"allow":["GET"]}}],"collection":[{"href":"https:\/\/rdm.no\/no\/wp-json\/wp\/v2\/pages"}],"about":[{"href":"https:\/\/rdm.no\/no\/wp-json\/wp\/v2\/types\/page"}],"author":[{"embeddable":true,"href":"https:\/\/rdm.no\/no\/wp-json\/wp\/v2\/users\/7"}],"replies":[{"embeddable":true,"href":"https:\/\/rdm.no\/no\/wp-json\/wp\/v2\/comments?post=2408"}],"version-history":[{"count":2,"href":"https:\/\/rdm.no\/no\/wp-json\/wp\/v2\/pages\/2408\/revisions"}],"predecessor-version":[{"id":13578,"href":"https:\/\/rdm.no\/no\/wp-json\/wp\/v2\/pages\/2408\/revisions\/13578"}],"wp:featuredmedia":[{"embeddable":true,"href":"https:\/\/rdm.no\/no\/wp-json\/wp\/v2\/media\/10066"}],"wp:attachment":[{"href":"https:\/\/rdm.no\/no\/wp-json\/wp\/v2\/media?parent=2408"}],"curies":[{"name":"wp","href":"https:\/\/api.w.org\/{rel}","templated":true}]}}