{"id":2378,"date":"2016-02-16T10:42:12","date_gmt":"2016-02-16T09:42:12","guid":{"rendered":"https:\/\/rdm.no\/norsk\/kautokeino_bygdetun\/"},"modified":"2025-12-08T14:23:06","modified_gmt":"2025-12-08T13:23:06","slug":"kautokeino_bygdetun","status":"publish","type":"page","link":"https:\/\/rdm.no\/no\/kautokeino_bygdetun\/","title":{"rendered":"Kautokeino bygdetun"},"content":{"rendered":"<h1>Guovdageainnu gili\u0161illju \u2013 Kautokeino bygdetun<\/h1>\n<p style=\"line-height: 1.6em;\"><b>Telefon<\/b> +47 <span style=\"font-size: 15.6px;\">406 13 183 \/ +47 481 17 266<br \/>\n<\/span><b style=\"font-size: 15.6px; color: #2f4f4f;\">Epost<\/b> <a style=\"font-size: 120%; line-height: 1.6em;\" href=\"mailto:rdm-kauto@rdm.no\" target=\"_blank\" rel=\"noopener noreferrer\" data-event-action=\"klikket-mailto-lenke\" data-event-category=\"Henvendelser\" data-event-label=\"https:\/\/rdm.no\/norsk\/kautokeino_bygdetun\/\">rdm-kauto@rdm.no<\/a><\/p>\n<p style=\"line-height: 1.6em;\"><b style=\"font-size: 15.6px;\">Bes\u00f8ks- og postadresse<\/b>\u00a0<span style=\"color: #2f4f4f; font-size: 15.6px;\">Boaronj\u00e1rga 23, 9520 Guovdageaidnu \u2013 Kautokeino<\/span><\/p>\n<div style=\"line-height: 20.8px;\"><\/div>\n<div style=\"line-height: 20.8px;\"><\/div>\n<div>\n<div style=\"line-height: 1.6em; font-size: 15.6px;\"><b style=\"line-height: normal; font-size: 13px;\"><span style=\"font-size: 11.5pt; font-family: Arial;\">\u00c5PNINGSTIDER JUL<\/span><\/b><\/div>\n<\/div>\n<div>Stengt 24.12.25-02.01.26<\/div>\n<div><\/div>\n<div><b style=\"line-height: normal; font-size: 13px;\"><span style=\"font-size: 11.5pt; font-family: Arial;\">\u00c5PNINGSTIDER H\u00d8ST-VINTER-V\u00c5R<\/span><\/b><\/div>\n<div>Tirsdag-Fredag\u00a0 \u00a0 \u00a0 \u00a0 \u00a009:00 &#8211; 15:00<\/div>\n<div>L\u00f8rdag-Mandag\u00a0 \u00a0 \u00a0 \u00a0 STENGT<\/div>\n<div><\/div>\n<div><\/div>\n<div>\n<div><\/div>\n<\/div>\n<div>\n<div style=\"line-height: 1.6em;\">\n<div><\/div>\n<div style=\"font-size: 12.23px;\"><b style=\"line-height: 20.8px;\"><span style=\"font-size: 15.6px;\">INNGANGSPRISER<\/span><\/b><\/div>\n<\/div>\n<div>\n<div>\n<div style=\"line-height: 1.6em; font-size: 15.6px;\"><b style=\"line-height: normal; font-size: 13px;\"><span style=\"font-size: 11.5pt; font-family: Arial;\">\u00a0<\/span><\/b><\/div>\n<\/div>\n<ul>\n<li>Billett Voksen NOK 150<\/li>\n<li>Billett Student &#8211; Pensjonist\u00a0 Nok 90<\/li>\n<li>Billett Familie\u00a0 Nok 250<\/li>\n<li class=\"MsoNormal\" style=\"font-size: 15.6px; line-height: 1.6em;\">Barn under 15 \u00e5r Gratis<\/li>\n<li class=\"MsoNormal\" style=\"font-size: 15.6px; line-height: 1.6em;\">Grupper over 10 personer NOK 90 pr. person<\/li>\n<\/ul>\n<\/div>\n<\/div>\n<div>\n<p>\u00a0 \u00a0 \u00a0 Fellesbilletter for alle RDM museer<\/p>\n<ul>\n<li>Voksen Nok 300<\/li>\n<li>Student &#8211; Pensjonist Nok 200<\/li>\n<li>Familie Nok 500<\/li>\n<li>Grupper over 10 personer NOK 180 pr. person<\/li>\n<\/ul>\n<\/div>\n","protected":false},"excerpt":{"rendered":"<p>Guovdageainnu gili\u0161illju \u2013 Kautokeino bygdetun Telefon +47 406 13 183 \/ +47 481 17 266 Epost rdm-kauto@rdm.no Bes\u00f8ks- og postadresse\u00a0Boaronj\u00e1rga 23, 9520 Guovdageaidnu \u2013 Kautokeino \u00c5PNINGSTIDER JUL Stengt 24.12.25-02.01.26 \u00c5PNINGSTIDER H\u00d8ST-VINTER-V\u00c5R Tirsdag-Fredag\u00a0 \u00a0 \u00a0 \u00a0 \u00a009:00 &#8211; 15:00 L\u00f8rdag-Mandag\u00a0 \u00a0 \u00a0 \u00a0 STENGT INNGANGSPRISER \u00a0 Billett Voksen NOK 150 Billett Student &#8211; Pensjonist\u00a0 Nok 90 [&hellip;]<\/p>\n","protected":false},"author":7,"featured_media":5958,"parent":0,"menu_order":0,"comment_status":"closed","ping_status":"closed","template":"","meta":{"_acf_changed":false,"footnotes":""},"class_list":["post-2378","page","type-page","status-publish","has-post-thumbnail","hentry"],"acf":[],"_links":{"self":[{"href":"https:\/\/rdm.no\/no\/wp-json\/wp\/v2\/pages\/2378","targetHints":{"allow":["GET"]}}],"collection":[{"href":"https:\/\/rdm.no\/no\/wp-json\/wp\/v2\/pages"}],"about":[{"href":"https:\/\/rdm.no\/no\/wp-json\/wp\/v2\/types\/page"}],"author":[{"embeddable":true,"href":"https:\/\/rdm.no\/no\/wp-json\/wp\/v2\/users\/7"}],"replies":[{"embeddable":true,"href":"https:\/\/rdm.no\/no\/wp-json\/wp\/v2\/comments?post=2378"}],"version-history":[{"count":0,"href":"https:\/\/rdm.no\/no\/wp-json\/wp\/v2\/pages\/2378\/revisions"}],"wp:featuredmedia":[{"embeddable":true,"href":"https:\/\/rdm.no\/no\/wp-json\/wp\/v2\/media\/5958"}],"wp:attachment":[{"href":"https:\/\/rdm.no\/no\/wp-json\/wp\/v2\/media?parent=2378"}],"curies":[{"name":"wp","href":"https:\/\/api.w.org\/{rel}","templated":true}]}}