{"id":2377,"date":"2016-02-16T10:45:00","date_gmt":"2016-02-16T09:45:00","guid":{"rendered":"https:\/\/rdm.no\/norsk\/de_samiske_samlinger\/samlingen\/"},"modified":"2026-02-05T18:29:13","modified_gmt":"2026-02-05T17:29:13","slug":"samlingen","status":"publish","type":"page","link":"https:\/\/rdm.no\/no\/de_samiske_samlinger\/samlingen\/","title":{"rendered":"Samlingen"},"content":{"rendered":"<div>\n<h3>Samlingene best\u00e5r av samiske samtids- og kulturhistoriske gjenstander samt samisk kunst:<\/h3>\n<\/div>\n<figure id=\"attachment_6194\" class=\"thumbnail wp-caption alignright\" style=\"max-width: 205px;\">\n    <img loading=\"lazy\" decoding=\"async\" class=\"wp-image-6194 size-medium\" src=\"https:\/\/rdm.no\/wp-content\/uploads\/2020\/01\/SVD-205x300.jpg\" alt=\"Kopi av en tromme fra 1600-tallet\" width=\"205\" height=\"300\" srcset=\"https:\/\/rdm.no\/wp-content\/uploads\/2020\/01\/SVD-205x300.jpg 205w, https:\/\/rdm.no\/wp-content\/uploads\/2020\/01\/SVD-701x1024.jpg 701w, https:\/\/rdm.no\/wp-content\/uploads\/2020\/01\/SVD-768x1123.jpg 768w, https:\/\/rdm.no\/wp-content\/uploads\/2020\/01\/SVD-1051x1536.jpg 1051w, https:\/\/rdm.no\/wp-content\/uploads\/2020\/01\/SVD-1401x2048.jpg 1401w, https:\/\/rdm.no\/wp-content\/uploads\/2020\/01\/SVD-scaled.jpg 1751w\" sizes=\"auto, (max-width: 205px) 100vw, 205px\" \/>    <figcaption class=\"caption wp-caption-text\">Anders Poulsens tromme, goavddis (1692): kopi laget p\u00e5 Historisk museum i Bergen i begynnelsen av 1980-tallet.<\/figcaption>\n<\/figure>\n<div>Gjenstandssamling best\u00e5r av ca. 5000 objekter, i utstillinger og i magasiner.<\/div>\n<div>Gjenstandene har sin opprinnelse fra hele S\u00e1pmi. Museet presenterer i sine utstillinger materiale som omfatter de fleste samiske omr\u00e5der:<\/div>\n<div>\n<ul>\n<li>En av de st\u00f8rste samlingene av tradisjonelle samiske kl\u00e6r<\/li>\n<li>Duodji- og h\u00e5ndtverksredskaper<\/li>\n<li>Jakt og fangstredskaper<\/li>\n<li>Gjenstander fra samisk religion: kopi av Anders Poulsens tromme fra 1692 og <em>sieidi<\/em> (offerstein)<\/li>\n<li>Gjenstander og redskaper fra reindrift<\/li>\n<li>Redskaper brukt i landbruket<\/li>\n<li>Bealljegoahti (buestangstelt)<\/li>\n<li>Transportmidler: elveb\u00e5t og kj\u00f8rerein med pulk<\/li>\n<\/ul>\n<\/div>\n<div>\n<h3>Andre gjenstander i samlingen:<\/h3>\n<ul type=\"disc\">\n<li>Kulturhistoriske fotografier, filmer og lydb\u00e5ndopptak<\/li>\n<\/ul>\n<h3>Utsmykking av museumsbygget:<\/h3>\n<p>Museumsbygget ble utsmykket av samisk kunstner Iver J\u00e5ks.<\/p>\n<figure id=\"attachment_6575\" class=\"thumbnail wp-caption alignright\" style=\"max-width: 442px;\">\n    <img loading=\"lazy\" decoding=\"async\" class=\"wp-image-6575 \" src=\"https:\/\/rdm.no\/wp-content\/uploads\/2020\/02\/Gudenes_dans_Iver-J\u00e5ks-300x142.jpg\" alt=\"Veggrelieff p\u00e5 De Samiske Samlinger\" width=\"442\" height=\"209\" srcset=\"https:\/\/rdm.no\/wp-content\/uploads\/2020\/02\/Gudenes_dans_Iver-J\u00e5ks-300x142.jpg 300w, https:\/\/rdm.no\/wp-content\/uploads\/2020\/02\/Gudenes_dans_Iver-J\u00e5ks-1024x485.jpg 1024w, https:\/\/rdm.no\/wp-content\/uploads\/2020\/02\/Gudenes_dans_Iver-J\u00e5ks-768x364.jpg 768w, https:\/\/rdm.no\/wp-content\/uploads\/2020\/02\/Gudenes_dans_Iver-J\u00e5ks-1536x728.jpg 1536w, https:\/\/rdm.no\/wp-content\/uploads\/2020\/02\/Gudenes_dans_Iver-J\u00e5ks-2048x970.jpg 2048w\" sizes=\"auto, (max-width: 442px) 100vw, 442px\" \/>    <figcaption class=\"caption wp-caption-text\">&laquo;Gudenes dans&raquo; av Iver J\u00e5ks, 1972<\/figcaption>\n<\/figure>\n<figure id=\"attachment_6578\" class=\"thumbnail wp-caption alignnone\" style=\"max-width: 300px;\">\n    <img loading=\"lazy\" decoding=\"async\" class=\" wp-image-6578\" src=\"https:\/\/rdm.no\/wp-content\/uploads\/2020\/02\/Iver_J\u00e5ks_d\u00f8rhndtak_290517_OCA-300x243.jpg\" alt=\"Messing d\u00e5rh\u00e5ndstak p\u00e5 museet\" width=\"300\" height=\"243\" srcset=\"https:\/\/rdm.no\/wp-content\/uploads\/2020\/02\/Iver_J\u00e5ks_d\u00f8rhndtak_290517_OCA-300x243.jpg 300w, https:\/\/rdm.no\/wp-content\/uploads\/2020\/02\/Iver_J\u00e5ks_d\u00f8rhndtak_290517_OCA.jpg 593w\" sizes=\"auto, (max-width: 300px) 100vw, 300px\" \/>    <figcaption class=\"caption wp-caption-text\">D\u00f8rh\u00e5ndtak, Iver J\u00e5ks, 1972<\/figcaption>\n<\/figure>\n<\/div>\n<div>\n<h3>Henvendelser ang\u00e5ende museets samling av kulturhistoriske foto, film og lydopptak rettes til:<\/h3>\n<p><a href=\"mailto:post@rdm.no\">post@rdm.no<\/a><\/p>\n<p>Eller kontakt konservator Paula Rauhala <a href=\"mailto:paula@rdm.no\">paula@rdm.no<\/a><\/p>\n<h3>Friluftsmuseum<\/h3>\n<ul>\n<li>Friluftsmuseet har samiske bygninger med bl.a. et unikt g\u00e5rdsanlegg\u00a0fra J\u00e1vrebannj\u00e1rga og Beaivv\u00e1\u0161gieddi gamle fjellstue fra slutten av 1800-tallet, uthus, stall og <em>goahti <\/em>(jordgammer). L\u00e1vvu vises p\u00e5 friluftsmuseet om sommeren.<\/li>\n<li>Fangstgroper i friluftsmuseet representerer den flere tusen \u00e5r gamle metoden for fangst av vill rein.<\/li>\n<\/ul>\n<\/div>\n<h1><\/h1>\n<h1>De Samiske Samlinger publiserer p\u00e5 Digitalt Museum<\/h1>\n<div>RiddoDuottarMuseat publiserer deler av samlingene p\u00e5 <a href=\"https:\/\/digitaltmuseum.no\/search?owner_filter=RDM&amp;query=riddoduottarmuseat\" target=\"_blank\" rel=\"noopener noreferrer\">Digitalt Museum<\/a>.<\/div>\n<div>De Samiske Samlinger arbeider med \u00e5 publisere informasjon om samlingen i l\u00f8pet av v\u00e5ren 2020.<\/div>\n<div><\/div>\n<div>Foresp\u00f8rsel om kj\u00f8p av foto som presenteres i Digitalt Museum, kontakt museet p\u00e5 e-post <a href=\"mailto:post@rdm.no\" target=\"_blank\" rel=\"noopener noreferrer\">post@rdm.no<\/a><\/div>\n<p>&nbsp;<\/p>\n","protected":false},"excerpt":{"rendered":"<p>De Samiske Samlinger i Karasjok forvalter over 5000 gjenstander. Dette er den st\u00f8rste museale samlingen som representerer samisk kulturhistorie i Norge. Denne unike samlingen omfatter levesett, husholdning, n\u00e6ringer, kl\u00e6r, religion, duodji (kunsth\u00e5ndverk) og kunst fra hele S\u00e1pmi.<\/p>\n","protected":false},"author":7,"featured_media":0,"parent":2341,"menu_order":5,"comment_status":"closed","ping_status":"closed","template":"","meta":{"_acf_changed":false,"footnotes":""},"class_list":["post-2377","page","type-page","status-publish","hentry"],"acf":[],"_links":{"self":[{"href":"https:\/\/rdm.no\/no\/wp-json\/wp\/v2\/pages\/2377","targetHints":{"allow":["GET"]}}],"collection":[{"href":"https:\/\/rdm.no\/no\/wp-json\/wp\/v2\/pages"}],"about":[{"href":"https:\/\/rdm.no\/no\/wp-json\/wp\/v2\/types\/page"}],"author":[{"embeddable":true,"href":"https:\/\/rdm.no\/no\/wp-json\/wp\/v2\/users\/7"}],"replies":[{"embeddable":true,"href":"https:\/\/rdm.no\/no\/wp-json\/wp\/v2\/comments?post=2377"}],"version-history":[{"count":0,"href":"https:\/\/rdm.no\/no\/wp-json\/wp\/v2\/pages\/2377\/revisions"}],"up":[{"embeddable":true,"href":"https:\/\/rdm.no\/no\/wp-json\/wp\/v2\/pages\/2341"}],"wp:attachment":[{"href":"https:\/\/rdm.no\/no\/wp-json\/wp\/v2\/media?parent=2377"}],"curies":[{"name":"wp","href":"https:\/\/api.w.org\/{rel}","templated":true}]}}