{"id":10902,"date":"2023-01-16T14:13:21","date_gmt":"2023-01-16T13:13:21","guid":{"rendered":"https:\/\/rdm.no\/de_samiske_samlinger\/svd-logo-ja-musealuohti\/"},"modified":"2023-02-02T14:31:07","modified_gmt":"2023-02-02T13:31:07","slug":"svd-logo-ja-musealuohti","status":"publish","type":"page","link":"https:\/\/rdm.no\/no\/de_samiske_samlinger\/svd-avvuda-50-jagi-2022s\/svd-logo-ja-musealuohti\/","title":{"rendered":"SVD Logo"},"content":{"rendered":"<h2>SVD Logo<\/h2>\n<p>SVD museet feirer 50\u00e5rs jubileum i 2022. Jubileums feiringene ble arrangert utover hele \u00e5ret, og f\u00f8rste feiringen var p\u00e5skeuka 12.04.2022. Folk fra hele S\u00e1pmi og Norden deltok i utstillings\u00e5pningen \u201cRUOKTOT \u2013 S\u00e1mi rumbbuid m\u00e1hcaheapmi \u2013 Tilbakef\u00f8ring av samiske trommer \u2013 The Return of the S\u00e1mi Drums\u201d<\/p>\n<p style=\"text-align: left;\">I forbindelse med utstillings\u00e5pningen <span style=\"font-size: 1rem;\">avsl\u00f8rte <\/span><span style=\"font-size: 1rem;\">SVD museet jubileums gave; en ny logo. Det er noe museet aldri har hatt, f\u00f8r n\u00e5.\u00a0<\/span><span style=\"font-size: 1rem;\">Laila Labba designet logoen og <\/span><span style=\"font-size: 1rem;\">SVD eierstyre betalte for logoen.\u00a0<\/span><\/p>\n<figure id=\"attachment_10110\" class=\"thumbnail wp-caption alignleft\" style=\"max-width: 358px;\">\n    <img loading=\"lazy\" decoding=\"async\" class=\"wp-image-10110\" style=\"font-size: 1rem;\" src=\"https:\/\/rdm.no\/wp-content\/uploads\/2022\/05\/Farge-med-tekst.jpg\" alt=\"SVD logo, med teksten &quot;S\u00e1miid Vuork\u00e1-D\u00e1vvirat&quot;\" width=\"358\" height=\"358\" srcset=\"https:\/\/rdm.no\/wp-content\/uploads\/2022\/05\/Farge-med-tekst.jpg 199w, https:\/\/rdm.no\/wp-content\/uploads\/2022\/05\/Farge-med-tekst-150x150.jpg 150w\" sizes=\"auto, (max-width: 358px) 100vw, 358px\" \/>    <figcaption class=\"caption wp-caption-text\">SVD Logo<\/figcaption>\n<\/figure>\n<p><span style=\"font-size: 1rem;\">Inspirasjonen har blitt hentet fra det samiske vevde beltet, <\/span><em>L\u00e1hppinboag\u00e1n. L\u00e1hppinboag\u00e1n <\/em><span style=\"font-size: 1rem;\">har vanligvis hvitt garn som basis ulltr\u00e5d. Beltet best\u00e5r av tre b\u00e5nd: to smale p\u00e5 hver ytterside og et bredere b\u00e5nd imellom disse, guovdd\u00e1\u0161girj\u00e1. Guovdd\u00e1\u0161girj\u00e1 er tradisjonelt vevd med r\u00f8dt og bl\u00e5tt garn. M\u00f8nsteret i guovdd\u00e1\u0161girj\u00e1 varierer fra sted til sted. Firkanter i m\u00f8nsteret ofte symboliserer religion, glede, fred, lykke og rikdom.\u00a0<\/span><\/p>\n<p>Farger har ogs\u00e5 forskjellig symbolikk og mening. R\u00f8d symboliserer makt, livet og kj\u00e6rlighet. Andre adjektiver som skildrer r\u00f8d er ild, varme og sola. Bl\u00e5 skildres som fredelig, styrke, \u00e6rlighet, himmel og vann.<\/p>\n<p>Logoen er formet etter Karasjoks<em> l\u00e1hppinboag\u00e1n&#8217;<\/em>s m\u00f8nster og farger. <em>L\u00e1hppinboag\u00e1n <\/em>og dens\u00a0<span style=\"font-size: 1rem;\">tradisjonelle h\u00e5ndverk og klede,<\/span><span style=\"font-size: 1rem;\"> har lenge v\u00e6rt <\/span><span style=\"font-size: 1rem;\">viktig i <\/span><span style=\"font-size: 1rem;\">omr\u00e5der rundt <\/span><span style=\"font-size: 1rem;\">Karasjok, Porsanger, Tana, Utsjok og Vads\u00f8.\u00a0<\/span><\/p>\n<p>Gratulerer med dagen SVD, RDM og same folket!<\/p>\n<p>&nbsp;<\/p>\n","protected":false},"excerpt":{"rendered":"<p>SVD feiret 50\u00e5rs jubileum i 2022. I jubileums \u00e5ret fikk museet sitt eget logo. Museums logoen ble offentliggjort i sammenheng med jubileumsutstillingen 12.04.2022.<\/p>\n","protected":false},"author":3,"featured_media":0,"parent":10001,"menu_order":1,"comment_status":"closed","ping_status":"closed","template":"","meta":{"_acf_changed":false,"footnotes":""},"class_list":["post-10902","page","type-page","status-publish","hentry"],"acf":[],"_links":{"self":[{"href":"https:\/\/rdm.no\/no\/wp-json\/wp\/v2\/pages\/10902","targetHints":{"allow":["GET"]}}],"collection":[{"href":"https:\/\/rdm.no\/no\/wp-json\/wp\/v2\/pages"}],"about":[{"href":"https:\/\/rdm.no\/no\/wp-json\/wp\/v2\/types\/page"}],"author":[{"embeddable":true,"href":"https:\/\/rdm.no\/no\/wp-json\/wp\/v2\/users\/3"}],"replies":[{"embeddable":true,"href":"https:\/\/rdm.no\/no\/wp-json\/wp\/v2\/comments?post=10902"}],"version-history":[{"count":0,"href":"https:\/\/rdm.no\/no\/wp-json\/wp\/v2\/pages\/10902\/revisions"}],"up":[{"embeddable":true,"href":"https:\/\/rdm.no\/no\/wp-json\/wp\/v2\/pages\/10001"}],"wp:attachment":[{"href":"https:\/\/rdm.no\/no\/wp-json\/wp\/v2\/media?parent=10902"}],"curies":[{"name":"wp","href":"https:\/\/api.w.org\/{rel}","templated":true}]}}