{"id":10608,"date":"2022-11-01T07:49:40","date_gmt":"2022-11-01T06:49:40","guid":{"rendered":"https:\/\/rdm.no\/de_samiske_samlinger\/svd-avvoseminara-24-11-2022-karasjogas\/"},"modified":"2023-02-14T16:13:13","modified_gmt":"2023-02-14T15:13:13","slug":"svd-avvoseminara-24-11-2022-karasjogas","status":"publish","type":"page","link":"https:\/\/rdm.no\/no\/de_samiske_samlinger\/svd-avvuda-50-jagi-2022s\/svd-avvoseminara-24-11-2022-karasjogas\/","title":{"rendered":"SVD Jubileumsseminar 24.11.2022 i Karasjok"},"content":{"rendered":"<h2>SVD Jubileumsseminar: 50-\u00e5r<\/h2>\n<p>&nbsp;<\/p>\n<p>S\u00e1miid Vuork\u00e1-D\u00e1vvirat inviterer alle til sitt Jubileumsseminar den 24. november kl. 10:00 \u2013 16:30. Seminaret er i Karasjok Samfunnshus. Bli med p\u00e5 forelesninger, diskusjoner og selve feiringen av museets jubileum!<\/p>\n<p>Seminaret tolkes til norsk og samisk.<\/p>\n<p>Vi tilbyr kaffe\/te, kaker og annen fingermat.<\/p>\n<p>Stor takk til alle som har st\u00f8ttet Jubileumsseminaret!<\/p>\n<p>Seminaret st\u00f8ttes av: Karasjok kommune\/ K\u00e1r\u00e1\u0161joga gielda og <a href=\"https:\/\/frittord.no\/nb\/hjem\">Fritt Ord<\/a> stiftelse. Delst\u00f8tte fra Sametinget til koordineringsarbeidet.<\/p>\n<p>&nbsp;<\/p>\n<h2>Program<\/h2>\n<h4 class=\"_04xlpA direction-ltr align-center para-style-body\"><span class=\"JsGRdQ\">Seminar ledere: <\/span><span class=\"JsGRdQ\">Marit Mel\u00f8y &amp; Jelena Porsanger<\/span><\/h4>\n<p>&nbsp;<\/p>\n<p>10:00<\/p>\n<p>Per Tor Turi: joik<\/p>\n<p>10: 05<\/p>\n<p class=\"_04xlpA direction-ltr align-center para-style-body\">Sametingspresident Silje Karine Muotka &amp; Ordf\u00f8rer Svein Atle Somby: \u00c5pning av seminaret<\/p>\n<p>10: 25<\/p>\n<p class=\"_04xlpA direction-ltr align-center para-style-body\">Vigdis Stordahl: <span class=\"JsGRdQ\">SVD historie- og museumsforening &#8211; <\/span><span class=\"JsGRdQ\">Forhistorie til SVD fra 1938<\/span><\/p>\n<p>11:00<\/p>\n<p class=\"_04xlpA direction-ltr align-center para-style-body\"><span class=\"JsGRdQ\">Trude Fonneland: SVD og Universitetsmuseum i Troms\u00f8<\/span><\/p>\n<p><span class=\"JsGRdQ\">11:30 &#8211; 12:30<\/span><\/p>\n<p><span class=\"JsGRdQ\">Lunsj<\/span><\/p>\n<p>12:30<\/p>\n<p><span class=\"JsGRdQ\">Odd Mathis H\u00e6tta: <\/span><span class=\"JsGRdQ\">Kreitt\u00e1 \u00c1ndde Mari\/Mari Teigmo Eira \u2013 <\/span><span class=\"JsGRdQ\">mottakeren av RDM hederspris 2022<\/span><\/p>\n<p>13:05<\/p>\n<p><span class=\"JsGRdQ\">Utdeling av RDM hederspris<\/span><\/p>\n<p>13:10<\/p>\n<p><span class=\"JsGRdQ\">Einar Niemi: SVD p\u00e5 1970- og 1980-tallet: Samesak, samarbeid og samiske trommer<\/span><\/p>\n<p>13:40<\/p>\n<p><span class=\"JsGRdQ\">Kreitt\u00e1 \u00c1ndde Osvald\/Osvald Guttorm: <\/span><span class=\"JsGRdQ\">Trommeutstilling fra <\/span><span class=\"JsGRdQ\">1980- og 1990-tallet<\/span><\/p>\n<p>14:10<\/p>\n<p>Jelena Porsanger: <span class=\"JsGRdQ\">SVD og repatrieringsprosjekter<\/span><\/p>\n<p>14:40<\/p>\n<p><span class=\"JsGRdQ\">Kaffe<\/span><\/p>\n<p>14:55<\/p>\n<p>Paula Rauhala: <span class=\"JsGRdQ\">SVD historie gjennom fotografier<\/span><\/p>\n<p>15:25<\/p>\n<p>S\u00e1pmi Media UB: <span class=\"JsGRdQ\">SVD historie podkast<\/span><\/p>\n<p>15:55<\/p>\n<p>Anne May Olli: <span class=\"JsGRdQ\">Framtid og planer &#8211; <\/span><span class=\"JsGRdQ\">nytt museumsbygg sammen med S\u00e1mi D\u00e1iddamusea<\/span><\/p>\n<p>16:30<\/p>\n<p><span class=\"JsGRdQ\">Skyss til hotellet<\/span><\/p>\n<p>18:00<\/p>\n<p><span class=\"JsGRdQ\">Jubileumsmiddag til inviterte gjester<\/span><\/p>\n<p>&nbsp;<\/p>\n<p>&nbsp;<\/p>\n<p>VELKOMMEN!<\/p>\n","protected":false},"excerpt":{"rendered":"<p>50-\u00e5rs jubileumsseminar for S\u00e1miid Vuork\u00e1-D\u00e1vvirat ble gjennomf\u00f8rst den 24. November kl. 10:00 &#8211; 16:30. Seminaret i Karasjok Samfunnshus. Seminaret satt s\u00f8kelys p\u00e5 den 50 \u00e5r lange historien til S\u00e1miid Vuork\u00e1-D\u00e1vvirat; hvor har vi startet, hvor langt har vi kommet og hvor er vi p\u00e5 vei. Opptaket fra seminaret blir publisert p\u00e5 RDM Youtube. F\u00f8lg med nyhetsoppdateringer p\u00e5 v\u00e5re sosiale medier. Mer info finner du nedenfor. Seminaret var \u00e5pent og gratis til alle.<\/p>\n","protected":false},"author":3,"featured_media":10748,"parent":10001,"menu_order":3,"comment_status":"closed","ping_status":"closed","template":"","meta":{"_acf_changed":false,"footnotes":""},"class_list":["post-10608","page","type-page","status-publish","has-post-thumbnail","hentry"],"acf":[],"_links":{"self":[{"href":"https:\/\/rdm.no\/no\/wp-json\/wp\/v2\/pages\/10608","targetHints":{"allow":["GET"]}}],"collection":[{"href":"https:\/\/rdm.no\/no\/wp-json\/wp\/v2\/pages"}],"about":[{"href":"https:\/\/rdm.no\/no\/wp-json\/wp\/v2\/types\/page"}],"author":[{"embeddable":true,"href":"https:\/\/rdm.no\/no\/wp-json\/wp\/v2\/users\/3"}],"replies":[{"embeddable":true,"href":"https:\/\/rdm.no\/no\/wp-json\/wp\/v2\/comments?post=10608"}],"version-history":[{"count":0,"href":"https:\/\/rdm.no\/no\/wp-json\/wp\/v2\/pages\/10608\/revisions"}],"up":[{"embeddable":true,"href":"https:\/\/rdm.no\/no\/wp-json\/wp\/v2\/pages\/10001"}],"wp:featuredmedia":[{"embeddable":true,"href":"https:\/\/rdm.no\/no\/wp-json\/wp\/v2\/media\/10748"}],"wp:attachment":[{"href":"https:\/\/rdm.no\/no\/wp-json\/wp\/v2\/media?parent=10608"}],"curies":[{"name":"wp","href":"https:\/\/api.w.org\/{rel}","templated":true}]}}