{"id":10001,"date":"2022-03-02T15:18:53","date_gmt":"2022-03-02T14:18:53","guid":{"rendered":"https:\/\/rdm.no\/de_samiske_samlinger\/svd-avvuda-50-jagi-2022s\/"},"modified":"2023-02-02T18:29:48","modified_gmt":"2023-02-02T17:29:48","slug":"svd-avvuda-50-jagi-2022s","status":"publish","type":"page","link":"https:\/\/rdm.no\/no\/de_samiske_samlinger\/svd-avvuda-50-jagi-2022s\/","title":{"rendered":"SVD feiret 50 \u00e5r i 2022"},"content":{"rendered":"<h2>\u00c5rshjulet<\/h2>\n<p>&nbsp;<\/p>\n<p>&nbsp;<\/p>\n<p><img loading=\"lazy\" decoding=\"async\" class=\" wp-image-10649\" src=\"https:\/\/rdm.no\/wp-content\/uploads\/2022\/11\/1-copy-1-212x300.png\" alt=\"Beige infographic banner with text\" width=\"450\" height=\"636\" srcset=\"https:\/\/rdm.no\/wp-content\/uploads\/2022\/11\/1-copy-1-212x300.png 212w, https:\/\/rdm.no\/wp-content\/uploads\/2022\/11\/1-copy-1-724x1024.png 724w, https:\/\/rdm.no\/wp-content\/uploads\/2022\/11\/1-copy-1-768x1086.png 768w, https:\/\/rdm.no\/wp-content\/uploads\/2022\/11\/1-copy-1-1086x1536.png 1086w, https:\/\/rdm.no\/wp-content\/uploads\/2022\/11\/1-copy-1.png 1414w\" sizes=\"auto, (max-width: 450px) 100vw, 450px\" \/><\/p>\n<p>SVD\u2019s \u00e5rshjul for arrangementer.<\/p>\n<p>I \u00e5r 2022 feirer S\u00e1miid Vuork\u00e1-D\u00e1vvirat\/De samiske Samlinger (RDM-SVD) hele 50 \u00e5r. Museet ble etablert i 1972, som det f\u00f8rste samiske kulturinstituttet i Norge. De Samiske Samlingers Museumslag ble opprettet allerede i 1939. Vi arrangerer jubileumsfeiringer hele 2022, og inviterer alle \u00e5 delta!<\/p>\n<p>Spesielt takk til samarbeidspartnerne, frivillige og finansierer: Sametinget, Karasjok kommune, FrittOrd stiftelse, Kulturr\u00e5det, Troms og Finnmark fylkeskommune, Kulturtanken, Kulturminnedagene, Nordland fylkeskommune, Frivillighetens \u00e5r 2022, Norges Husflidslag, KORO, Koneen S\u00e4\u00e4ti\u00f6 og Tenthaus.<\/p>\n<div id='gallery-1' class='gallery galleryid-10001 gallery-columns-8 gallery-size-full'><dl class='gallery-item'>\n\t\t\t<dt class='gallery-icon landscape'>\n\t\t\t\t<a href='https:\/\/rdm.no\/no\/de_samiske_samlinger\/svd-avvuda-50-jagi-2022s\/samediggi-2\/'><img loading=\"lazy\" decoding=\"async\" width=\"577\" height=\"563\" src=\"https:\/\/rdm.no\/wp-content\/uploads\/2023\/02\/Samediggi.jpeg\" class=\"attachment-full size-full\" alt=\"Graphic orange and gre\" srcset=\"https:\/\/rdm.no\/wp-content\/uploads\/2023\/02\/Samediggi.jpeg 577w, https:\/\/rdm.no\/wp-content\/uploads\/2023\/02\/Samediggi-300x293.jpeg 300w\" sizes=\"auto, (max-width: 577px) 100vw, 577px\" \/><\/a>\n\t\t\t<\/dt><\/dl><dl class='gallery-item'>\n\t\t\t<dt class='gallery-icon landscape'>\n\t\t\t\t<a href='https:\/\/rdm.no\/no\/de_samiske_samlinger\/svd-avvuda-50-jagi-2022s\/kommunelogo-2\/'><img loading=\"lazy\" decoding=\"async\" width=\"818\" height=\"299\" src=\"https:\/\/rdm.no\/wp-content\/uploads\/2023\/02\/kommunelogo.jpeg\" class=\"attachment-full size-full\" alt=\"Graphic red and yellow logo\" srcset=\"https:\/\/rdm.no\/wp-content\/uploads\/2023\/02\/kommunelogo.jpeg 818w, https:\/\/rdm.no\/wp-content\/uploads\/2023\/02\/kommunelogo-300x110.jpeg 300w, https:\/\/rdm.no\/wp-content\/uploads\/2023\/02\/kommunelogo-768x281.jpeg 768w\" sizes=\"auto, (max-width: 818px) 100vw, 818px\" \/><\/a>\n\t\t\t<\/dt><\/dl><dl class='gallery-item'>\n\t\t\t<dt class='gallery-icon landscape'>\n\t\t\t\t<a href='https:\/\/rdm.no\/no\/de_samiske_samlinger\/svd-avvuda-50-jagi-2022s\/norsk_kulturfond_stor_svart-2\/'><img loading=\"lazy\" decoding=\"async\" width=\"900\" height=\"344\" src=\"https:\/\/rdm.no\/wp-content\/uploads\/2023\/02\/Norsk_kulturfond_stor_svart.jpeg\" class=\"attachment-full size-full\" alt=\"Black graphic logo\" srcset=\"https:\/\/rdm.no\/wp-content\/uploads\/2023\/02\/Norsk_kulturfond_stor_svart.jpeg 900w, https:\/\/rdm.no\/wp-content\/uploads\/2023\/02\/Norsk_kulturfond_stor_svart-300x115.jpeg 300w, https:\/\/rdm.no\/wp-content\/uploads\/2023\/02\/Norsk_kulturfond_stor_svart-768x294.jpeg 768w\" sizes=\"auto, (max-width: 900px) 100vw, 900px\" \/><\/a>\n\t\t\t<\/dt><\/dl><dl class='gallery-item'>\n\t\t\t<dt class='gallery-icon portrait'>\n\t\t\t\t<a href='https:\/\/rdm.no\/no\/de_samiske_samlinger\/svd-avvuda-50-jagi-2022s\/fritt-ord-logo-cmyk-2\/'><img loading=\"lazy\" decoding=\"async\" width=\"2486\" height=\"2560\" src=\"https:\/\/rdm.no\/wp-content\/uploads\/2023\/02\/fritt-ord-logo-cmyk-scaled.jpeg\" class=\"attachment-full size-full\" alt=\"Graphic blue logo\" srcset=\"https:\/\/rdm.no\/wp-content\/uploads\/2023\/02\/fritt-ord-logo-cmyk-scaled.jpeg 2486w, https:\/\/rdm.no\/wp-content\/uploads\/2023\/02\/fritt-ord-logo-cmyk-291x300.jpeg 291w, https:\/\/rdm.no\/wp-content\/uploads\/2023\/02\/fritt-ord-logo-cmyk-995x1024.jpeg 995w, https:\/\/rdm.no\/wp-content\/uploads\/2023\/02\/fritt-ord-logo-cmyk-768x791.jpeg 768w, https:\/\/rdm.no\/wp-content\/uploads\/2023\/02\/fritt-ord-logo-cmyk-1492x1536.jpeg 1492w, https:\/\/rdm.no\/wp-content\/uploads\/2023\/02\/fritt-ord-logo-cmyk-1989x2048.jpeg 1989w\" sizes=\"auto, (max-width: 2486px) 100vw, 2486px\" \/><\/a>\n\t\t\t<\/dt><\/dl><dl class='gallery-item'>\n\t\t\t<dt class='gallery-icon landscape'>\n\t\t\t\t<a href='https:\/\/rdm.no\/no\/de_samiske_samlinger\/svd-avvuda-50-jagi-2022s\/frivillig-2\/'><img loading=\"lazy\" decoding=\"async\" width=\"2500\" height=\"2073\" src=\"https:\/\/rdm.no\/wp-content\/uploads\/2023\/02\/FRIVILLIG.png\" class=\"attachment-full size-full\" alt=\"Graphic logo with text\" srcset=\"https:\/\/rdm.no\/wp-content\/uploads\/2023\/02\/FRIVILLIG.png 2500w, https:\/\/rdm.no\/wp-content\/uploads\/2023\/02\/FRIVILLIG-300x249.png 300w, https:\/\/rdm.no\/wp-content\/uploads\/2023\/02\/FRIVILLIG-1024x849.png 1024w, https:\/\/rdm.no\/wp-content\/uploads\/2023\/02\/FRIVILLIG-768x637.png 768w, https:\/\/rdm.no\/wp-content\/uploads\/2023\/02\/FRIVILLIG-1536x1274.png 1536w, https:\/\/rdm.no\/wp-content\/uploads\/2023\/02\/FRIVILLIG-2048x1698.png 2048w\" sizes=\"auto, (max-width: 2500px) 100vw, 2500px\" \/><\/a>\n\t\t\t<\/dt><\/dl><dl class='gallery-item'>\n\t\t\t<dt class='gallery-icon landscape'>\n\t\t\t\t<a href='https:\/\/rdm.no\/no\/de_samiske_samlinger\/svd-avvuda-50-jagi-2022s\/koneen-saatio-logo-2\/'><img loading=\"lazy\" decoding=\"async\" width=\"4151\" height=\"1561\" src=\"https:\/\/rdm.no\/wp-content\/uploads\/2023\/02\/Koneen-Saatio-logo.png\" class=\"attachment-full size-full\" alt=\"Graphic logo with text\" srcset=\"https:\/\/rdm.no\/wp-content\/uploads\/2023\/02\/Koneen-Saatio-logo.png 4151w, https:\/\/rdm.no\/wp-content\/uploads\/2023\/02\/Koneen-Saatio-logo-300x113.png 300w, https:\/\/rdm.no\/wp-content\/uploads\/2023\/02\/Koneen-Saatio-logo-1024x385.png 1024w, https:\/\/rdm.no\/wp-content\/uploads\/2023\/02\/Koneen-Saatio-logo-768x289.png 768w, https:\/\/rdm.no\/wp-content\/uploads\/2023\/02\/Koneen-Saatio-logo-1536x578.png 1536w, https:\/\/rdm.no\/wp-content\/uploads\/2023\/02\/Koneen-Saatio-logo-2048x770.png 2048w\" sizes=\"auto, (max-width: 4151px) 100vw, 4151px\" \/><\/a>\n\t\t\t<\/dt><\/dl><dl class='gallery-item'>\n\t\t\t<dt class='gallery-icon portrait'>\n\t\t\t\t<a href='https:\/\/rdm.no\/no\/de_samiske_samlinger\/svd-avvuda-50-jagi-2022s\/korooo-2\/'><img loading=\"lazy\" decoding=\"async\" width=\"474\" height=\"710\" src=\"https:\/\/rdm.no\/wp-content\/uploads\/2023\/02\/KOROOO.png\" class=\"attachment-full size-full\" alt=\"Graphic logo with text\" srcset=\"https:\/\/rdm.no\/wp-content\/uploads\/2023\/02\/KOROOO.png 474w, https:\/\/rdm.no\/wp-content\/uploads\/2023\/02\/KOROOO-200x300.png 200w\" sizes=\"auto, (max-width: 474px) 100vw, 474px\" \/><\/a>\n\t\t\t<\/dt><\/dl><dl class='gallery-item'>\n\t\t\t<dt class='gallery-icon landscape'>\n\t\t\t\t<a href='https:\/\/rdm.no\/no\/de_samiske_samlinger\/svd-avvuda-50-jagi-2022s\/kulturminnedagene-2\/'><img loading=\"lazy\" decoding=\"async\" width=\"1022\" height=\"459\" src=\"https:\/\/rdm.no\/wp-content\/uploads\/2023\/02\/Kulturminnedagene.jpeg\" class=\"attachment-full size-full\" alt=\"Graphic logo with text\" srcset=\"https:\/\/rdm.no\/wp-content\/uploads\/2023\/02\/Kulturminnedagene.jpeg 1022w, https:\/\/rdm.no\/wp-content\/uploads\/2023\/02\/Kulturminnedagene-300x135.jpeg 300w, https:\/\/rdm.no\/wp-content\/uploads\/2023\/02\/Kulturminnedagene-768x345.jpeg 768w\" sizes=\"auto, (max-width: 1022px) 100vw, 1022px\" \/><\/a>\n\t\t\t<\/dt><\/dl><br style=\"clear: both\" \/><dl class='gallery-item'>\n\t\t\t<dt class='gallery-icon landscape'>\n\t\t\t\t<a href='https:\/\/rdm.no\/no\/de_samiske_samlinger\/svd-avvuda-50-jagi-2022s\/kulturtanken-logo-2\/'><img loading=\"lazy\" decoding=\"async\" width=\"1500\" height=\"438\" src=\"https:\/\/rdm.no\/wp-content\/uploads\/2023\/02\/kulturtanken-logo.jpeg\" class=\"attachment-full size-full\" alt=\"Graphic logo with text\" srcset=\"https:\/\/rdm.no\/wp-content\/uploads\/2023\/02\/kulturtanken-logo.jpeg 1500w, https:\/\/rdm.no\/wp-content\/uploads\/2023\/02\/kulturtanken-logo-300x88.jpeg 300w, https:\/\/rdm.no\/wp-content\/uploads\/2023\/02\/kulturtanken-logo-1024x299.jpeg 1024w, https:\/\/rdm.no\/wp-content\/uploads\/2023\/02\/kulturtanken-logo-768x224.jpeg 768w\" sizes=\"auto, (max-width: 1500px) 100vw, 1500px\" \/><\/a>\n\t\t\t<\/dt><\/dl><dl class='gallery-item'>\n\t\t\t<dt class='gallery-icon landscape'>\n\t\t\t\t<a href='https:\/\/rdm.no\/no\/de_samiske_samlinger\/svd-avvuda-50-jagi-2022s\/nordlandfylkeskommune-2\/'><img loading=\"lazy\" decoding=\"async\" width=\"1667\" height=\"1667\" src=\"https:\/\/rdm.no\/wp-content\/uploads\/2023\/02\/Nordlandfylkeskommune.jpeg\" class=\"attachment-full size-full\" alt=\"Graphic logo with text\" srcset=\"https:\/\/rdm.no\/wp-content\/uploads\/2023\/02\/Nordlandfylkeskommune.jpeg 1667w, https:\/\/rdm.no\/wp-content\/uploads\/2023\/02\/Nordlandfylkeskommune-300x300.jpeg 300w, https:\/\/rdm.no\/wp-content\/uploads\/2023\/02\/Nordlandfylkeskommune-1024x1024.jpeg 1024w, https:\/\/rdm.no\/wp-content\/uploads\/2023\/02\/Nordlandfylkeskommune-150x150.jpeg 150w, https:\/\/rdm.no\/wp-content\/uploads\/2023\/02\/Nordlandfylkeskommune-768x768.jpeg 768w, https:\/\/rdm.no\/wp-content\/uploads\/2023\/02\/Nordlandfylkeskommune-1536x1536.jpeg 1536w\" sizes=\"auto, (max-width: 1667px) 100vw, 1667px\" \/><\/a>\n\t\t\t<\/dt><\/dl><dl class='gallery-item'>\n\t\t\t<dt class='gallery-icon landscape'>\n\t\t\t\t<a href='https:\/\/rdm.no\/no\/de_samiske_samlinger\/svd-avvuda-50-jagi-2022s\/norges-2\/'><img loading=\"lazy\" decoding=\"async\" width=\"355\" height=\"142\" src=\"https:\/\/rdm.no\/wp-content\/uploads\/2023\/02\/NORGES.png\" class=\"attachment-full size-full\" alt=\"Graphic logo with text\" srcset=\"https:\/\/rdm.no\/wp-content\/uploads\/2023\/02\/NORGES.png 355w, https:\/\/rdm.no\/wp-content\/uploads\/2023\/02\/NORGES-300x120.png 300w, https:\/\/rdm.no\/wp-content\/uploads\/2023\/02\/NORGES-1920x765.png 1920w\" sizes=\"auto, (max-width: 355px) 100vw, 355px\" \/><\/a>\n\t\t\t<\/dt><\/dl><dl class='gallery-item'>\n\t\t\t<dt class='gallery-icon landscape'>\n\t\t\t\t<a href='https:\/\/rdm.no\/no\/de_samiske_samlinger\/svd-avvuda-50-jagi-2022s\/tensthaus-2\/'><img loading=\"lazy\" decoding=\"async\" width=\"224\" height=\"224\" src=\"https:\/\/rdm.no\/wp-content\/uploads\/2023\/02\/TENSTHAUS.png\" class=\"attachment-full size-full\" alt=\"Graphic logo with text\" srcset=\"https:\/\/rdm.no\/wp-content\/uploads\/2023\/02\/TENSTHAUS.png 224w, https:\/\/rdm.no\/wp-content\/uploads\/2023\/02\/TENSTHAUS-150x150.png 150w\" sizes=\"auto, (max-width: 224px) 100vw, 224px\" \/><\/a>\n\t\t\t<\/dt><\/dl><dl class='gallery-item'>\n\t\t\t<dt class='gallery-icon landscape'>\n\t\t\t\t<a href='https:\/\/rdm.no\/no\/de_samiske_samlinger\/svd-avvuda-50-jagi-2022s\/troms-2\/'><img loading=\"lazy\" decoding=\"async\" width=\"590\" height=\"85\" src=\"https:\/\/rdm.no\/wp-content\/uploads\/2023\/02\/TROMS.png\" class=\"attachment-full size-full\" alt=\"Graphic logo with text\" srcset=\"https:\/\/rdm.no\/wp-content\/uploads\/2023\/02\/TROMS.png 590w, https:\/\/rdm.no\/wp-content\/uploads\/2023\/02\/TROMS-300x43.png 300w\" sizes=\"auto, (max-width: 590px) 100vw, 590px\" \/><\/a>\n\t\t\t<\/dt><\/dl>\n\t\t\t<br style='clear: both' \/>\n\t\t<\/div>\n\n<p>&nbsp;<\/p>\n<p>Jubileums\u00e5rets f\u00f8rste arrangement blir holdt p\u00e5skeuken 12.04.2022 kl. 16:30. I anledningen 50 \u00e5rs jubileet, s\u00e5 feirer vi med \u00e5 \u00e5pne en ny utstilling; \u00abRUOKTOT \u2013 S\u00e1mi rumbbuid m\u00e1hcaheapmi \u2013 Tilbakef\u00f8ring av samiske trommer \u2013 The Return of the S\u00e1mi Drums\u00bb. Ogs\u00e5 i \u00e5pningsarrangementet s\u00e5 kunngj\u00f8r vi den nye logoen til RDM-SVD.<\/p>\n<p><img loading=\"lazy\" decoding=\"async\" class=\"alignnone size-full wp-image-9993\" src=\"https:\/\/rdm.no\/wp-content\/uploads\/2022\/04\/SVD_logo.png\" alt=\"Graphic logo with red and blue\" width=\"199\" height=\"199\" srcset=\"https:\/\/rdm.no\/wp-content\/uploads\/2022\/04\/SVD_logo.png 199w, https:\/\/rdm.no\/wp-content\/uploads\/2022\/04\/SVD_logo-150x150.png 150w\" sizes=\"auto, (max-width: 199px) 100vw, 199px\" \/><\/p>\n<p>For n\u00e6rmere informasjon om jubileumsfeiringene, s\u00e5 legges det ut her: Facebook, bygdetavlene og p\u00e5 hjemmesiden.<\/p>\n<p>Dere er alle hjertelig velkommen \u00e5 feire dette \u00e5ret med oss!<\/p>\n<p>&nbsp;<\/p>\n<h3>Hva? Hvor? N\u00e5r?<\/h3>\n<p>&nbsp;<\/p>\n<h4>1.<\/h4>\n<h4>12.04-2022<\/h4>\n<h4>\u00c5pning av jubileumsutstilling &amp; folkefest<\/h4>\n<p>RDM-SVD \u00e5pner sin jubileumsutstilling \u201cRUOKTOT \u2013 S\u00e1mi rumbbuid m\u00e1hcaheapmi \u2013 Tilbakef\u00f8ring av samiske trommer &#8211; The Return of the S\u00e1mi Drums&raquo;, som sentrerer Anders Poulsens tromme og 3D modeller av fire andre samiske trommer. Trommeutstillingen er et samarbeid med RDM-SVD, Saemien Sijte, \u00c1rran og Siida.<\/p>\n<p>Utstillingen markerer at det er 50 \u00e5r siden opprettelsen av RDM-SVD. Samtidig \u00f8nsker vi ved dette h\u00f8vet \u00e5 markere at eierskapet til Anders Poulsens tromme, goavddis, n\u00e5 permanent overf\u00f8res til RDM-SVD.<\/p>\n<p class=\"_04xlpA direction-ltr align-center para-style-subtitle\"><span style=\"font-size: 1rem;\">Utstillings\u00e5pningen er kl. 17 og streames p\u00e5 storskjerm ute, p\u00e5 Friluftsmuseet. Fra cirka kl. 19:00 er museet \u00e5pent for publikummet som er ute, RDM-SVD ansatte deler ut inngangsbillett.<\/span><\/p>\n<p class=\"_04xlpA direction-ltr align-center para-style-subtitle\">I forbindelse med feiringen ute, s\u00e5 selges det bi\u0111us, kaffe, te og vafler. Bilene parkeres p\u00e5 parkeringsplassen til NRK S\u00e1pmi.<\/p>\n<p>Velkommen til jubileumsmarkeringen p\u00e5 Friluftsmuseet fra kl. 16:30! Ta gjerne med deg varme kl\u00e6r og reinskinn \u00e5 sitte p\u00e5.<\/p>\n<p>Utstillingsperioden er fra 12.04.2022 til 31.12.2023.<\/p>\n<p>&nbsp;<\/p>\n<h4>2.<\/h4>\n<h4>27.04-2022<\/h4>\n<h4>Debatten &#8211; Hva tenker ungdommen om tilbakef\u00f8ringen av samisk kulturarv?<\/h4>\n<p><em>Vi tar oss av v\u00e5re egne historier<\/em>: Videreg\u00e5ende elever snakker om kulturarv p\u00e5 Samisk videreg\u00e5ende skole i Karasjok.<\/p>\n<p class=\"x_MsoNormal\">Ungdommen debatterer om kulturarven i forbindelse med \u00e5pningen av museumsutstillingen \u00abRUOKTOT \u2013 Tilbakef\u00f8ring av samiske trommer\u00bb.<\/p>\n<p>Debatten er i samarbeid med Samisk videreg\u00e5ende skole i Karasjok og RDM-SVD.<\/p>\n<p>&nbsp;<\/p>\n<h4>3.<\/h4>\n<h4><span class=\"JsGRdQ\">16.06. &#8211; 17.06.<\/span><\/h4>\n<h4>Lysbildeskanning p\u00e5 RDM-SVD Museet<\/h4>\n<p>Private bilder skannes p\u00e5 RDM-SVD Museet. Evy Andersen kommer fra Troms og Finnmark fylkesbiblioteket \u00e5 hjelpe andre med \u00e5 skanne private bilder.<\/p>\n<p>Det skjer i samarbeid med Troms og Finnmark fylkesbiblioteket og RDM-SVD.<\/p>\n<p>&nbsp;<\/p>\n<h4>4.<\/h4>\n<h4><span class=\"JsGRdQ\">27.06. &#8211; 01.07.<\/span><\/h4>\n<h4><span class=\"JsGRdQ\">Illut Govddodit &#8211; Imagine to Float<\/span><\/h4>\n<p>Kajakkbygging for ungdom ute p\u00e5 utenfor RDM-SVD museet. Chilenske arkitekten, Nico Ibaceta, og Nederlandske designer Nina Havermans underviser kurset. Kursets hovedspr\u00e5k er engelsk, men b\u00e5de norsk og samiskspr\u00e5klige er med p\u00e5 arrangementet.<\/p>\n<p>Kurset er i samarbeid med Norges Husflidslag og RDM-SVD.<\/p>\n<p>&nbsp;<\/p>\n<h4>5.<\/h4>\n<h4>09.09-10.09.<\/h4>\n<h4><em>Kulturminnedagene: <\/em><b>Kulturarv, kunst &amp; duodji<\/b><\/h4>\n<p>Ungdommens kunstprosjekt. Et av arrangementene er prosjektet \u201cKulturarv, kunst &amp; duodji\u201d som samler ungdom i alderen 13-19 \u00e5r til \u00e5 reflektere over sammenhengen mellom lokal kulturarv og utvikling og presentasjon av moderne kunstuttrykk og duodji.<\/p>\n<p>09\/09 11:00 \u2013 13:00 p\u00e5 De Samiske Samlinger i Karasjok.<\/p>\n<p>10\/09 12:00 \u2013 15:00 p\u00e5 De Samiske Samlinger i Karasjok.<\/p>\n<p>Samarbeid mellom K\u00e1rena\u0161 Samisk Spr\u00e5k og Kultursenter og RDM-SVD.<\/p>\n<p>&nbsp;<\/p>\n<h4>6.<\/h4>\n<h4>07.10. \u2013 04.11 &amp; 05.11<\/h4>\n<h4>Tradisjonell garnkunst av ull<\/h4>\n<p>Kunst- og kunsth\u00e5ndverk workshop p\u00e5 barneskole i Karasjok og RDM &#8211; S\u00e1miid Vuork\u00e1-D\u00e1vvirat. N\u00e6rmere informasjon og program kommer senere.<\/p>\n<p>\u00c5pning av barneutstillingen: l\u00f8rdag den 5.11 kl 12-15 p\u00e5 SVD. Velkommen!<\/p>\n<p>Kunsth\u00e5ndverkeren som holder ullgarnkurset stammer fra <em>Wix\u00e1rikas<\/em> urbefolking, og jobber sammen med lokale skolebarn og unge.<\/p>\n<p>I samarbeidet er med <span lang=\"I-SAMI-NO\">Taideyliopisto \/ The University of the Arts Helsinki, KORO, Tenthaus og<\/span> RDM \u2013 S\u00e1miid Vuork\u00e1-D\u00e1vvirat. Og er en del av RDM \u2013 S\u00e1miid Vuork\u00e1-D\u00e1vvirat prosjekt \u00ab<em>Taking the museums back<\/em>\u00bb.<\/p>\n<p>&nbsp;<\/p>\n<h4>7.<\/h4>\n<h4>28.10. \u2013 29.10.<\/h4>\n<h4><em>Samisk Spr\u00e5kuke: <\/em>Tradisjonell samisk matfestival<\/h4>\n<p>Samisk mattradisjon og middag 28.10 \u2013 29.10 p\u00e5 Samisk Videreg\u00e5ende skole i Karasjok.<\/p>\n<p><a href=\"https:\/\/rdm.no\/no\/sami-biebmofestivala-karasjogas\/\">Program<\/a><\/p>\n<p>I samarbeid mellom SVD Museums- og historielag, Karasjok Pensjonistforening, Samisk Videreg\u00e5ende Skole, K\u00e1rena\u0161 Samisk Spr\u00e5k og Kultursenter og RDM-SVD.<\/p>\n<p>&nbsp;<\/p>\n<h4>8.<\/h4>\n<h4><span class=\"JsGRdQ\">24.11. kl 10 &#8211; 16:30, Karasjok Samfunnshus<\/span><\/h4>\n<h4>Jubileumsseminar &amp; SVD bildeutstilling<\/h4>\n<p>SVD jubileumsseminar og SVD bildeutstilling i Karasjok Samfunnshus. Et forel\u00f8pig seminarprogram finnes <a href=\"https:\/\/rdm.no\/no\/de_samiske_samlinger\/svd-avvoseminara-24-11-2022-karasjogas\/\">her.<\/a><\/p>\n<div>NB! Med forbehold om endringer i programmet.<\/div>\n<div><\/div>\n<div class=\"x11i5rnm xat24cr x1mh8g0r x1vvkbs xtlvy1s\">S\u00e1miid Vuork\u00e1-D\u00e1vvirat inviterer alle til sitt Jubileumsseminar den 24. november kl. 10:00 \u2013 16:30. Seminaret er i Karasjok Samfunnshus. Bli med p\u00e5 forelesninger, diskusjoner og selve feiringen av museets jubileum!<\/div>\n<div><\/div>\n<div class=\"x11i5rnm xat24cr x1mh8g0r x1vvkbs xtlvy1s\">Seminaret tolkes til norsk og samisk.<\/div>\n<div><\/div>\n<div class=\"x11i5rnm xat24cr x1mh8g0r x1vvkbs xtlvy1s\">\n<div class=\"x11i5rnm xat24cr x1mh8g0r x1vvkbs xtlvy1s\">Til seminaret er det begrenset med plasser. Gi beskjed om du kommer til: paula@rdm.no, merk svaret med \u201cSVD Jubileumsseminar\u201c. Fristen er: 21.11.2022.<\/div>\n<div><\/div>\n<div class=\"x11i5rnm xat24cr x1mh8g0r x1vvkbs xtlvy1s\">Vi tilbyr kaffe\/te, kaker og annen fingermat.<\/div>\n<div><\/div>\n<div class=\"x11i5rnm xat24cr x1mh8g0r x1vvkbs xtlvy1s\">Stor takk til alle som har st\u00f8ttet Jubileumsseminaret!<\/div>\n<div><\/div>\n<div class=\"x11i5rnm xat24cr x1mh8g0r x1vvkbs xtlvy1s\">Seminaret st\u00f8ttes av: Karasjok kommune\/ K\u00e1r\u00e1\u0161joga gielda og Fritt Ord stiftelse.<\/div>\n<div class=\"x11i5rnm xat24cr x1mh8g0r x1vvkbs xtlvy1s\"><\/div>\n<\/div>\n<p>I samarbeid mellom RDM-SVD, SVD Museums- og historielag, Karasjok kommune, UiT &#8211; Norges Arktiske Universitet, fylkesbiblioteket for Troms og Finnmark og Fritt Ord.<\/p>\n<p>F\u00f8lg oss p\u00e5 Facebook for n\u00e6rmere informasjon og p\u00e5melding til seminaret.<\/p>\n<p>VELKOMMEN!<\/p>\n<h4>9.<\/h4>\n<h4><span class=\"JsGRdQ\">25.11.<\/span><\/h4>\n<h4>Joikekonsert, Karasjok Samfunnshus kl 19:00.<\/h4>\n<h2>Linken til SVD 50-\u00e5rs Jubileumskonsert: Opptaket fra Joikekonserten er publisert i RDM Youtube kan\u00e1las, <a href=\"https:\/\/youtu.be\/JUGl7NfYGkw\">se video her<\/a><\/h2>\n<p>&nbsp;<\/p>\n<p>S\u00e1miid Vuork\u00e1-D\u00e1vvirat arrangerer Joikekonsert til \u00e6ren for museets 50 \u00e5rs jubileum den 25. november kl. 19:00 i Karasjok samfunnshus.<\/p>\n<p>Samarbeidspartnere: Juoigiid Searvi, Karasjok kommune og S\u00e1pmi Media UB.<\/p>\n<p>P\u00e5 programmet: joik og \u00e5pen mikrofon! Inviterte juoigit: Biret Risten Sara, Per Tor Turi, Laila Somby Sandvik, Iss\u00e1t S\u00e1mmol Heatta ja Ulla Pirttij\u00e4rvi-L\u00e4nsman.<\/p>\n<p>\u00c5pen mikrofon for alle, vi vil gjerne mimre v\u00e5r tidligere SVD ansatte. Vi \u00f8nsker at demmes joik blir h\u00f8rt og hedret som de fortjener!<\/p>\n<p>Under konserten tar vi jubileumsbilder av alle som \u00f8nsker \u00e5 bli avbildet i kofte og festantrekk.<\/p>\n<p>Vi streamer joikekonsertet p\u00e5 youtube.<\/p>\n<p>Streaming link <a href=\"https:\/\/www.youtube.com\/watch?v=QrsO5PBeHvk\">her.<\/a><\/p>\n<p>Kaffe og brus f\u00e5s kj\u00f8pt.<\/p>\n<p>&nbsp;<\/p>\n<p>Gratis inngang.<\/p>\n<p>Hjertelig velkommen!<\/p>\n<p>&nbsp;<\/p>\n<p>&nbsp;<\/p>\n<p>&nbsp;<\/p>\n<p>&nbsp;<\/p>\n<p>Har du sp\u00f8rsm\u00e5l om jubileumsfeiringene, ta kontakt med:<\/p>\n<p>museumsleder Jelena Porsanger, <a href=\"mailto:jelena@rmd.no\">jelena@rmd.no<\/a>, +47 40 612 117 eller jubileums\u00e5r koordinator Paula Rauhala, <a href=\"mailto:paula@rdm.no\">paula@rdm.no<\/a>, +47 40 609 394.<\/p>\n","protected":false},"excerpt":{"rendered":"<p>P\u00e5 denne siden finnes det informasjon om SVD arrangementer i jubileums\u00e5ret 2022.<\/p>\n","protected":false},"author":17,"featured_media":9561,"parent":2341,"menu_order":3,"comment_status":"closed","ping_status":"closed","template":"","meta":{"_acf_changed":false,"footnotes":""},"class_list":["post-10001","page","type-page","status-publish","has-post-thumbnail","hentry"],"acf":[],"_links":{"self":[{"href":"https:\/\/rdm.no\/no\/wp-json\/wp\/v2\/pages\/10001","targetHints":{"allow":["GET"]}}],"collection":[{"href":"https:\/\/rdm.no\/no\/wp-json\/wp\/v2\/pages"}],"about":[{"href":"https:\/\/rdm.no\/no\/wp-json\/wp\/v2\/types\/page"}],"author":[{"embeddable":true,"href":"https:\/\/rdm.no\/no\/wp-json\/wp\/v2\/users\/17"}],"replies":[{"embeddable":true,"href":"https:\/\/rdm.no\/no\/wp-json\/wp\/v2\/comments?post=10001"}],"version-history":[{"count":0,"href":"https:\/\/rdm.no\/no\/wp-json\/wp\/v2\/pages\/10001\/revisions"}],"up":[{"embeddable":true,"href":"https:\/\/rdm.no\/no\/wp-json\/wp\/v2\/pages\/2341"}],"wp:featuredmedia":[{"embeddable":true,"href":"https:\/\/rdm.no\/no\/wp-json\/wp\/v2\/media\/9561"}],"wp:attachment":[{"href":"https:\/\/rdm.no\/no\/wp-json\/wp\/v2\/media?parent=10001"}],"curies":[{"name":"wp","href":"https:\/\/api.w.org\/{rel}","templated":true}]}}