{"id":6629,"date":"2020-01-30T16:01:12","date_gmt":"2020-01-30T15:01:12","guid":{"rendered":"https:\/\/rdm.no\/de_samiske_samlinger\/om-museet\/"},"modified":"2020-02-28T14:02:56","modified_gmt":"2020-02-28T13:02:56","slug":"om-museet","status":"publish","type":"page","link":"https:\/\/rdm.no\/en\/de_samiske_samlinger-2\/om-museet\/","title":{"rendered":"About our museum"},"content":{"rendered":"<h2>ABOUT OUR MUSEUM<\/h2>\n<p>&nbsp;<\/p>\n<p><span title=\"\">S\u00e1miid Vuork\u00e1-D\u00e1vvirat &#8211; The S\u00e1mi Museum were established in 1972 as the first S\u00e1mi museum and the first S\u00e1mi cultural institution in Norway.<\/span> <span title=\"\">The purpose of the establishment was to promote S\u00e1mi culture and strengthen the status of the S\u00e1mi as indigenous people.<\/span> <span title=\"\">The museum building was officially opened on April 16, 1972. The museum building was decorated by the renown S\u00e1mi artist, Iver J\u00e5ks.<\/span> <span title=\"\">The museum is currently the largest S\u00e1mi museum in Norway.<\/span><\/p>\n<p><span title=\"\">The S\u00e1mi Museum in Karasjok manages over 5,000 objects. This is the largest mseum collection representing S\u00e1mi cultural history in Nor\u0161ay. <\/span><span title=\"\">This unique collection includes objects representing household, means of livelohood<\/span><span title=\"\">, traditional S\u00e1mi clothing, religion, duodji (arts and crafts) and arts from all over the S\u00e1mi area across national borders.<\/span><\/p>\n<h2><span title=\"\">The exhibitions in the main building<\/span><\/h2>\n<p><span title=\"\">&#8211; S\u00e1mi traditional clothing customs from different areas and time periods<\/span><br \/>\n&#8211; Tools and e\u00e1uipment used in various traditional means of livelihood<br \/>\n<span title=\"\">&#8211; <em>Duodji<\/em> &#8211; S\u00e1mi handicrafts<\/span><br \/>\n<span title=\"\">&#8211; Elements of S\u00e1mi religion<\/span><br \/>\n<span title=\"\">&#8211; Sami contemporary arts<\/span><\/p>\n<h3>In addition to the main Exhibition, we have often temporary exhibitions. Follow us on Facebook, or read the News update on our web site.<\/h3>\n<div class=\"text-wrap tlid-copy-target\">\n<h2 class=\"result-shield-container tlid-copy-target\" tabindex=\"0\"><span class=\"tlid-translation translation\" lang=\"en\"><span title=\"\">Outdoor museum<\/span><\/span><\/h2>\n<div class=\"result-shield-container tlid-copy-target\" tabindex=\"0\"><span class=\"tlid-translation translation\" lang=\"en\"><span title=\"\">The outdoor museum has S\u00e1mi buildings with a <\/span><span title=\"\">unique farm from J\u00e1vrebannj\u00e1rga and an old mountain lodge from Beaivv\u00e1\u0161gieddi from the 19th century.<\/span> <span title=\"\">Pitfalls in the outdoor museum represent the thousands-year-old method of hunting of wild reindeer.<\/span><\/span><\/div>\n<\/div>\n<div class=\"tlid-result-transliteration-container result-transliteration-container transliteration-container\"><\/div>\n<p>&nbsp;<\/p>\n<figure id=\"attachment_5953\" class=\"thumbnail wp-caption aligncenter\" style=\"max-width: 300px;\">\n    <img loading=\"lazy\" decoding=\"async\" class=\"wp-image-5953 size-medium\" src=\"https:\/\/rdm.no\/wp-content\/uploads\/2020\/01\/SVD_J\u00e1vrebainj\u00e1rstobu-dronagovva-2015-1-300x225.jpg\" alt=\"Et friluftmuseum med gamle bygninger. Sommer\" width=\"300\" height=\"225\" srcset=\"https:\/\/rdm.no\/wp-content\/uploads\/2020\/01\/SVD_J\u00e1vrebainj\u00e1rstobu-dronagovva-2015-1-300x225.jpg 300w, https:\/\/rdm.no\/wp-content\/uploads\/2020\/01\/SVD_J\u00e1vrebainj\u00e1rstobu-dronagovva-2015-1-1024x767.jpg 1024w, https:\/\/rdm.no\/wp-content\/uploads\/2020\/01\/SVD_J\u00e1vrebainj\u00e1rstobu-dronagovva-2015-1-768x575.jpg 768w, https:\/\/rdm.no\/wp-content\/uploads\/2020\/01\/SVD_J\u00e1vrebainj\u00e1rstobu-dronagovva-2015-1.jpg 1280w\" sizes=\"auto, (max-width: 300px) 100vw, 300px\" \/>    <figcaption class=\"caption wp-caption-text\">Outdoor museum in Karasjok: Drone picture<\/figcaption>\n<\/figure>\n<p>&nbsp;<\/p>\n","protected":false},"excerpt":{"rendered":"<p>S\u00e1miid Vuork\u00e1-D\u00e1vvirat \u2013 De Samiske Samlinger i Karasjok er et samisk kulturhistorisk museum som best\u00e5r av en hovedbygning med utstillinger og magasiner samt friluftsmuseum. Arbeidet med etableringen av museet begynte allerede i 1939. De f\u00f8rste bygningene til friluftsmuseet ble reist p\u00e5 museumstomta p\u00e5 slutten av 1950-tallet.<\/p>\n","protected":false},"author":3,"featured_media":5954,"parent":6318,"menu_order":0,"comment_status":"closed","ping_status":"closed","template":"","meta":{"_acf_changed":false,"footnotes":""},"class_list":["post-6629","page","type-page","status-publish","has-post-thumbnail","hentry"],"acf":[],"_links":{"self":[{"href":"https:\/\/rdm.no\/en\/wp-json\/wp\/v2\/pages\/6629","targetHints":{"allow":["GET"]}}],"collection":[{"href":"https:\/\/rdm.no\/en\/wp-json\/wp\/v2\/pages"}],"about":[{"href":"https:\/\/rdm.no\/en\/wp-json\/wp\/v2\/types\/page"}],"author":[{"embeddable":true,"href":"https:\/\/rdm.no\/en\/wp-json\/wp\/v2\/users\/3"}],"replies":[{"embeddable":true,"href":"https:\/\/rdm.no\/en\/wp-json\/wp\/v2\/comments?post=6629"}],"version-history":[{"count":0,"href":"https:\/\/rdm.no\/en\/wp-json\/wp\/v2\/pages\/6629\/revisions"}],"up":[{"embeddable":true,"href":"https:\/\/rdm.no\/en\/wp-json\/wp\/v2\/pages\/6318"}],"wp:featuredmedia":[{"embeddable":true,"href":"https:\/\/rdm.no\/en\/wp-json\/wp\/v2\/media\/5954"}],"wp:attachment":[{"href":"https:\/\/rdm.no\/en\/wp-json\/wp\/v2\/media?parent=6629"}],"curies":[{"name":"wp","href":"https:\/\/api.w.org\/{rel}","templated":true}]}}