{"id":6555,"date":"2020-02-02T11:38:23","date_gmt":"2020-02-02T10:38:23","guid":{"rendered":"https:\/\/rdm.no\/?page_id=6555"},"modified":"2022-05-10T12:28:25","modified_gmt":"2022-05-10T10:28:25","slug":"about-the-museum","status":"publish","type":"page","link":"https:\/\/rdm.no\/en\/kokelv_sjosamiske_museum\/about-the-museum\/","title":{"rendered":"About the museum"},"content":{"rendered":"<div><strong>Here you can read about our museum<\/strong><\/div>\n<div>\n<figure id=\"attachment_10057\" class=\"thumbnail wp-caption alignnone\" style=\"max-width: 2560px;\">\n    <img loading=\"lazy\" decoding=\"async\" class=\"size-full wp-image-10057\" src=\"https:\/\/rdm.no\/wp-content\/uploads\/2022\/05\/DJI_0088-HDR-1-scaled.jpg\" alt=\"Nillag\u00e5rden, hvitt bolighus, r\u00f8d fj\u00f8s og uthus. I bakgrunnen en annen g\u00e5rd, en rekke r\u00f8de naust og fjord og fjell. Fint v\u00e6r\" width=\"2560\" height=\"1543\" srcset=\"https:\/\/rdm.no\/wp-content\/uploads\/2022\/05\/DJI_0088-HDR-1-scaled.jpg 2560w, https:\/\/rdm.no\/wp-content\/uploads\/2022\/05\/DJI_0088-HDR-1-300x181.jpg 300w, https:\/\/rdm.no\/wp-content\/uploads\/2022\/05\/DJI_0088-HDR-1-1024x617.jpg 1024w, https:\/\/rdm.no\/wp-content\/uploads\/2022\/05\/DJI_0088-HDR-1-768x463.jpg 768w, https:\/\/rdm.no\/wp-content\/uploads\/2022\/05\/DJI_0088-HDR-1-1536x926.jpg 1536w, https:\/\/rdm.no\/wp-content\/uploads\/2022\/05\/DJI_0088-HDR-1-2048x1234.jpg 2048w\" sizes=\"auto, (max-width: 2560px) 100vw, 2560px\" \/>    <figcaption class=\"caption wp-caption-text\">Nill\u00e1dallu &#8211; Nill\u00e1g\u00e5rden &#8211; The Nill\u00e1 farm<\/figcaption>\n<\/figure>\n<p>At J\u00e1hkovuona mearras\u00e1mi musea\/Kokelv sj\u00f8samiske museum (A Costal S\u00e1mi museum) you can visit Nillag\u00e5rden &#8211; the Nilla farm, which is a genuine coastal S\u00e1mi smallholding with a new boathouse and one third of an old boathouse down by the shore. The farm was built during the rebuilding period after the Second World War.<\/p><\/div>\n<div>\n<p>The museum was founded in 1991 by Kokelv museumslag (Kokelv Museum Society) and Kvalsund kommune (Kvalsund Municipality).<br \/>\n<img loading=\"lazy\" decoding=\"async\" class=\"alignnone size-full wp-image-10060\" src=\"https:\/\/rdm.no\/wp-content\/uploads\/2022\/05\/DJI_0979-HDRutsnitt-scaled.jpg\" alt=\"Dronebilde over kokelv, man ser bebyggelsen, og museet nederst til venstre. sommerbilde, sol, fjord, fj\u00e6ra\" width=\"2560\" height=\"1525\" srcset=\"https:\/\/rdm.no\/wp-content\/uploads\/2022\/05\/DJI_0979-HDRutsnitt-scaled.jpg 2560w, https:\/\/rdm.no\/wp-content\/uploads\/2022\/05\/DJI_0979-HDRutsnitt-300x179.jpg 300w, https:\/\/rdm.no\/wp-content\/uploads\/2022\/05\/DJI_0979-HDRutsnitt-1024x610.jpg 1024w, https:\/\/rdm.no\/wp-content\/uploads\/2022\/05\/DJI_0979-HDRutsnitt-768x457.jpg 768w, https:\/\/rdm.no\/wp-content\/uploads\/2022\/05\/DJI_0979-HDRutsnitt-1536x915.jpg 1536w, https:\/\/rdm.no\/wp-content\/uploads\/2022\/05\/DJI_0979-HDRutsnitt-2048x1220.jpg 2048w\" sizes=\"auto, (max-width: 2560px) 100vw, 2560px\" \/><\/p>\n<p><strong>You can experience<\/strong><\/p>\n<\/div>\n<div>\n<ul>\n<li>the\u00a0housing and living conditions, with\u00a0smallholding and fishing as a way of life<\/li>\n<li>the coastal S\u00e1mi\u00a0culture in its natural milieu<\/li>\n<li>You will also\u00a0find the rehabilitated Kokelv costume,\u00a0reconstructed according to a coastal<br \/>\nS\u00e1mi costume that was commonly used\u00a0in Kokelv in the 1800s. It was rediscovered\u00a0at the Norwegian Folk Museum\u00a0in Oslo over 100 years later. Today\u00a0the costume is once again in use in the\u00a0area, however now as festivity wear.<\/li>\n<\/ul>\n<p><img loading=\"lazy\" decoding=\"async\" class=\"alignnone size-full wp-image-10063\" src=\"https:\/\/rdm.no\/wp-content\/uploads\/2022\/05\/36B9241utsnitt-scaled.jpg\" alt=\"R\u00f8dt uthus eller stabbur med kant av blomstereng p\u00e5 h\u00f8yre side\" width=\"2560\" height=\"1649\" srcset=\"https:\/\/rdm.no\/wp-content\/uploads\/2022\/05\/36B9241utsnitt-scaled.jpg 2560w, https:\/\/rdm.no\/wp-content\/uploads\/2022\/05\/36B9241utsnitt-300x193.jpg 300w, https:\/\/rdm.no\/wp-content\/uploads\/2022\/05\/36B9241utsnitt-1024x660.jpg 1024w, https:\/\/rdm.no\/wp-content\/uploads\/2022\/05\/36B9241utsnitt-768x495.jpg 768w, https:\/\/rdm.no\/wp-content\/uploads\/2022\/05\/36B9241utsnitt-1536x990.jpg 1536w, https:\/\/rdm.no\/wp-content\/uploads\/2022\/05\/36B9241utsnitt-2048x1320.jpg 2048w\" sizes=\"auto, (max-width: 2560px) 100vw, 2560px\" \/><\/p>\n<\/div>\n","protected":false},"excerpt":{"rendered":"<p>Here you can read about our museum At J\u00e1hkovuona mearras\u00e1mi musea\/Kokelv sj\u00f8samiske museum (A Costal S\u00e1mi museum) you can visit Nillag\u00e5rden &#8211; the Nilla farm, which is a genuine coastal S\u00e1mi smallholding with a new boathouse and one third of an old boathouse down by the shore. The farm was built during the rebuilding period [&hellip;]<\/p>\n","protected":false},"author":19,"featured_media":0,"parent":6294,"menu_order":0,"comment_status":"closed","ping_status":"closed","template":"","meta":{"_acf_changed":false,"footnotes":""},"class_list":["post-6555","page","type-page","status-publish","hentry"],"acf":[],"_links":{"self":[{"href":"https:\/\/rdm.no\/en\/wp-json\/wp\/v2\/pages\/6555","targetHints":{"allow":["GET"]}}],"collection":[{"href":"https:\/\/rdm.no\/en\/wp-json\/wp\/v2\/pages"}],"about":[{"href":"https:\/\/rdm.no\/en\/wp-json\/wp\/v2\/types\/page"}],"author":[{"embeddable":true,"href":"https:\/\/rdm.no\/en\/wp-json\/wp\/v2\/users\/19"}],"replies":[{"embeddable":true,"href":"https:\/\/rdm.no\/en\/wp-json\/wp\/v2\/comments?post=6555"}],"version-history":[{"count":0,"href":"https:\/\/rdm.no\/en\/wp-json\/wp\/v2\/pages\/6555\/revisions"}],"up":[{"embeddable":true,"href":"https:\/\/rdm.no\/en\/wp-json\/wp\/v2\/pages\/6294"}],"wp:attachment":[{"href":"https:\/\/rdm.no\/en\/wp-json\/wp\/v2\/media?parent=6555"}],"curies":[{"name":"wp","href":"https:\/\/api.w.org\/{rel}","templated":true}]}}