{"id":6333,"date":"2016-02-16T10:44:11","date_gmt":"2016-02-16T09:44:11","guid":{"rendered":"https:\/\/rdm.no\/samisk_kunstmagasin\/"},"modified":"2026-04-23T12:46:01","modified_gmt":"2026-04-23T10:46:01","slug":"samisk_kunstmagasin","status":"publish","type":"page","link":"https:\/\/rdm.no\/en\/samisk_kunstmagasin\/","title":{"rendered":"The Sami Art Collection"},"content":{"rendered":"<div style=\"font-size: 120%; line-height: 1.6em;\">\n<div style=\"line-height: 1.6em;\">\n<h1>S\u00e1mi D\u00e1iddamagasiidna \u2013 Sami Art Collections<\/h1>\n<div><b><br \/>\nTel.: \u00a0<\/b>408 59 401\/ 784 69 950<b><br \/>\nE-mail:\u00a0<\/b><a href=\"mailto:post@rdm.no\" target=\"_blank\" rel=\"noopener noreferrer\" data-event-category=\"Henvendelser (mailto)\" data-event-action=\"Klikk p\u00e5 mailtolenker\" data-event-label=\"https:\/\/rdm.no\/no\/samisk_kunstmagasin\/\">post@rdm.no<\/a><\/div>\n<div><b>Address: <\/b>Postboks 143 N-9735 K\u00e1r\u00e1\u0161johka\/Karasjok<\/div>\n<div><b>Visiting adresse: <\/b>Jeagilv\u00e1rm\u00e1\u0111ii 54<b>,<\/b> <i>(Earlier military facility)<\/i><\/div>\n<div><b>Find in:<\/b>\u00a0<a href=\"https:\/\/www.google.no\/maps\/dir\/\/69.4569701,25.5149048\/@69.4562308,25.5163498,17z\/data=!4m2!4m1!3e0\" target=\"_blank\" rel=\"noopener noreferrer\">Map<\/a> (link)<\/div>\n<div>\n<\/div>\n<div>RiddoDuottarMuseat is responsible for the safekeeping and management of a vast Sami art collection, which consist of handicrafts and contemporary art (around 1600).<\/div>\n<\/div>\n<\/div>\n<div><\/div>\n<p><!--more--><\/p>\n<div style=\"font-size: 120%; line-height: 1.6em;\">\n<div style=\"line-height: 1.6em;\">\n<div>Artworks are regularly exhibited at the Sami Parliament building, and the Sami Museum, both in Karasjok. At times, exhibits are also to be seen at the Lakselv Art-Arena and at Guovdageainnu gili\u0161illju\/Kautokeino Museum, which mainly has old Sami farmstead buildings. Sami art is also regularly shown on tour mainly inland, but also abroad at collaborating art galleries.<\/div>\n<div><\/div>\n<\/div>\n<div style=\"line-height: 1.6em;\">\n<div>The collection receives yearly additions, through a committee which is hired on a two-year interval by the Sami Parliament. The committee is tasked with the responsibility of finding new additions to the collection with purchases mainly done through official art-exhibits.<\/div>\n<div><\/div>\n<\/div>\n<\/div>\n<p><!--more--><\/p>\n<div style=\"font-size: 120%; line-height: 1.6em;\">\n<div style=\"line-height: 1.6em;\">\n<div>\n<p><strong>Employees<\/strong><\/p>\n<\/div>\n<div>\n<div><strong>Per Asle Sara<\/strong><\/div>\n<div><i>Department Manager<\/i><\/div>\n<div>Contact:<\/div>\n<div>per.asle@rdm.no<\/div>\n<div>+47 408 59 401<\/div>\n<\/div>\n<div>\n<div>\n<div>\n<p>&nbsp;<\/p>\n<\/div>\n<div>\n<div><strong>Ulrikke Marie Strandli<\/strong><\/div>\n<div><i>Collection Manager<\/i><\/div>\n<div>Contact:<\/div>\n<div>ulrikke@rdm.no<\/div>\n<div>+47 462 83 213<\/div>\n<\/div>\n<\/div>\n<div>\n<div>\n<p>&nbsp;<\/p>\n<\/div>\n<div>\n<div><strong>Pablo Barrera<\/strong><\/div>\n<\/div>\n<div><i>Curator<\/i><\/div>\n<div>Contact:<\/div>\n<div>pablo@rdm.no<\/div>\n<\/div>\n<\/div>\n<\/div>\n<\/div>\n","protected":false},"excerpt":{"rendered":"<p>S\u00e1mi D\u00e1iddamagasiidna \u2013 Sami Art Collections Tel.: \u00a0408 59 401\/ 784 69 950 E-mail:\u00a0post@rdm.no Address: Postboks 143 N-9735 K\u00e1r\u00e1\u0161johka\/Karasjok Visiting adresse: Jeagilv\u00e1rm\u00e1\u0111ii 54, (Earlier military facility) Find in:\u00a0Map (link) RiddoDuottarMuseat is responsible for the safekeeping and management of a vast Sami art collection, which consist of handicrafts and contemporary art (around 1600).<\/p>\n","protected":false},"author":7,"featured_media":4460,"parent":0,"menu_order":0,"comment_status":"closed","ping_status":"closed","template":"","meta":{"_acf_changed":false,"footnotes":""},"class_list":["post-6333","page","type-page","status-publish","has-post-thumbnail","hentry"],"acf":[],"_links":{"self":[{"href":"https:\/\/rdm.no\/en\/wp-json\/wp\/v2\/pages\/6333","targetHints":{"allow":["GET"]}}],"collection":[{"href":"https:\/\/rdm.no\/en\/wp-json\/wp\/v2\/pages"}],"about":[{"href":"https:\/\/rdm.no\/en\/wp-json\/wp\/v2\/types\/page"}],"author":[{"embeddable":true,"href":"https:\/\/rdm.no\/en\/wp-json\/wp\/v2\/users\/7"}],"replies":[{"embeddable":true,"href":"https:\/\/rdm.no\/en\/wp-json\/wp\/v2\/comments?post=6333"}],"version-history":[{"count":6,"href":"https:\/\/rdm.no\/en\/wp-json\/wp\/v2\/pages\/6333\/revisions"}],"predecessor-version":[{"id":13497,"href":"https:\/\/rdm.no\/en\/wp-json\/wp\/v2\/pages\/6333\/revisions\/13497"}],"wp:featuredmedia":[{"embeddable":true,"href":"https:\/\/rdm.no\/en\/wp-json\/wp\/v2\/media\/4460"}],"wp:attachment":[{"href":"https:\/\/rdm.no\/en\/wp-json\/wp\/v2\/media?parent=6333"}],"curies":[{"name":"wp","href":"https:\/\/api.w.org\/{rel}","templated":true}]}}