{"id":6318,"date":"2016-02-16T10:41:32","date_gmt":"2016-02-16T09:41:32","guid":{"rendered":"https:\/\/rdm.no\/de_samiske_samlinger\/"},"modified":"2026-02-05T18:15:32","modified_gmt":"2026-02-05T17:15:32","slug":"de_samiske_samlinger-2","status":"publish","type":"page","link":"https:\/\/rdm.no\/en\/de_samiske_samlinger-2\/","title":{"rendered":"The S\u00e1mi Museum in Karasjok"},"content":{"rendered":"<h2><strong>OPENING HOURS<\/strong><\/h2>\n<p>&nbsp;<\/p>\n<h3><span lang=\"EN-US\" data-olk-copy-source=\"MessageBody\">The Museum is closed from October 28 2025 because of the moving of the museum collection to a new storage. Follow our website for updates concerning the museum&#8217;s future plans. <\/span>For enquiries, please contact the reception:\u00a0<a title=\"mailto:post@rdm.no\" href=\"mailto:post@rdm.no\" data-linkindex=\"0\">post@rdm.no<\/a><\/h3>\n<p>&nbsp;<\/p>\n<p>&nbsp;<\/p>\n<h2><strong>ENTRANCE FEES<\/strong><\/h2>\n<p>Adults NOK 150<br \/>\nStudents \/ retirees NOK 90<br \/>\nChildren under the age of 15: free entry<br \/>\nGroups (more than 10 persons) NOK 90 per person<\/p>\n<p>&nbsp;<\/p>\n<h3><strong>Exhibition: <\/strong><\/h3>\n<h3><strong>\u201c<a href=\"\/en\/ny-utstilling-med-blikk-for-det-samiske\/\">With an Eye for the S\u00e1mi<\/a>: Alan Borvo\u00b4s Postcard Collection\u201d.<\/strong><\/h3>\n<figure id=\"attachment_12387\" class=\"thumbnail wp-caption aligncenter\" style=\"max-width: 1024px;\">\n    <img loading=\"lazy\" decoding=\"async\" class=\"size-large wp-image-12387\" src=\"https:\/\/rdm.no\/wp-content\/uploads\/2024\/03\/Hovedbilde-fra-PEM-BOR-00001-1024x676.jpg\" alt=\"Et gammelt postkort med motiv av lavvo og mennesker i samiske kl\u00e6r\" width=\"1024\" height=\"676\" srcset=\"https:\/\/rdm.no\/wp-content\/uploads\/2024\/03\/Hovedbilde-fra-PEM-BOR-00001-1024x676.jpg 1024w, https:\/\/rdm.no\/wp-content\/uploads\/2024\/03\/Hovedbilde-fra-PEM-BOR-00001-300x198.jpg 300w, https:\/\/rdm.no\/wp-content\/uploads\/2024\/03\/Hovedbilde-fra-PEM-BOR-00001-768x507.jpg 768w, https:\/\/rdm.no\/wp-content\/uploads\/2024\/03\/Hovedbilde-fra-PEM-BOR-00001-1536x1014.jpg 1536w, https:\/\/rdm.no\/wp-content\/uploads\/2024\/03\/Hovedbilde-fra-PEM-BOR-00001-2048x1352.jpg 2048w\" sizes=\"auto, (max-width: 1024px) 100vw, 1024px\" \/>    <figcaption class=\"caption wp-caption-text\">Postcard from Alan Borvo&#8217;s collection.<\/figcaption>\n<\/figure>\n<p>&nbsp;<\/p>\n<h3><strong>For update regarding opening hours during this summer m: Follow information update on our website and <a href=\"https:\/\/www.facebook.com\/DeSamiskeSamlinger\">Facebook<\/a>.<\/strong><\/h3>\n<p>&nbsp;<\/p>\n<h4>For group reservations, please take contact:<a href=\"mailto:post@rdm.no\"> post@rdm.no<\/a>\u00a0 or call:+47 784 69 950 \/ +47 406 11 82<\/h4>\n<p>&nbsp;<\/p>\n<h4>For museum tours for groups outside regular opening hours, please, contact for an arrangement. Welcome!<\/h4>\n<div class=\"o9v6fnle cxmmr5t8 oygrvhab hcukyx3x c1et5uql ii04i59q\">\n<div dir=\"ltr\"><\/div>\n<\/div>\n<div dir=\"ltr\">It is possible to make group reservations: post@rdm.no<\/div>\n<div class=\"o9v6fnle cxmmr5t8 oygrvhab hcukyx3x c1et5uql ii04i59q\">\n<div dir=\"ltr\"><\/div>\n<\/div>\n<div class=\"o9v6fnle cxmmr5t8 oygrvhab hcukyx3x c1et5uql ii04i59q\">\n<div dir=\"ltr\"><\/div>\n<\/div>\n<div class=\"o9v6fnle cxmmr5t8 oygrvhab hcukyx3x c1et5uql ii04i59q\">\n<div dir=\"ltr\">Please, see our homepage and facebook-page for updates on the situation.<\/div>\n<div dir=\"ltr\">For information about Coronavirus and travelling, see <a href=\"https:\/\/rdm.no\/en\/de_samiske_samlinger-2\/informasjon-om-koronaviruset\/\">her<\/a>.<\/div>\n<\/div>\n<p>&nbsp;<\/p>\n<p>&nbsp;<\/p>\n<figure id=\"attachment_7669\" class=\"thumbnail wp-caption alignright\" style=\"max-width: 216px;\">\n    <img loading=\"lazy\" decoding=\"async\" class=\"size-medium wp-image-7669\" src=\"https:\/\/rdm.no\/wp-content\/uploads\/2020\/08\/Njalla-Postkort-216x300.jpg\" alt=\"Njalla \" width=\"216\" height=\"300\" srcset=\"https:\/\/rdm.no\/wp-content\/uploads\/2020\/08\/Njalla-Postkort-216x300.jpg 216w, https:\/\/rdm.no\/wp-content\/uploads\/2020\/08\/Njalla-Postkort-737x1024.jpg 737w, https:\/\/rdm.no\/wp-content\/uploads\/2020\/08\/Njalla-Postkort-768x1067.jpg 768w, https:\/\/rdm.no\/wp-content\/uploads\/2020\/08\/Njalla-Postkort-1106x1536.jpg 1106w, https:\/\/rdm.no\/wp-content\/uploads\/2020\/08\/Njalla-Postkort-1475x2048.jpg 1475w, https:\/\/rdm.no\/wp-content\/uploads\/2020\/08\/Njalla-Postkort.jpg 1633w\" sizes=\"auto, (max-width: 216px) 100vw, 216px\" \/>    <figcaption class=\"caption wp-caption-text\"><strong>Njalla, a<\/strong><strong>\u00a0small storehouse in a postcard from the 1990s. In the Outdoor museum one can see the restoration of the storhouse.<\/strong><\/figcaption>\n<\/figure>\n<h2><strong>THE OUTDOOR MUSEUM<\/strong><\/h2>\n<p>&nbsp;<\/p>\n<div class=\"o9v6fnle cxmmr5t8 oygrvhab hcukyx3x c1et5uql ii04i59q\">\n<div dir=\"ltr\">Welcome to the Outdoor Museum!<\/div>\n<\/div>\n<h4>For group reservations, please take contact:<a href=\"mailto:post@rdm.no\"> post@rdm.no<\/a>\u00a0 or call:+47 784 69 950 \/ +47 406 11 82<\/h4>\n<p>&nbsp;<\/p>\n<h4>For museum tours for groups outside regular opening hours, please, contact for an arrangement. Welcome!<\/h4>\n<p>&nbsp;<\/p>\n<p>For groups with an old agreement and bookings, the old prices will stay until 1. October.<\/p>\n<p><a href=\"https:\/\/www.google.no\/maps\/dir\/\/S%C3%A1miid+Vuork%C3%A1-D%C3%A1vvirat+%2F+The+Sami+Collections,+Mari+Boine+Geaidnu+17,+9730+Karasjok\/@69.4734139,25.517879,17z\/data=!4m8!4m7!1m0!1m5!1m1!1s0x45ce82672cf2cf1f:0xa5fb4e971f3853!2m2!1d25.520073!2d69.473412\">You can find us here<\/a> (link)<\/p>\n<p><a href=\"https:\/\/www.google.no\/maps\/dir\/Sapmi+Park,+Leavnnjageaidnu,+Karasjok\/S\u00e1miid+Vuork\u00e1-D\u00e1vvirat+%2F+The+Sami+Collections,+Mari+Boine+Geaidnu+17,+9730+Karasjok\/@69.47398,25.5080525,16z\/data=!3m1!4b1!4m13!4m12!1m5!1m1!1s0x45ce825a3aea67a7:0xc4dbac76ee71bd8f!2m2!1d25.505276!2d69.4729491!1m5!1m1!1s0x45ce82672cf2cf1f:0xa5fb4e971f3853!2m2!1d25.520073!2d69.473412\">We are just a couple of minuts to walk from S\u00e1pmi park!<\/a><\/p>\n","protected":false},"excerpt":{"rendered":"<p>The S\u00e1mi Museum in Karasjok was established in 1972 as the first S\u00e1mi cultural institution in Norway. The museum has over 5,000 objects in the collections. This is the largest museum collection representing S\u00e1mi cultural history in Norway. The museum consists of a main building with exhibitions and magazines as well as an open-air museum.<\/p>\n","protected":false},"author":7,"featured_media":5954,"parent":0,"menu_order":0,"comment_status":"closed","ping_status":"closed","template":"","meta":{"_acf_changed":false,"footnotes":""},"class_list":["post-6318","page","type-page","status-publish","has-post-thumbnail","hentry"],"acf":[],"_links":{"self":[{"href":"https:\/\/rdm.no\/en\/wp-json\/wp\/v2\/pages\/6318","targetHints":{"allow":["GET"]}}],"collection":[{"href":"https:\/\/rdm.no\/en\/wp-json\/wp\/v2\/pages"}],"about":[{"href":"https:\/\/rdm.no\/en\/wp-json\/wp\/v2\/types\/page"}],"author":[{"embeddable":true,"href":"https:\/\/rdm.no\/en\/wp-json\/wp\/v2\/users\/7"}],"replies":[{"embeddable":true,"href":"https:\/\/rdm.no\/en\/wp-json\/wp\/v2\/comments?post=6318"}],"version-history":[{"count":0,"href":"https:\/\/rdm.no\/en\/wp-json\/wp\/v2\/pages\/6318\/revisions"}],"wp:featuredmedia":[{"embeddable":true,"href":"https:\/\/rdm.no\/en\/wp-json\/wp\/v2\/media\/5954"}],"wp:attachment":[{"href":"https:\/\/rdm.no\/en\/wp-json\/wp\/v2\/media?parent=6318"}],"curies":[{"name":"wp","href":"https:\/\/api.w.org\/{rel}","templated":true}]}}