{"id":6294,"date":"2016-02-16T10:43:24","date_gmt":"2016-02-16T09:43:24","guid":{"rendered":"https:\/\/rdm.no\/kokelv_sjosamiske_museum\/"},"modified":"2025-02-21T13:21:14","modified_gmt":"2025-02-21T12:21:14","slug":"kokelv_sjosamiske_museum","status":"publish","type":"page","link":"https:\/\/rdm.no\/en\/kokelv_sjosamiske_museum\/","title":{"rendered":"J\u00e1hkovuona mearras\u00e1mi musea \u2013 Kokelv sea S\u00e1mi museum"},"content":{"rendered":"<p>Kokelv sea s\u00e1mi museum consist of a genuine sea s\u00e1mi farm, with a house, barn and outhouse, and has a view of the beach where we have a new big boathouse and one third of an old boathouse. This is where we keep our boat collection.<\/p>\n<p><img loading=\"lazy\" decoding=\"async\" class=\"size-full wp-image-10057\" src=\"https:\/\/rdm.no\/wp-content\/uploads\/2022\/05\/DJI_0088-HDR-1-scaled.jpg\" alt=\"Nillag\u00e5rden, hvitt bolighus, r\u00f8d fj\u00f8s og uthus. I bakgrunnen en annen g\u00e5rd, en rekke r\u00f8de naust og fjord og fjell. Fint v\u00e6r\" width=\"2560\" height=\"1543\" srcset=\"https:\/\/rdm.no\/wp-content\/uploads\/2022\/05\/DJI_0088-HDR-1-scaled.jpg 2560w, https:\/\/rdm.no\/wp-content\/uploads\/2022\/05\/DJI_0088-HDR-1-300x181.jpg 300w, https:\/\/rdm.no\/wp-content\/uploads\/2022\/05\/DJI_0088-HDR-1-1024x617.jpg 1024w, https:\/\/rdm.no\/wp-content\/uploads\/2022\/05\/DJI_0088-HDR-1-768x463.jpg 768w, https:\/\/rdm.no\/wp-content\/uploads\/2022\/05\/DJI_0088-HDR-1-1536x926.jpg 1536w, https:\/\/rdm.no\/wp-content\/uploads\/2022\/05\/DJI_0088-HDR-1-2048x1234.jpg 2048w\" sizes=\"auto, (max-width: 2560px) 100vw, 2560px\" \/><\/p>\n<p><strong>We&#8217;re open!<br \/>\n<\/strong>Our museum is open from Juni 14th-August 14th, and we welcome guests tuesday-sunday, 11am-5pm<br \/>\nAddress: Kokelvveien 55, 9715 Kokelv<br \/>\nWelcome!<\/p>\n<p><strong>Ticket prices:<\/strong><br \/>\n<span style=\"font-size: 1rem;\">Adults: NOK 50<br \/>\n<\/span><span style=\"font-size: 1rem;\">Children under 15 years old: Free<br \/>\n<\/span><span style=\"font-size: 1rem;\">Groups over 10 persons:\u00a0 NOK 40 per person<\/span><\/p>\n<p><img loading=\"lazy\" decoding=\"async\" class=\"alignnone size-full wp-image-10060\" src=\"https:\/\/rdm.no\/wp-content\/uploads\/2022\/05\/DJI_0979-HDRutsnitt-scaled.jpg\" alt=\"Dronebilde over kokelv, man ser bebyggelsen, og museet nederst til venstre. sommerbilde, sol, fjord, fj\u00e6ra\" width=\"2560\" height=\"1525\" srcset=\"https:\/\/rdm.no\/wp-content\/uploads\/2022\/05\/DJI_0979-HDRutsnitt-scaled.jpg 2560w, https:\/\/rdm.no\/wp-content\/uploads\/2022\/05\/DJI_0979-HDRutsnitt-300x179.jpg 300w, https:\/\/rdm.no\/wp-content\/uploads\/2022\/05\/DJI_0979-HDRutsnitt-1024x610.jpg 1024w, https:\/\/rdm.no\/wp-content\/uploads\/2022\/05\/DJI_0979-HDRutsnitt-768x457.jpg 768w, https:\/\/rdm.no\/wp-content\/uploads\/2022\/05\/DJI_0979-HDRutsnitt-1536x915.jpg 1536w, https:\/\/rdm.no\/wp-content\/uploads\/2022\/05\/DJI_0979-HDRutsnitt-2048x1220.jpg 2048w\" sizes=\"auto, (max-width: 2560px) 100vw, 2560px\" \/><\/p>\n<p><strong>Only open during the summer season<br \/>\n<\/strong>Our museum has normal opening hours only in the summer season, from the middle of june til mid august. It is still possible to visit the museum ourside the summer season, but you have to contact the museum leader beforehand.<\/p>\n<p><strong>We are on Instagram!<\/strong><br \/>\nCheck us out on <a href=\"https:\/\/www.instagram.com\/kokelvsjosamiskemuseum\">Instragram<\/a>, where we post museum objects, pictures from the museum, and interesting projects!<\/p>\n<p>Watch this drone video of Kokelv and our museum from the air:<\/p>\n<div>\n<div class=\"entry-content-asset\">\n    <iframe loading=\"lazy\" title=\"Kokelv Sj\u00f8samiske Museum fra lufta\" width=\"500\" height=\"281\" src=\"https:\/\/www.youtube.com\/embed\/a8j1EC_OSpc?feature=oembed\" frameborder=\"0\" allow=\"accelerometer; autoplay; clipboard-write; encrypted-media; gyroscope; picture-in-picture; web-share\" referrerpolicy=\"strict-origin-when-cross-origin\" allowfullscreen><\/iframe><\/div>\n<\/div>\n<p>&nbsp;<\/p>\n","protected":false},"excerpt":{"rendered":"<p>Welcome to our museum!<\/p>\n","protected":false},"author":7,"featured_media":10077,"parent":0,"menu_order":0,"comment_status":"closed","ping_status":"closed","template":"","meta":{"_acf_changed":false,"footnotes":""},"class_list":["post-6294","page","type-page","status-publish","has-post-thumbnail","hentry"],"acf":[],"_links":{"self":[{"href":"https:\/\/rdm.no\/en\/wp-json\/wp\/v2\/pages\/6294","targetHints":{"allow":["GET"]}}],"collection":[{"href":"https:\/\/rdm.no\/en\/wp-json\/wp\/v2\/pages"}],"about":[{"href":"https:\/\/rdm.no\/en\/wp-json\/wp\/v2\/types\/page"}],"author":[{"embeddable":true,"href":"https:\/\/rdm.no\/en\/wp-json\/wp\/v2\/users\/7"}],"replies":[{"embeddable":true,"href":"https:\/\/rdm.no\/en\/wp-json\/wp\/v2\/comments?post=6294"}],"version-history":[{"count":0,"href":"https:\/\/rdm.no\/en\/wp-json\/wp\/v2\/pages\/6294\/revisions"}],"wp:featuredmedia":[{"embeddable":true,"href":"https:\/\/rdm.no\/en\/wp-json\/wp\/v2\/media\/10077"}],"wp:attachment":[{"href":"https:\/\/rdm.no\/en\/wp-json\/wp\/v2\/media?parent=6294"}],"curies":[{"name":"wp","href":"https:\/\/api.w.org\/{rel}","templated":true}]}}