{"id":12921,"date":"2016-02-16T10:54:19","date_gmt":"2016-02-16T09:54:19","guid":{"rendered":"https:\/\/rdm.no\/kokelv_sjosamiske_museum\/bildegalleri\/"},"modified":"2025-02-21T12:02:41","modified_gmt":"2025-02-21T11:02:41","slug":"bildegalleri","status":"publish","type":"page","link":"https:\/\/rdm.no\/en\/kokelv_sjosamiske_museum\/bildegalleri\/","title":{"rendered":"Photo gallery"},"content":{"rendered":"<div id='gallery-1' class='gallery galleryid-12921 gallery-columns-1 gallery-size-full'><dl class='gallery-item'>\n\t\t\t<dt class='gallery-icon landscape'>\n\t\t\t\t<a href='https:\/\/rdm.no\/en\/img_20190819_112958-jpg-2\/'><img loading=\"lazy\" decoding=\"async\" width=\"2330\" height=\"1748\" src=\"https:\/\/rdm.no\/wp-content\/uploads\/2019\/12\/img_20190819_112958.jpg\" class=\"attachment-full size-full\" alt=\"Gule sm\u00f8rblomster i forgrunn. Nordlandsb\u00e5t og en rekke r\u00f8de naust p\u00e5 stranda i Kokelv i bakgrunnen. Sol og bl\u00e5 himmel.\" srcset=\"https:\/\/rdm.no\/wp-content\/uploads\/2019\/12\/img_20190819_112958.jpg 2330w, https:\/\/rdm.no\/wp-content\/uploads\/2019\/12\/img_20190819_112958-300x225.jpg 300w, https:\/\/rdm.no\/wp-content\/uploads\/2019\/12\/img_20190819_112958-768x576.jpg 768w, https:\/\/rdm.no\/wp-content\/uploads\/2019\/12\/img_20190819_112958-1024x768.jpg 1024w\" sizes=\"auto, (max-width: 2330px) 100vw, 2330px\" \/><\/a>\n\t\t\t<\/dt><\/dl><br style=\"clear: both\" \/><dl class='gallery-item'>\n\t\t\t<dt class='gallery-icon portrait'>\n\t\t\t\t<a href='https:\/\/rdm.no\/en\/kokelv_sjosamiske_museum\/bildegalleri\/fiskegarnsamling_13d-2\/'><img loading=\"lazy\" decoding=\"async\" width=\"1707\" height=\"2560\" src=\"https:\/\/rdm.no\/wp-content\/uploads\/2020\/01\/Fiskegarnsamling_13d.jpg\" class=\"attachment-full size-full\" alt=\"Glasskavler med garnbinding henger i fokus, med fjell og b\u00e5l himmel i bakgrunnen.\" \/><\/a>\n\t\t\t<\/dt><\/dl><br style=\"clear: both\" \/>\n\t\t<\/div>\n\n","protected":false},"excerpt":{"rendered":"","protected":false},"author":7,"featured_media":0,"parent":6294,"menu_order":0,"comment_status":"closed","ping_status":"closed","template":"","meta":{"_acf_changed":false,"footnotes":""},"class_list":["post-12921","page","type-page","status-publish","hentry"],"acf":[],"_links":{"self":[{"href":"https:\/\/rdm.no\/en\/wp-json\/wp\/v2\/pages\/12921","targetHints":{"allow":["GET"]}}],"collection":[{"href":"https:\/\/rdm.no\/en\/wp-json\/wp\/v2\/pages"}],"about":[{"href":"https:\/\/rdm.no\/en\/wp-json\/wp\/v2\/types\/page"}],"author":[{"embeddable":true,"href":"https:\/\/rdm.no\/en\/wp-json\/wp\/v2\/users\/7"}],"replies":[{"embeddable":true,"href":"https:\/\/rdm.no\/en\/wp-json\/wp\/v2\/comments?post=12921"}],"version-history":[{"count":0,"href":"https:\/\/rdm.no\/en\/wp-json\/wp\/v2\/pages\/12921\/revisions"}],"up":[{"embeddable":true,"href":"https:\/\/rdm.no\/en\/wp-json\/wp\/v2\/pages\/6294"}],"wp:attachment":[{"href":"https:\/\/rdm.no\/en\/wp-json\/wp\/v2\/media?parent=12921"}],"curies":[{"name":"wp","href":"https:\/\/api.w.org\/{rel}","templated":true}]}}